{"id":5698,"date":"2024-02-29T14:55:12","date_gmt":"2024-02-29T13:55:12","guid":{"rendered":"https:\/\/lyonprivatetours.com\/?post_type=product&#038;p=5698"},"modified":"2026-02-20T11:10:15","modified_gmt":"2026-02-20T10:10:15","slug":"annecy-perouges-full-day","status":"publish","type":"product","link":"https:\/\/lyonprivatetours.com\/fr\/product\/annecy-perouges-full-day\/","title":{"rendered":"Annecy et P\u00e9rouges \u2013 journ\u00e9e compl\u00e8te"},"content":{"rendered":"<p>Au d\u00e9part de Lyon, nous allons d&#039;abord \u00e0 P\u00e9rouges, un petit village m\u00e9di\u00e9val, surplombant les plaines. Rapide visite \u00e0 pied de la vieille ville, avec ses vieilles maisons, remparts, les \u00e9glises et les auberges. Puis nous nous dirigeons vers Annecy \u00e0 travers le Bugey, une r\u00e9gion de lacs et de montagnes. La route est spectaculaire, avec le haut viaduc de Nantua offrant une vue imprenable sur les lacs et les vieilles industries de la vall\u00e9e. Une fois \u00e0 Annecy, d\u00e9jeuner libre (non inclus), une courte visite guid\u00e9e de la vieille ville, o\u00f9 les anciens canaux de la grande tradition savoyarde b\u00e2timents. Apr\u00e8s, c&#039;est une comment\u00e9 d&#039;une heure de croisi\u00e8re sur le lac d&#039;Annecy, d&#039;o\u00f9 vous pourrez admirer les ch\u00e2teaux et les montagnes environnantes. De retour \u00e0 Lyon \u00e0 la fin de la journ\u00e9e.<\/p>\n<ul class=\"trx_addons_list_success\">\n<li>P\u00e9rouges, cit\u00e9 m\u00e9di\u00e9vale et l&#039;un des plus beaux villages de France<\/li>\n<li>Visite de la ville d&#039;Annecy, la petite Venise des Alpes<\/li>\n<li>Le lac d&#039;Annecy, le lac le plus pur des Alpes<\/li>\n<\/ul>\n<table summary=\"Info\" cellspacing=\"0\">\n<tbody>\n<tr>\n<td>Inclus<\/td>\n<td>Lake cruise \/ Private guide and driver<\/td>\n<\/tr>\n<tr>\n<td>Dur\u00e9e<\/td>\n<td>9:00<\/td>\n<\/tr>\n<tr>\n<td>Les Participants<\/td>\n<td>Up to 6 people &#8211; <a href=\"https:\/\/lyonprivatetours.com\/fr\/contacts\/\">Demandez pour plus d&#039;<\/a><\/td>\n<\/tr>\n<tr>\n<td>Langues<\/td>\n<td>L&#039;anglais ou le fran\u00e7ais \u2013 <a href=\"https:\/\/lyonprivatetours.com\/fr\/contacts\/\">Demander \u00e0 d&#039;autres de la tourn\u00e9e de la langue<\/a><\/td>\n<\/tr>\n<tr>\n<td>V\u00e9hicule<\/td>\n<td><a href=\"https:\/\/lyonprivatetours.com\/fr\/contacts\/\">7 Seats Peugeot 5008 Allure Hybrid &#8211; <\/a><a href=\"https:\/\/lyonprivatetours.com\/fr\/contacts\/\">Besoin d'un plus grand v\u00e9hicule ? Demandez-nous un devis<\/a><\/td>\n<\/tr>\n<\/tbody>\n<\/table>","protected":false},"excerpt":{"rendered":"<p>Au d\u00e9part de Lyon, nous allons d&#039;abord \u00e0 Perouges, un petit village m\u00e9di\u00e9val, surplombant les plaines. Rapide visite \u00e0 pied de la vieille ville, avec ses vieilles maisons, remparts, les \u00e9glises et les auberges. Puis nous nous dirigeons vers Annecy \u00e0 travers le Bugey, une r\u00e9gion de lacs et de montagnes.<\/p>\n<p><strong>Up to 6 people &#8211; 30\u20ac\/person for the lake cruise!<\/strong><\/p>\n<table>\n<tbody>\n<tr>\n<td>V\u00e9hicule<\/td>\n<td>7 Seats Peugeot 5008 Allure Hybrid &#8211; <a href=\"https:\/\/lyonprivatetours.com\/fr\/contacts\/\">Besoin d'un plus grand v\u00e9hicule ? Demandez-nous un devis<\/a><\/td>\n<\/tr>\n<\/tbody>\n<\/table>\n<table>\n<tbody>\n<tr>\n<td><\/td>\n<td><\/td>\n<\/tr>\n<\/tbody>\n<\/table>","protected":false},"featured_media":6347,"comment_status":"open","ping_status":"closed","template":"","meta":{"rs_blank_template":"","rs_page_bg_color":"","slide_template_v7":""},"product_brand":[],"product_cat":[73,74],"product_tag":[],"class_list":{"0":"post-5698","1":"product","2":"type-product","3":"status-publish","4":"has-post-thumbnail","6":"product_cat-annecy","7":"product_cat-perouges","9":"first","10":"instock","11":"virtual","12":"purchasable","13":"product-type-appointment"},"exclude_global_add_ons":false,"addons":[{"name":"Nombre de personnes","type":"multiple_choice","position":0,"required":true,"title_format":"label","default":"","description_enable":false,"description":"","placeholder_enable":false,"placeholder":"","display":"select","restrictions_type":"any_text","adjust_price":false,"price":"","price_type":"flat_fee","restrictions":false,"min":"0","max":"0","options":[{"label":"1","price":"30","price_type":"flat_fee","image":0,"visibility":true},{"label":"2","price":"60","price_type":"flat_fee","image":0,"visibility":true},{"label":"3","price":"90","price_type":"flat_fee","image":0,"visibility":true},{"label":"4","price":"120","price_type":"flat_fee","image":0,"visibility":true},{"label":"5","price":"150","price_type":"flat_fee","image":0,"visibility":true},{"label":"6","price":"180","price_type":"flat_fee","image":0,"visibility":true}],"id":1713792419},{"name":"Language pr\u00e9f\u00e9r\u00e9","type":"custom_text","position":1,"required":true,"title_format":"label","default":"","description_enable":false,"description":"","placeholder_enable":false,"placeholder":"","display":"select","restrictions_type":"any_text","adjust_price":false,"price":"","price_type":"flat_fee","restrictions":false,"min":"0","max":"0","options":[],"id":1713792420},{"name":"Meeting Point","type":"custom_text","position":2,"required":false,"title_format":"label","default":"","description_enable":false,"description":"","placeholder_enable":false,"placeholder":"","display":"select","restrictions_type":"any_text","adjust_price":false,"price":"","price_type":"flat_fee","restrictions":false,"min":"0","max":"0","options":[],"id":1717685701}],"yoast_head":"<!-- This site is optimized with the Yoast SEO Premium plugin v26.7 (Yoast SEO v27.2) - https:\/\/yoast.com\/product\/yoast-seo-premium-wordpress\/ -->\n<title>Annecy &amp; P\u00e9rouges \u2013 Full day - Lyon Private Tours<\/title>\n<meta name=\"description\" content=\"Departing from Lyon, this tour begins at P\u00e9rouges, a small medieval village overlooking the plains. Then, we head toward Annecy through le Bugey...\" \/>\n<meta name=\"robots\" content=\"index, follow, max-snippet:-1, max-image-preview:large, max-video-preview:-1\" \/>\n<link rel=\"canonical\" href=\"https:\/\/lyonprivatetours.com\/fr\/produit\/annecy-perouges-full-day\/\" \/>\n<meta property=\"og:locale\" content=\"fr_FR\" \/>\n<meta property=\"og:type\" content=\"article\" \/>\n<meta property=\"og:title\" content=\"Annecy &amp; P\u00e9rouges \u2013 Full day\" \/>\n<meta property=\"og:description\" content=\"Departing from Lyon, this tour begins at P\u00e9rouges, a small medieval village overlooking the plains. Then, we head toward Annecy through le Bugey...\" \/>\n<meta property=\"og:url\" content=\"https:\/\/lyonprivatetours.com\/fr\/produit\/annecy-perouges-full-day\/\" \/>\n<meta property=\"og:site_name\" content=\"Lyon Private Tours\" \/>\n<meta property=\"article:modified_time\" content=\"2026-02-20T10:10:15+00:00\" \/>\n<meta property=\"og:image\" content=\"https:\/\/lyonprivatetours.com\/wp-content\/uploads\/2019\/02\/Main-Pic-scaled.jpg\" \/>\n\t<meta property=\"og:image:width\" content=\"2560\" \/>\n\t<meta property=\"og:image:height\" content=\"1920\" \/>\n\t<meta property=\"og:image:type\" content=\"image\/jpeg\" \/>\n<meta name=\"twitter:card\" content=\"summary_large_image\" \/>\n<meta name=\"twitter:label1\" content=\"Dur\u00e9e de lecture estim\u00e9e\" \/>\n\t<meta name=\"twitter:data1\" content=\"2 minutes\" \/>\n<script type=\"application\/ld+json\" class=\"yoast-schema-graph\">{\"@context\":\"https:\/\/schema.org\",\"@graph\":[{\"@type\":\"WebPage\",\"@id\":\"https:\/\/lyonprivatetours.com\/product\/annecy-perouges-full-day\/\",\"url\":\"https:\/\/lyonprivatetours.com\/product\/annecy-perouges-full-day\/\",\"name\":\"Annecy & P\u00e9rouges \u2013 Full day - Lyon Private Tours\",\"isPartOf\":{\"@id\":\"https:\/\/lyonprivatetours.com\/fr\/#website\"},\"primaryImageOfPage\":{\"@id\":\"https:\/\/lyonprivatetours.com\/product\/annecy-perouges-full-day\/#primaryimage\"},\"image\":{\"@id\":\"https:\/\/lyonprivatetours.com\/product\/annecy-perouges-full-day\/#primaryimage\"},\"thumbnailUrl\":\"https:\/\/lyonprivatetours.com\/wp-content\/uploads\/2019\/02\/Main-Pic-scaled.jpg\",\"datePublished\":\"2024-02-29T13:55:12+00:00\",\"dateModified\":\"2026-02-20T10:10:15+00:00\",\"description\":\"Departing from Lyon, this tour begins at P\u00e9rouges, a small medieval village overlooking the plains. Then, we head toward Annecy through le Bugey...\",\"breadcrumb\":{\"@id\":\"https:\/\/lyonprivatetours.com\/product\/annecy-perouges-full-day\/#breadcrumb\"},\"inLanguage\":\"fr-FR\",\"potentialAction\":[{\"@type\":\"ReadAction\",\"target\":[\"https:\/\/lyonprivatetours.com\/product\/annecy-perouges-full-day\/\"]}]},{\"@type\":\"ImageObject\",\"inLanguage\":\"fr-FR\",\"@id\":\"https:\/\/lyonprivatetours.com\/product\/annecy-perouges-full-day\/#primaryimage\",\"url\":\"https:\/\/lyonprivatetours.com\/wp-content\/uploads\/2019\/02\/Main-Pic-scaled.jpg\",\"contentUrl\":\"https:\/\/lyonprivatetours.com\/wp-content\/uploads\/2019\/02\/Main-Pic-scaled.jpg\",\"width\":2560,\"height\":1920,\"caption\":\"Annecy tour\"},{\"@type\":\"BreadcrumbList\",\"@id\":\"https:\/\/lyonprivatetours.com\/product\/annecy-perouges-full-day\/#breadcrumb\",\"itemListElement\":[{\"@type\":\"ListItem\",\"position\":1,\"name\":\"Accueil\",\"item\":\"https:\/\/lyonprivatetours.com\/fr\/\"},{\"@type\":\"ListItem\",\"position\":2,\"name\":\"Book A Tour From Lyon\",\"item\":\"https:\/\/lyonprivatetours.com\/shop\/\"},{\"@type\":\"ListItem\",\"position\":3,\"name\":\"Annecy &#038; P\u00e9rouges \u2013 Full day\"}]},{\"@type\":\"WebSite\",\"@id\":\"https:\/\/lyonprivatetours.com\/fr\/#website\",\"url\":\"https:\/\/lyonprivatetours.com\/fr\/\",\"name\":\"Lyon Private Tours\",\"description\":\"Tours From Lyon\",\"publisher\":{\"@id\":\"https:\/\/lyonprivatetours.com\/fr\/#organization\"},\"potentialAction\":[{\"@type\":\"SearchAction\",\"target\":{\"@type\":\"EntryPoint\",\"urlTemplate\":\"https:\/\/lyonprivatetours.com\/fr\/?s={search_term_string}\"},\"query-input\":{\"@type\":\"PropertyValueSpecification\",\"valueRequired\":true,\"valueName\":\"search_term_string\"}}],\"inLanguage\":\"fr-FR\"},{\"@type\":\"Organization\",\"@id\":\"https:\/\/lyonprivatetours.com\/fr\/#organization\",\"name\":\"Lyon Private Tours\",\"url\":\"https:\/\/lyonprivatetours.com\/fr\/\",\"logo\":{\"@type\":\"ImageObject\",\"inLanguage\":\"fr-FR\",\"@id\":\"https:\/\/lyonprivatetours.com\/fr\/#\/schema\/logo\/image\/\",\"url\":\"https:\/\/lyonprivatetours.com\/wp-content\/uploads\/2024\/02\/Lyon-Private-Tours-logo.jpg\",\"contentUrl\":\"https:\/\/lyonprivatetours.com\/wp-content\/uploads\/2024\/02\/Lyon-Private-Tours-logo.jpg\",\"width\":1080,\"height\":1080,\"caption\":\"Lyon Private Tours\"},\"image\":{\"@id\":\"https:\/\/lyonprivatetours.com\/fr\/#\/schema\/logo\/image\/\"}}]}<\/script>\n<!-- \/ Yoast SEO Premium plugin. -->","yoast_head_json":{"title":"Annecy & P\u00e9rouges \u2013 Full day - Lyon Private Tours","description":"Departing from Lyon, this tour begins at P\u00e9rouges, a small medieval village overlooking the plains. Then, we head toward Annecy through le Bugey...","robots":{"index":"index","follow":"follow","max-snippet":"max-snippet:-1","max-image-preview":"max-image-preview:large","max-video-preview":"max-video-preview:-1"},"canonical":"https:\/\/lyonprivatetours.com\/fr\/produit\/annecy-perouges-full-day\/","og_locale":"fr_FR","og_type":"article","og_title":"Annecy & P\u00e9rouges \u2013 Full day","og_description":"Departing from Lyon, this tour begins at P\u00e9rouges, a small medieval village overlooking the plains. Then, we head toward Annecy through le Bugey...","og_url":"https:\/\/lyonprivatetours.com\/fr\/produit\/annecy-perouges-full-day\/","og_site_name":"Lyon Private Tours","article_modified_time":"2026-02-20T10:10:15+00:00","og_image":[{"width":2560,"height":1920,"url":"https:\/\/lyonprivatetours.com\/wp-content\/uploads\/2019\/02\/Main-Pic-scaled.jpg","type":"image\/jpeg"}],"twitter_card":"summary_large_image","twitter_misc":{"Dur\u00e9e de lecture estim\u00e9e":"2 minutes"},"schema":{"@context":"https:\/\/schema.org","@graph":[{"@type":"WebPage","@id":"https:\/\/lyonprivatetours.com\/product\/annecy-perouges-full-day\/","url":"https:\/\/lyonprivatetours.com\/product\/annecy-perouges-full-day\/","name":"Annecy & P\u00e9rouges \u2013 Full day - Lyon Private Tours","isPartOf":{"@id":"https:\/\/lyonprivatetours.com\/fr\/#website"},"primaryImageOfPage":{"@id":"https:\/\/lyonprivatetours.com\/product\/annecy-perouges-full-day\/#primaryimage"},"image":{"@id":"https:\/\/lyonprivatetours.com\/product\/annecy-perouges-full-day\/#primaryimage"},"thumbnailUrl":"https:\/\/lyonprivatetours.com\/wp-content\/uploads\/2019\/02\/Main-Pic-scaled.jpg","datePublished":"2024-02-29T13:55:12+00:00","dateModified":"2026-02-20T10:10:15+00:00","description":"Departing from Lyon, this tour begins at P\u00e9rouges, a small medieval village overlooking the plains. Then, we head toward Annecy through le Bugey...","breadcrumb":{"@id":"https:\/\/lyonprivatetours.com\/product\/annecy-perouges-full-day\/#breadcrumb"},"inLanguage":"fr-FR","potentialAction":[{"@type":"ReadAction","target":["https:\/\/lyonprivatetours.com\/product\/annecy-perouges-full-day\/"]}]},{"@type":"ImageObject","inLanguage":"fr-FR","@id":"https:\/\/lyonprivatetours.com\/product\/annecy-perouges-full-day\/#primaryimage","url":"https:\/\/lyonprivatetours.com\/wp-content\/uploads\/2019\/02\/Main-Pic-scaled.jpg","contentUrl":"https:\/\/lyonprivatetours.com\/wp-content\/uploads\/2019\/02\/Main-Pic-scaled.jpg","width":2560,"height":1920,"caption":"Annecy tour"},{"@type":"BreadcrumbList","@id":"https:\/\/lyonprivatetours.com\/product\/annecy-perouges-full-day\/#breadcrumb","itemListElement":[{"@type":"ListItem","position":1,"name":"Accueil","item":"https:\/\/lyonprivatetours.com\/fr\/"},{"@type":"ListItem","position":2,"name":"Book A Tour From Lyon","item":"https:\/\/lyonprivatetours.com\/shop\/"},{"@type":"ListItem","position":3,"name":"Annecy &#038; P\u00e9rouges \u2013 Full day"}]},{"@type":"WebSite","@id":"https:\/\/lyonprivatetours.com\/fr\/#website","url":"https:\/\/lyonprivatetours.com\/fr\/","name":"Lyon Private Tours","description":"Tours From Lyon","publisher":{"@id":"https:\/\/lyonprivatetours.com\/fr\/#organization"},"potentialAction":[{"@type":"SearchAction","target":{"@type":"EntryPoint","urlTemplate":"https:\/\/lyonprivatetours.com\/fr\/?s={search_term_string}"},"query-input":{"@type":"PropertyValueSpecification","valueRequired":true,"valueName":"search_term_string"}}],"inLanguage":"fr-FR"},{"@type":"Organization","@id":"https:\/\/lyonprivatetours.com\/fr\/#organization","name":"Lyon Private Tours","url":"https:\/\/lyonprivatetours.com\/fr\/","logo":{"@type":"ImageObject","inLanguage":"fr-FR","@id":"https:\/\/lyonprivatetours.com\/fr\/#\/schema\/logo\/image\/","url":"https:\/\/lyonprivatetours.com\/wp-content\/uploads\/2024\/02\/Lyon-Private-Tours-logo.jpg","contentUrl":"https:\/\/lyonprivatetours.com\/wp-content\/uploads\/2024\/02\/Lyon-Private-Tours-logo.jpg","width":1080,"height":1080,"caption":"Lyon Private Tours"},"image":{"@id":"https:\/\/lyonprivatetours.com\/fr\/#\/schema\/logo\/image\/"}}]}},"_links":{"self":[{"href":"https:\/\/lyonprivatetours.com\/fr\/wp-json\/wp\/v2\/product\/5698","targetHints":{"allow":["GET"]}}],"collection":[{"href":"https:\/\/lyonprivatetours.com\/fr\/wp-json\/wp\/v2\/product"}],"about":[{"href":"https:\/\/lyonprivatetours.com\/fr\/wp-json\/wp\/v2\/types\/product"}],"replies":[{"embeddable":true,"href":"https:\/\/lyonprivatetours.com\/fr\/wp-json\/wp\/v2\/comments?post=5698"}],"wp:featuredmedia":[{"embeddable":true,"href":"https:\/\/lyonprivatetours.com\/fr\/wp-json\/wp\/v2\/media\/6347"}],"wp:attachment":[{"href":"https:\/\/lyonprivatetours.com\/fr\/wp-json\/wp\/v2\/media?parent=5698"}],"wp:term":[{"taxonomy":"product_brand","embeddable":true,"href":"https:\/\/lyonprivatetours.com\/fr\/wp-json\/wp\/v2\/product_brand?post=5698"},{"taxonomy":"product_cat","embeddable":true,"href":"https:\/\/lyonprivatetours.com\/fr\/wp-json\/wp\/v2\/product_cat?post=5698"},{"taxonomy":"product_tag","embeddable":true,"href":"https:\/\/lyonprivatetours.com\/fr\/wp-json\/wp\/v2\/product_tag?post=5698"}],"curies":[{"name":"wp","href":"https:\/\/api.w.org\/{rel}","templated":true}]}}