{"id":5700,"date":"2024-02-29T15:01:50","date_gmt":"2024-02-29T14:01:50","guid":{"rendered":"https:\/\/lyonprivatetours.com\/?post_type=product&#038;p=5700"},"modified":"2025-03-24T21:46:34","modified_gmt":"2025-03-24T20:46:34","slug":"beaujolais-crus-and-macon-wine-tour-half-day","status":"publish","type":"product","link":"https:\/\/lyonprivatetours.com\/fr\/product\/beaujolais-crus-and-macon-wine-tour-half-day\/","title":{"rendered":"Route des vins du Beaujolais et M\u00e2con \u2013 Demi-journ\u00e9e"},"content":{"rendered":"<div class=\"short-description\">\n<div class=\"std\">\n<p>Depuis Lyon, d\u00e9couvrez les grands vins des Crus du Nord du Beaujolais (Fleurie, Julienas, Brouilly\u2026) et ceux de la Bourgogne du Sud (Pouilly-Fuissi\u00e9, Saint-V\u00e9ran\u2026). Ces deux r\u00e9gions viticoles voisines vous proposent des Crus r\u00e9put\u00e9s autour des deux c\u00e9pages locaux que sont le Gamay et le Chardonnay.<\/p>\n<ul class=\"trx_addons_list_success\">\n<li>D\u00e9gustation de plusieurs vins du maconnais<\/li>\n<li>La \" Roche de Solutre\u2019, la montagne sacr\u00e9e du sud Bourgogne<\/li>\n<li>D\u00e9gustation de plusieurs crus du Beaujolais<\/li>\n<\/ul>\n<table summary=\"Info\" cellspacing=\"0\">\n<tbody>\n<tr>\n<td>Inclus<\/td>\n<td>Visite guid\u00e9e avec un guide-conf\u00e9rencier<\/td>\n<\/tr>\n<tr>\n<td>Dur\u00e9e<\/td>\n<td>4:30<\/td>\n<\/tr>\n<tr>\n<td>Langue<\/td>\n<td>Anglais \/ Fran\u00e7ais \u2013 <a href=\"https:\/\/lyonprivatetours.com\/fr\/contacts\/\">Contactez-nous si vous souhaitez un autre language<\/a><\/td>\n<\/tr>\n<tr>\n<td>V\u00e9hicule<\/td>\n<td>7 Seats Peugeot 5008 Allure Hybrid &#8211; <a href=\"https:\/\/lyonprivatetours.com\/fr\/contacts\/\">Besoin d'un plus grand v\u00e9hicule ? Demandez-nous un devis<\/a><\/td>\n<\/tr>\n<\/tbody>\n<\/table>\n<\/div>\n<\/div>","protected":false},"excerpt":{"rendered":"<p>De Lyon, d\u00e9couvrir les grands vins du Nord de la Crus du Beaujolais (Fleurie, Julienas, Brouilly...) et ceux du Sud de la Bourgogne (Pouilly-Fuissi\u00e9, Saint-V\u00e9ran...).<\/p>\n<table summary=\"Info\" cellspacing=\"0\">\n<tbody>\n<tr>\n<td>7 Seats Peugeot 5008 Allure Hybrid &#8211; <a href=\"https:\/\/lyonprivatetours.com\/fr\/contacts\/\">Besoin d'un plus grand v\u00e9hicule ? Demandez-nous un devis<\/a><\/td>\n<\/tr>\n<\/tbody>\n<\/table>","protected":false},"featured_media":7739,"comment_status":"open","ping_status":"closed","template":"","meta":{"rs_blank_template":"","rs_page_bg_color":"","slide_template_v7":""},"product_brand":[],"product_cat":[75,76,77],"product_tag":[],"class_list":{"0":"post-5700","1":"product","2":"type-product","3":"status-publish","4":"has-post-thumbnail","6":"product_cat-beaujolais","7":"product_cat-macon","8":"product_cat-wine-tour","10":"first","11":"instock","12":"virtual","13":"purchasable","14":"product-type-appointment"},"exclude_global_add_ons":false,"addons":[{"name":"Nombre de personnes","type":"multiple_choice","position":0,"required":true,"title_format":"label","default":"","description_enable":true,"description":"<a href=\"https:\/\/lyonprivatetours.com\/fr\/contacts\/\">Demandez un devis pour plus de 4 personnes<\/a>","placeholder_enable":false,"placeholder":"","display":"select","restrictions_type":"any_text","adjust_price":false,"price":"","price_type":"flat_fee","restrictions":false,"min":"0","max":"0","options":[{"label":"1","price":"45","price_type":"flat_fee","image":0,"visibility":true},{"label":"2","price":"90","price_type":"flat_fee","image":0,"visibility":true},{"label":"3","price":"135","price_type":"flat_fee","image":0,"visibility":true},{"label":"4","price":"180","price_type":"flat_fee","image":0,"visibility":true}],"id":1713790770},{"name":"Language pr\u00e9f\u00e9r\u00e9","type":"custom_text","position":1,"required":true,"title_format":"label","default":"","description_enable":false,"description":"","placeholder_enable":false,"placeholder":"","display":"select","restrictions_type":"any_text","adjust_price":false,"price":"","price_type":"flat_fee","restrictions":false,"min":"0","max":"0","options":[],"id":1713790771},{"name":"Meeting Point","type":"custom_text","position":2,"required":false,"title_format":"label","default":"","description_enable":false,"description":"","placeholder_enable":false,"placeholder":"","display":"select","restrictions_type":"any_text","adjust_price":false,"price":"","price_type":"flat_fee","restrictions":false,"min":"0","max":"0","options":[],"id":1717685712}],"yoast_head":"<!-- This site is optimized with the Yoast SEO Premium plugin v26.7 (Yoast SEO v27.4) - https:\/\/yoast.com\/product\/yoast-seo-premium-wordpress\/ -->\n<title>Beaujolais Crus and Macon Wine tour - Half day - Lyon Private Tours<\/title>\n<meta name=\"description\" content=\"Embark on a captivating exploration of Beaujolais Crus and Macon wines on our half-day group tour with expert guidance...\" \/>\n<meta name=\"robots\" content=\"index, follow, max-snippet:-1, max-image-preview:large, max-video-preview:-1\" \/>\n<link rel=\"canonical\" href=\"https:\/\/lyonprivatetours.com\/fr\/produit\/beaujolais-crus-and-macon-wine-tour-half-day\/\" \/>\n<meta property=\"og:locale\" content=\"fr_FR\" \/>\n<meta property=\"og:type\" content=\"article\" \/>\n<meta property=\"og:title\" content=\"Beaujolais Crus and Macon Wine tour - Half day\" \/>\n<meta property=\"og:description\" content=\"Embark on a captivating exploration of Beaujolais Crus and Macon wines on our half-day group tour with expert guidance...\" \/>\n<meta property=\"og:url\" content=\"https:\/\/lyonprivatetours.com\/fr\/produit\/beaujolais-crus-and-macon-wine-tour-half-day\/\" \/>\n<meta property=\"og:site_name\" content=\"Lyon Private Tours\" \/>\n<meta property=\"article:modified_time\" content=\"2025-03-24T20:46:34+00:00\" \/>\n<meta property=\"og:image\" content=\"https:\/\/lyonprivatetours.com\/wp-content\/uploads\/2024\/02\/IMG20230228105124-scaled.jpg\" \/>\n\t<meta property=\"og:image:width\" content=\"2560\" \/>\n\t<meta property=\"og:image:height\" content=\"1920\" \/>\n\t<meta property=\"og:image:type\" content=\"image\/jpeg\" \/>\n<meta name=\"twitter:card\" content=\"summary_large_image\" \/>\n<meta name=\"twitter:label1\" content=\"Dur\u00e9e de lecture estim\u00e9e\" \/>\n\t<meta name=\"twitter:data1\" content=\"1 minute\" \/>\n<script type=\"application\/ld+json\" class=\"yoast-schema-graph\">{\"@context\":\"https:\\\/\\\/schema.org\",\"@graph\":[{\"@type\":\"WebPage\",\"@id\":\"https:\\\/\\\/lyonprivatetours.com\\\/product\\\/beaujolais-crus-and-macon-wine-tour-half-day\\\/\",\"url\":\"https:\\\/\\\/lyonprivatetours.com\\\/product\\\/beaujolais-crus-and-macon-wine-tour-half-day\\\/\",\"name\":\"Beaujolais Crus and Macon Wine tour - Half day - Lyon Private Tours\",\"isPartOf\":{\"@id\":\"https:\\\/\\\/lyonprivatetours.com\\\/fr\\\/#website\"},\"primaryImageOfPage\":{\"@id\":\"https:\\\/\\\/lyonprivatetours.com\\\/product\\\/beaujolais-crus-and-macon-wine-tour-half-day\\\/#primaryimage\"},\"image\":{\"@id\":\"https:\\\/\\\/lyonprivatetours.com\\\/product\\\/beaujolais-crus-and-macon-wine-tour-half-day\\\/#primaryimage\"},\"thumbnailUrl\":\"https:\\\/\\\/lyonprivatetours.com\\\/wp-content\\\/uploads\\\/2024\\\/02\\\/IMG20230228105124-scaled.jpg\",\"datePublished\":\"2024-02-29T14:01:50+00:00\",\"dateModified\":\"2025-03-24T20:46:34+00:00\",\"description\":\"Embark on a captivating exploration of Beaujolais Crus and Macon wines on our half-day group tour with expert guidance...\",\"breadcrumb\":{\"@id\":\"https:\\\/\\\/lyonprivatetours.com\\\/product\\\/beaujolais-crus-and-macon-wine-tour-half-day\\\/#breadcrumb\"},\"inLanguage\":\"fr-FR\",\"potentialAction\":[{\"@type\":\"ReadAction\",\"target\":[\"https:\\\/\\\/lyonprivatetours.com\\\/product\\\/beaujolais-crus-and-macon-wine-tour-half-day\\\/\"]}]},{\"@type\":\"ImageObject\",\"inLanguage\":\"fr-FR\",\"@id\":\"https:\\\/\\\/lyonprivatetours.com\\\/product\\\/beaujolais-crus-and-macon-wine-tour-half-day\\\/#primaryimage\",\"url\":\"https:\\\/\\\/lyonprivatetours.com\\\/wp-content\\\/uploads\\\/2024\\\/02\\\/IMG20230228105124-scaled.jpg\",\"contentUrl\":\"https:\\\/\\\/lyonprivatetours.com\\\/wp-content\\\/uploads\\\/2024\\\/02\\\/IMG20230228105124-scaled.jpg\",\"width\":2560,\"height\":1920},{\"@type\":\"BreadcrumbList\",\"@id\":\"https:\\\/\\\/lyonprivatetours.com\\\/product\\\/beaujolais-crus-and-macon-wine-tour-half-day\\\/#breadcrumb\",\"itemListElement\":[{\"@type\":\"ListItem\",\"position\":1,\"name\":\"Accueil\",\"item\":\"https:\\\/\\\/lyonprivatetours.com\\\/fr\\\/\"},{\"@type\":\"ListItem\",\"position\":2,\"name\":\"Book A Tour From Lyon\",\"item\":\"https:\\\/\\\/lyonprivatetours.com\\\/shop\\\/\"},{\"@type\":\"ListItem\",\"position\":3,\"name\":\"Beaujolais Crus and Macon Wine tour &#8211; Half day\"}]},{\"@type\":\"WebSite\",\"@id\":\"https:\\\/\\\/lyonprivatetours.com\\\/fr\\\/#website\",\"url\":\"https:\\\/\\\/lyonprivatetours.com\\\/fr\\\/\",\"name\":\"Lyon Private Tours\",\"description\":\"Tours From Lyon\",\"publisher\":{\"@id\":\"https:\\\/\\\/lyonprivatetours.com\\\/fr\\\/#organization\"},\"potentialAction\":[{\"@type\":\"SearchAction\",\"target\":{\"@type\":\"EntryPoint\",\"urlTemplate\":\"https:\\\/\\\/lyonprivatetours.com\\\/fr\\\/?s={search_term_string}\"},\"query-input\":{\"@type\":\"PropertyValueSpecification\",\"valueRequired\":true,\"valueName\":\"search_term_string\"}}],\"inLanguage\":\"fr-FR\"},{\"@type\":\"Organization\",\"@id\":\"https:\\\/\\\/lyonprivatetours.com\\\/fr\\\/#organization\",\"name\":\"Lyon Private Tours\",\"url\":\"https:\\\/\\\/lyonprivatetours.com\\\/fr\\\/\",\"logo\":{\"@type\":\"ImageObject\",\"inLanguage\":\"fr-FR\",\"@id\":\"https:\\\/\\\/lyonprivatetours.com\\\/fr\\\/#\\\/schema\\\/logo\\\/image\\\/\",\"url\":\"https:\\\/\\\/lyonprivatetours.com\\\/wp-content\\\/uploads\\\/2024\\\/02\\\/Lyon-Private-Tours-logo.jpg\",\"contentUrl\":\"https:\\\/\\\/lyonprivatetours.com\\\/wp-content\\\/uploads\\\/2024\\\/02\\\/Lyon-Private-Tours-logo.jpg\",\"width\":1080,\"height\":1080,\"caption\":\"Lyon Private Tours\"},\"image\":{\"@id\":\"https:\\\/\\\/lyonprivatetours.com\\\/fr\\\/#\\\/schema\\\/logo\\\/image\\\/\"}}]}<\/script>\n<!-- \/ Yoast SEO Premium plugin. -->","yoast_head_json":{"title":"Beaujolais Crus and Macon Wine tour - Half day - Lyon Private Tours","description":"Embark on a captivating exploration of Beaujolais Crus and Macon wines on our half-day group tour with expert guidance...","robots":{"index":"index","follow":"follow","max-snippet":"max-snippet:-1","max-image-preview":"max-image-preview:large","max-video-preview":"max-video-preview:-1"},"canonical":"https:\/\/lyonprivatetours.com\/fr\/produit\/beaujolais-crus-and-macon-wine-tour-half-day\/","og_locale":"fr_FR","og_type":"article","og_title":"Beaujolais Crus and Macon Wine tour - Half day","og_description":"Embark on a captivating exploration of Beaujolais Crus and Macon wines on our half-day group tour with expert guidance...","og_url":"https:\/\/lyonprivatetours.com\/fr\/produit\/beaujolais-crus-and-macon-wine-tour-half-day\/","og_site_name":"Lyon Private Tours","article_modified_time":"2025-03-24T20:46:34+00:00","og_image":[{"width":2560,"height":1920,"url":"https:\/\/lyonprivatetours.com\/wp-content\/uploads\/2024\/02\/IMG20230228105124-scaled.jpg","type":"image\/jpeg"}],"twitter_card":"summary_large_image","twitter_misc":{"Dur\u00e9e de lecture estim\u00e9e":"1 minute"},"schema":{"@context":"https:\/\/schema.org","@graph":[{"@type":"WebPage","@id":"https:\/\/lyonprivatetours.com\/product\/beaujolais-crus-and-macon-wine-tour-half-day\/","url":"https:\/\/lyonprivatetours.com\/product\/beaujolais-crus-and-macon-wine-tour-half-day\/","name":"Beaujolais Crus and Macon Wine tour - Half day - Lyon Private Tours","isPartOf":{"@id":"https:\/\/lyonprivatetours.com\/fr\/#website"},"primaryImageOfPage":{"@id":"https:\/\/lyonprivatetours.com\/product\/beaujolais-crus-and-macon-wine-tour-half-day\/#primaryimage"},"image":{"@id":"https:\/\/lyonprivatetours.com\/product\/beaujolais-crus-and-macon-wine-tour-half-day\/#primaryimage"},"thumbnailUrl":"https:\/\/lyonprivatetours.com\/wp-content\/uploads\/2024\/02\/IMG20230228105124-scaled.jpg","datePublished":"2024-02-29T14:01:50+00:00","dateModified":"2025-03-24T20:46:34+00:00","description":"Embark on a captivating exploration of Beaujolais Crus and Macon wines on our half-day group tour with expert guidance...","breadcrumb":{"@id":"https:\/\/lyonprivatetours.com\/product\/beaujolais-crus-and-macon-wine-tour-half-day\/#breadcrumb"},"inLanguage":"fr-FR","potentialAction":[{"@type":"ReadAction","target":["https:\/\/lyonprivatetours.com\/product\/beaujolais-crus-and-macon-wine-tour-half-day\/"]}]},{"@type":"ImageObject","inLanguage":"fr-FR","@id":"https:\/\/lyonprivatetours.com\/product\/beaujolais-crus-and-macon-wine-tour-half-day\/#primaryimage","url":"https:\/\/lyonprivatetours.com\/wp-content\/uploads\/2024\/02\/IMG20230228105124-scaled.jpg","contentUrl":"https:\/\/lyonprivatetours.com\/wp-content\/uploads\/2024\/02\/IMG20230228105124-scaled.jpg","width":2560,"height":1920},{"@type":"BreadcrumbList","@id":"https:\/\/lyonprivatetours.com\/product\/beaujolais-crus-and-macon-wine-tour-half-day\/#breadcrumb","itemListElement":[{"@type":"ListItem","position":1,"name":"Accueil","item":"https:\/\/lyonprivatetours.com\/fr\/"},{"@type":"ListItem","position":2,"name":"Book A Tour From Lyon","item":"https:\/\/lyonprivatetours.com\/shop\/"},{"@type":"ListItem","position":3,"name":"Beaujolais Crus and Macon Wine tour &#8211; Half day"}]},{"@type":"WebSite","@id":"https:\/\/lyonprivatetours.com\/fr\/#website","url":"https:\/\/lyonprivatetours.com\/fr\/","name":"Lyon Private Tours","description":"Tours From Lyon","publisher":{"@id":"https:\/\/lyonprivatetours.com\/fr\/#organization"},"potentialAction":[{"@type":"SearchAction","target":{"@type":"EntryPoint","urlTemplate":"https:\/\/lyonprivatetours.com\/fr\/?s={search_term_string}"},"query-input":{"@type":"PropertyValueSpecification","valueRequired":true,"valueName":"search_term_string"}}],"inLanguage":"fr-FR"},{"@type":"Organization","@id":"https:\/\/lyonprivatetours.com\/fr\/#organization","name":"Lyon Private Tours","url":"https:\/\/lyonprivatetours.com\/fr\/","logo":{"@type":"ImageObject","inLanguage":"fr-FR","@id":"https:\/\/lyonprivatetours.com\/fr\/#\/schema\/logo\/image\/","url":"https:\/\/lyonprivatetours.com\/wp-content\/uploads\/2024\/02\/Lyon-Private-Tours-logo.jpg","contentUrl":"https:\/\/lyonprivatetours.com\/wp-content\/uploads\/2024\/02\/Lyon-Private-Tours-logo.jpg","width":1080,"height":1080,"caption":"Lyon Private Tours"},"image":{"@id":"https:\/\/lyonprivatetours.com\/fr\/#\/schema\/logo\/image\/"}}]}},"_links":{"self":[{"href":"https:\/\/lyonprivatetours.com\/fr\/wp-json\/wp\/v2\/product\/5700","targetHints":{"allow":["GET"]}}],"collection":[{"href":"https:\/\/lyonprivatetours.com\/fr\/wp-json\/wp\/v2\/product"}],"about":[{"href":"https:\/\/lyonprivatetours.com\/fr\/wp-json\/wp\/v2\/types\/product"}],"replies":[{"embeddable":true,"href":"https:\/\/lyonprivatetours.com\/fr\/wp-json\/wp\/v2\/comments?post=5700"}],"wp:featuredmedia":[{"embeddable":true,"href":"https:\/\/lyonprivatetours.com\/fr\/wp-json\/wp\/v2\/media\/7739"}],"wp:attachment":[{"href":"https:\/\/lyonprivatetours.com\/fr\/wp-json\/wp\/v2\/media?parent=5700"}],"wp:term":[{"taxonomy":"product_brand","embeddable":true,"href":"https:\/\/lyonprivatetours.com\/fr\/wp-json\/wp\/v2\/product_brand?post=5700"},{"taxonomy":"product_cat","embeddable":true,"href":"https:\/\/lyonprivatetours.com\/fr\/wp-json\/wp\/v2\/product_cat?post=5700"},{"taxonomy":"product_tag","embeddable":true,"href":"https:\/\/lyonprivatetours.com\/fr\/wp-json\/wp\/v2\/product_tag?post=5700"}],"curies":[{"name":"wp","href":"https:\/\/api.w.org\/{rel}","templated":true}]}}