{"id":5707,"date":"2024-02-29T15:20:24","date_gmt":"2024-02-29T14:20:24","guid":{"rendered":"https:\/\/lyonprivatetours.com\/?post_type=product&#038;p=5707"},"modified":"2026-01-16T17:38:33","modified_gmt":"2026-01-16T16:38:33","slug":"beaujolais-wine-tour-and-perouges-full-day","status":"publish","type":"product","link":"https:\/\/lyonprivatetours.com\/fr\/product\/beaujolais-wine-tour-and-perouges-full-day\/","title":{"rendered":"Beaujolais wine tour et visite de P\u00e9rouges \u2013 journ\u00e9e compl\u00e8te"},"content":{"rendered":"<div class=\"short-description\">\n<div class=\"std\">\n<div class=\"short-description\">\n<div class=\"std\">\n<p>Au d\u00e9part de Lyon, direction le pays des pierres dor\u00e9es au sud de Lyon! Apr\u00e8s la visite du village m\u00e9di\u00e9val d&#039;Oingt, vous allez rencontrer un vigneron passionn\u00e9 dans son domaine historique. Admirer les vignes et d&#039;\u00e9couter ses explications avant de passer \u00e0 la d\u00e9gustation de la cave et de l&#039;ats de ses vins. D\u00e9jeuner dans un restaurant local (non inclus) avant de se rendre \u00e0 P\u00e9rouges. Sur le chemin, nous allons en voiture \u00e0 travers la Dombes, une r\u00e9gion de lacs, de champs et de for\u00eats. Une fois dans P\u00e9rouges, nous visitons le village m\u00e9di\u00e9val, class\u00e9 parmi les plus beaux villages de France.<\/p>\n<\/div>\n<\/div>\n<ul class=\"highlights\">\n<li>Visite d&#039;Oingt, village typique du Sud du Beaujolais avec le label des plus beaux villages de France<\/li>\n<li>D\u00e9gustation de plusieurs vins du Beaujolais<\/li>\n<li>Visite de Perouges, village m\u00e9di\u00e9val fig\u00e9 dans le temps<\/li>\n<\/ul>\n<\/div>\n<\/div>\n<table summary=\"Info\" cellspacing=\"0\">\n<tbody>\n<tr>\n<td>Inclus<\/td>\n<td>D\u00e9gustation de vin et de la galette de P\u00e9rouges<\/td>\n<\/tr>\n<tr>\n<td>Dur\u00e9e<\/td>\n<td>07:00<\/td>\n<\/tr>\n<tr>\n<td>Les Participants<\/td>\n<td>Up to 6 people &#8211; <a href=\"https:\/\/lyonprivatetours.com\/fr\/contacts\/\">Demandez un devis pour plus de participants<\/a><\/td>\n<\/tr>\n<tr>\n<td>Langues<\/td>\n<td>Anglais \/ Fran\u00e7ais \u2013 <a href=\"https:\/\/lyonprivatetours.com\/fr\/contacts\/\">Demandez-nous pour les autres langues<\/a><\/td>\n<\/tr>\n<\/tbody>\n<\/table>","protected":false},"excerpt":{"rendered":"<div class=\"short-description\">\n<div class=\"std\">\n<p data-start=\"48\" data-end=\"571\"><strong>Up to 6 people \u2013 25\u20ac\/person for the wine tastings!<\/strong><\/p>\n<p data-start=\"48\" data-end=\"571\">Experience the best of <strong data-start=\"71\" data-end=\"85\">Beaujolais<\/strong> and the historic village of <strong data-start=\"114\" data-end=\"126\">P\u00e9rouges<\/strong> on this full-day private tour. Begin with a scenic drive through the <strong data-start=\"196\" data-end=\"220\">Beaujolais vineyards<\/strong>, visiting renowned wineries to taste the region\u2019s famous <strong data-start=\"278\" data-end=\"293\">Gamay wines<\/strong>. Explore the charming medieval village of <strong data-start=\"336\" data-end=\"348\">P\u00e9rouges<\/strong>, known for its cobblestone streets and timeless beauty. Learn about the region\u2019s <strong data-start=\"430\" data-end=\"455\">winemaking traditions<\/strong>, meet local producers, and enjoy the stunning landscapes of both the <strong data-start=\"525\" data-end=\"551\">Beaujolais countryside<\/strong> and <strong data-start=\"556\" data-end=\"568\">P\u00e9rouges<\/strong>.<\/p>\n<p data-start=\"573\" data-end=\"675\" data-is-last-node=\"\" data-is-only-node=\"\">This tour offers the perfect blend of history, culture, and world-class wine in one unforgettable day.<\/p>\n<table>\n<tbody>\n<tr>\n<td>V\u00e9hicule<\/td>\n<td>7 Seats Peugeot 5008 Allure Hybrid &#8211; <a href=\"https:\/\/lyonprivatetours.com\/fr\/contacts\/\">Besoin d'un plus grand v\u00e9hicule ? Demandez-nous un devis<\/a><\/td>\n<\/tr>\n<\/tbody>\n<\/table>\n<\/div>\n<\/div>","protected":false},"featured_media":5708,"comment_status":"open","ping_status":"closed","template":"","meta":{"rs_blank_template":"","rs_page_bg_color":"","slide_template_v7":""},"product_brand":[],"product_cat":[75,77],"product_tag":[],"class_list":{"0":"post-5707","1":"product","2":"type-product","3":"status-publish","4":"has-post-thumbnail","6":"product_cat-beaujolais","7":"product_cat-wine-tour","9":"first","10":"instock","11":"virtual","12":"purchasable","13":"product-type-appointment"},"exclude_global_add_ons":false,"addons":[{"name":"Nombre de personnes","type":"multiple_choice","position":0,"required":true,"title_format":"label","default":"","description_enable":true,"description":"<b><a href=\"https:\/\/lyonprivatetours.com\/fr\/contacts\/\">Demandez un devis pour plus de participants<\/a><\/b>","placeholder_enable":false,"placeholder":"","display":"select","restrictions_type":"any_text","adjust_price":false,"price":"","price_type":"flat_fee","restrictions":false,"min":"0","max":"0","options":[{"label":"1","price":"25","price_type":"flat_fee","image":0,"visibility":true},{"label":"2","price":"50","price_type":"flat_fee","image":0,"visibility":true},{"label":"3","price":"75","price_type":"flat_fee","image":0,"visibility":true},{"label":"4","price":"100","price_type":"flat_fee","image":0,"visibility":true},{"label":"5","price":"125","price_type":"flat_fee","image":0,"visibility":true},{"label":"6","price":"150","price_type":"flat_fee","image":0,"visibility":true}],"id":1713791041},{"name":"Language pr\u00e9f\u00e9r\u00e9","type":"custom_text","position":1,"required":false,"title_format":"label","default":"","description_enable":false,"description":"","placeholder_enable":false,"placeholder":"","display":"select","restrictions_type":"any_text","adjust_price":false,"price":"","price_type":"flat_fee","restrictions":false,"min":"0","max":"0","options":[],"id":1717685752},{"name":"Meeting Point","type":"custom_text","position":2,"required":false,"title_format":"label","default":"","description_enable":false,"description":"","placeholder_enable":false,"placeholder":"","display":"select","restrictions_type":"any_text","adjust_price":false,"price":"","price_type":"flat_fee","restrictions":false,"min":"0","max":"0","options":[],"id":1717685751}],"yoast_head":"<!-- This site is optimized with the Yoast SEO Premium plugin v26.7 (Yoast SEO v27.4) - https:\/\/yoast.com\/product\/yoast-seo-premium-wordpress\/ -->\n<title>Beaujolais wine tour and P\u00e9rouges - Full day - Lyon Private Tours<\/title>\n<meta name=\"description\" content=\"Departing from Lyon, direction the country of golden stones south of Lyon, after the visiting the village of Oingt, you will meet a passionate winegrower...\" \/>\n<meta name=\"robots\" content=\"index, follow, max-snippet:-1, max-image-preview:large, max-video-preview:-1\" \/>\n<link rel=\"canonical\" href=\"https:\/\/lyonprivatetours.com\/fr\/produit\/beaujolais-wine-tour-and-perouges-full-day\/\" \/>\n<meta property=\"og:locale\" content=\"fr_FR\" \/>\n<meta property=\"og:type\" content=\"article\" \/>\n<meta property=\"og:title\" content=\"Beaujolais wine tour and P\u00e9rouges - Full day\" \/>\n<meta property=\"og:description\" content=\"Departing from Lyon, direction the country of golden stones south of Lyon, after the visiting the village of Oingt, you will meet a passionate winegrower...\" \/>\n<meta property=\"og:url\" content=\"https:\/\/lyonprivatetours.com\/fr\/produit\/beaujolais-wine-tour-and-perouges-full-day\/\" \/>\n<meta property=\"og:site_name\" content=\"Lyon Private Tours\" \/>\n<meta property=\"article:modified_time\" content=\"2026-01-16T16:38:33+00:00\" \/>\n<meta property=\"og:image\" content=\"https:\/\/lyonprivatetours.com\/wp-content\/uploads\/2024\/02\/20220623_153944-scaled.jpg\" \/>\n\t<meta property=\"og:image:width\" content=\"2560\" \/>\n\t<meta property=\"og:image:height\" content=\"1920\" \/>\n\t<meta property=\"og:image:type\" content=\"image\/jpeg\" \/>\n<meta name=\"twitter:card\" content=\"summary_large_image\" \/>\n<meta name=\"twitter:label1\" content=\"Dur\u00e9e de lecture estim\u00e9e\" \/>\n\t<meta name=\"twitter:data1\" content=\"1 minute\" \/>\n<script type=\"application\/ld+json\" class=\"yoast-schema-graph\">{\"@context\":\"https:\\\/\\\/schema.org\",\"@graph\":[{\"@type\":\"WebPage\",\"@id\":\"https:\\\/\\\/lyonprivatetours.com\\\/product\\\/beaujolais-wine-tour-and-perouges-full-day\\\/\",\"url\":\"https:\\\/\\\/lyonprivatetours.com\\\/product\\\/beaujolais-wine-tour-and-perouges-full-day\\\/\",\"name\":\"Beaujolais wine tour and P\u00e9rouges - Full day - Lyon Private Tours\",\"isPartOf\":{\"@id\":\"https:\\\/\\\/lyonprivatetours.com\\\/fr\\\/#website\"},\"primaryImageOfPage\":{\"@id\":\"https:\\\/\\\/lyonprivatetours.com\\\/product\\\/beaujolais-wine-tour-and-perouges-full-day\\\/#primaryimage\"},\"image\":{\"@id\":\"https:\\\/\\\/lyonprivatetours.com\\\/product\\\/beaujolais-wine-tour-and-perouges-full-day\\\/#primaryimage\"},\"thumbnailUrl\":\"https:\\\/\\\/lyonprivatetours.com\\\/wp-content\\\/uploads\\\/2024\\\/02\\\/20220623_153944-scaled.jpg\",\"datePublished\":\"2024-02-29T14:20:24+00:00\",\"dateModified\":\"2026-01-16T16:38:33+00:00\",\"description\":\"Departing from Lyon, direction the country of golden stones south of Lyon, after the visiting the village of Oingt, you will meet a passionate winegrower...\",\"breadcrumb\":{\"@id\":\"https:\\\/\\\/lyonprivatetours.com\\\/product\\\/beaujolais-wine-tour-and-perouges-full-day\\\/#breadcrumb\"},\"inLanguage\":\"fr-FR\",\"potentialAction\":[{\"@type\":\"ReadAction\",\"target\":[\"https:\\\/\\\/lyonprivatetours.com\\\/product\\\/beaujolais-wine-tour-and-perouges-full-day\\\/\"]}]},{\"@type\":\"ImageObject\",\"inLanguage\":\"fr-FR\",\"@id\":\"https:\\\/\\\/lyonprivatetours.com\\\/product\\\/beaujolais-wine-tour-and-perouges-full-day\\\/#primaryimage\",\"url\":\"https:\\\/\\\/lyonprivatetours.com\\\/wp-content\\\/uploads\\\/2024\\\/02\\\/20220623_153944-scaled.jpg\",\"contentUrl\":\"https:\\\/\\\/lyonprivatetours.com\\\/wp-content\\\/uploads\\\/2024\\\/02\\\/20220623_153944-scaled.jpg\",\"width\":2560,\"height\":1920},{\"@type\":\"BreadcrumbList\",\"@id\":\"https:\\\/\\\/lyonprivatetours.com\\\/product\\\/beaujolais-wine-tour-and-perouges-full-day\\\/#breadcrumb\",\"itemListElement\":[{\"@type\":\"ListItem\",\"position\":1,\"name\":\"Accueil\",\"item\":\"https:\\\/\\\/lyonprivatetours.com\\\/fr\\\/\"},{\"@type\":\"ListItem\",\"position\":2,\"name\":\"Book A Tour From Lyon\",\"item\":\"https:\\\/\\\/lyonprivatetours.com\\\/shop\\\/\"},{\"@type\":\"ListItem\",\"position\":3,\"name\":\"Beaujolais wine tour and P\u00e9rouges &#8211; Full day\"}]},{\"@type\":\"WebSite\",\"@id\":\"https:\\\/\\\/lyonprivatetours.com\\\/fr\\\/#website\",\"url\":\"https:\\\/\\\/lyonprivatetours.com\\\/fr\\\/\",\"name\":\"Lyon Private Tours\",\"description\":\"Tours From Lyon\",\"publisher\":{\"@id\":\"https:\\\/\\\/lyonprivatetours.com\\\/fr\\\/#organization\"},\"potentialAction\":[{\"@type\":\"SearchAction\",\"target\":{\"@type\":\"EntryPoint\",\"urlTemplate\":\"https:\\\/\\\/lyonprivatetours.com\\\/fr\\\/?s={search_term_string}\"},\"query-input\":{\"@type\":\"PropertyValueSpecification\",\"valueRequired\":true,\"valueName\":\"search_term_string\"}}],\"inLanguage\":\"fr-FR\"},{\"@type\":\"Organization\",\"@id\":\"https:\\\/\\\/lyonprivatetours.com\\\/fr\\\/#organization\",\"name\":\"Lyon Private Tours\",\"url\":\"https:\\\/\\\/lyonprivatetours.com\\\/fr\\\/\",\"logo\":{\"@type\":\"ImageObject\",\"inLanguage\":\"fr-FR\",\"@id\":\"https:\\\/\\\/lyonprivatetours.com\\\/fr\\\/#\\\/schema\\\/logo\\\/image\\\/\",\"url\":\"https:\\\/\\\/lyonprivatetours.com\\\/wp-content\\\/uploads\\\/2024\\\/02\\\/Lyon-Private-Tours-logo.jpg\",\"contentUrl\":\"https:\\\/\\\/lyonprivatetours.com\\\/wp-content\\\/uploads\\\/2024\\\/02\\\/Lyon-Private-Tours-logo.jpg\",\"width\":1080,\"height\":1080,\"caption\":\"Lyon Private Tours\"},\"image\":{\"@id\":\"https:\\\/\\\/lyonprivatetours.com\\\/fr\\\/#\\\/schema\\\/logo\\\/image\\\/\"}}]}<\/script>\n<!-- \/ Yoast SEO Premium plugin. -->","yoast_head_json":{"title":"Beaujolais wine tour and P\u00e9rouges - Full day - Lyon Private Tours","description":"Departing from Lyon, direction the country of golden stones south of Lyon, after the visiting the village of Oingt, you will meet a passionate winegrower...","robots":{"index":"index","follow":"follow","max-snippet":"max-snippet:-1","max-image-preview":"max-image-preview:large","max-video-preview":"max-video-preview:-1"},"canonical":"https:\/\/lyonprivatetours.com\/fr\/produit\/beaujolais-wine-tour-and-perouges-full-day\/","og_locale":"fr_FR","og_type":"article","og_title":"Beaujolais wine tour and P\u00e9rouges - Full day","og_description":"Departing from Lyon, direction the country of golden stones south of Lyon, after the visiting the village of Oingt, you will meet a passionate winegrower...","og_url":"https:\/\/lyonprivatetours.com\/fr\/produit\/beaujolais-wine-tour-and-perouges-full-day\/","og_site_name":"Lyon Private Tours","article_modified_time":"2026-01-16T16:38:33+00:00","og_image":[{"width":2560,"height":1920,"url":"https:\/\/lyonprivatetours.com\/wp-content\/uploads\/2024\/02\/20220623_153944-scaled.jpg","type":"image\/jpeg"}],"twitter_card":"summary_large_image","twitter_misc":{"Dur\u00e9e de lecture estim\u00e9e":"1 minute"},"schema":{"@context":"https:\/\/schema.org","@graph":[{"@type":"WebPage","@id":"https:\/\/lyonprivatetours.com\/product\/beaujolais-wine-tour-and-perouges-full-day\/","url":"https:\/\/lyonprivatetours.com\/product\/beaujolais-wine-tour-and-perouges-full-day\/","name":"Beaujolais wine tour and P\u00e9rouges - Full day - Lyon Private Tours","isPartOf":{"@id":"https:\/\/lyonprivatetours.com\/fr\/#website"},"primaryImageOfPage":{"@id":"https:\/\/lyonprivatetours.com\/product\/beaujolais-wine-tour-and-perouges-full-day\/#primaryimage"},"image":{"@id":"https:\/\/lyonprivatetours.com\/product\/beaujolais-wine-tour-and-perouges-full-day\/#primaryimage"},"thumbnailUrl":"https:\/\/lyonprivatetours.com\/wp-content\/uploads\/2024\/02\/20220623_153944-scaled.jpg","datePublished":"2024-02-29T14:20:24+00:00","dateModified":"2026-01-16T16:38:33+00:00","description":"Departing from Lyon, direction the country of golden stones south of Lyon, after the visiting the village of Oingt, you will meet a passionate winegrower...","breadcrumb":{"@id":"https:\/\/lyonprivatetours.com\/product\/beaujolais-wine-tour-and-perouges-full-day\/#breadcrumb"},"inLanguage":"fr-FR","potentialAction":[{"@type":"ReadAction","target":["https:\/\/lyonprivatetours.com\/product\/beaujolais-wine-tour-and-perouges-full-day\/"]}]},{"@type":"ImageObject","inLanguage":"fr-FR","@id":"https:\/\/lyonprivatetours.com\/product\/beaujolais-wine-tour-and-perouges-full-day\/#primaryimage","url":"https:\/\/lyonprivatetours.com\/wp-content\/uploads\/2024\/02\/20220623_153944-scaled.jpg","contentUrl":"https:\/\/lyonprivatetours.com\/wp-content\/uploads\/2024\/02\/20220623_153944-scaled.jpg","width":2560,"height":1920},{"@type":"BreadcrumbList","@id":"https:\/\/lyonprivatetours.com\/product\/beaujolais-wine-tour-and-perouges-full-day\/#breadcrumb","itemListElement":[{"@type":"ListItem","position":1,"name":"Accueil","item":"https:\/\/lyonprivatetours.com\/fr\/"},{"@type":"ListItem","position":2,"name":"Book A Tour From Lyon","item":"https:\/\/lyonprivatetours.com\/shop\/"},{"@type":"ListItem","position":3,"name":"Beaujolais wine tour and P\u00e9rouges &#8211; Full day"}]},{"@type":"WebSite","@id":"https:\/\/lyonprivatetours.com\/fr\/#website","url":"https:\/\/lyonprivatetours.com\/fr\/","name":"Lyon Private Tours","description":"Tours From Lyon","publisher":{"@id":"https:\/\/lyonprivatetours.com\/fr\/#organization"},"potentialAction":[{"@type":"SearchAction","target":{"@type":"EntryPoint","urlTemplate":"https:\/\/lyonprivatetours.com\/fr\/?s={search_term_string}"},"query-input":{"@type":"PropertyValueSpecification","valueRequired":true,"valueName":"search_term_string"}}],"inLanguage":"fr-FR"},{"@type":"Organization","@id":"https:\/\/lyonprivatetours.com\/fr\/#organization","name":"Lyon Private Tours","url":"https:\/\/lyonprivatetours.com\/fr\/","logo":{"@type":"ImageObject","inLanguage":"fr-FR","@id":"https:\/\/lyonprivatetours.com\/fr\/#\/schema\/logo\/image\/","url":"https:\/\/lyonprivatetours.com\/wp-content\/uploads\/2024\/02\/Lyon-Private-Tours-logo.jpg","contentUrl":"https:\/\/lyonprivatetours.com\/wp-content\/uploads\/2024\/02\/Lyon-Private-Tours-logo.jpg","width":1080,"height":1080,"caption":"Lyon Private Tours"},"image":{"@id":"https:\/\/lyonprivatetours.com\/fr\/#\/schema\/logo\/image\/"}}]}},"_links":{"self":[{"href":"https:\/\/lyonprivatetours.com\/fr\/wp-json\/wp\/v2\/product\/5707","targetHints":{"allow":["GET"]}}],"collection":[{"href":"https:\/\/lyonprivatetours.com\/fr\/wp-json\/wp\/v2\/product"}],"about":[{"href":"https:\/\/lyonprivatetours.com\/fr\/wp-json\/wp\/v2\/types\/product"}],"replies":[{"embeddable":true,"href":"https:\/\/lyonprivatetours.com\/fr\/wp-json\/wp\/v2\/comments?post=5707"}],"wp:featuredmedia":[{"embeddable":true,"href":"https:\/\/lyonprivatetours.com\/fr\/wp-json\/wp\/v2\/media\/5708"}],"wp:attachment":[{"href":"https:\/\/lyonprivatetours.com\/fr\/wp-json\/wp\/v2\/media?parent=5707"}],"wp:term":[{"taxonomy":"product_brand","embeddable":true,"href":"https:\/\/lyonprivatetours.com\/fr\/wp-json\/wp\/v2\/product_brand?post=5707"},{"taxonomy":"product_cat","embeddable":true,"href":"https:\/\/lyonprivatetours.com\/fr\/wp-json\/wp\/v2\/product_cat?post=5707"},{"taxonomy":"product_tag","embeddable":true,"href":"https:\/\/lyonprivatetours.com\/fr\/wp-json\/wp\/v2\/product_tag?post=5707"}],"curies":[{"name":"wp","href":"https:\/\/api.w.org\/{rel}","templated":true}]}}