{"id":5710,"date":"2024-02-29T15:33:07","date_gmt":"2024-02-29T14:33:07","guid":{"rendered":"https:\/\/lyonprivatetours.com\/?post_type=product&#038;p=5710"},"modified":"2025-02-17T11:58:29","modified_gmt":"2025-02-17T10:58:29","slug":"halles-of-lyon-paul-bocuse-food-tour","status":"publish","type":"product","link":"https:\/\/lyonprivatetours.com\/fr\/product\/halles-of-lyon-paul-bocuse-food-tour\/","title":{"rendered":"Halles de Lyon Paul Bocuse Food Tour"},"content":{"rendered":"<div class=\"short-description\">\n<div class=\"std\">\n<div class=\"short-description\">\n<div class=\"std\">\n<div class=\"short-description\">\n<div class=\"std\">\n<p>Bienvenue \u00e0 la Halles de Lyon Paul Bocuse. Nous allons explorer les all\u00e9es du temple de la gastronomie \u00e0 la recherche du sacr\u00e9-saucisse. Rosette, Sabodet, Andouillette, les quenelles, des tartes \u00e0 la praline...Vous apprendrez tout sur l&#039;histoire et les myst\u00e8res de Lyon, \u00e0 la cuisine. Trois d\u00e9gustation des pauses sont inclus dans ce tour<\/p>\n<\/div>\n<\/div>\n<ul class=\"highlights\">\n<li>Le temple de la gastronomie fran\u00e7aise<\/li>\n<li>Les meilleurs produits de la r\u00e9gion<\/li>\n<li>Un ancien savoir-faire \u00e0 d\u00e9couvrir et \u00e0 d\u00e9guster<\/li>\n<\/ul>\n<\/div>\n<\/div>\n<\/div>\n<\/div>\n<table summary=\"Info\" cellspacing=\"0\">\n<tbody>\n<tr>\n<td>Inclus<\/td>\n<td>Trois pauses d\u00e9gustation<\/td>\n<\/tr>\n<tr>\n<td>Dur\u00e9e<\/td>\n<td>2:00<\/td>\n<\/tr>\n<tr>\n<td>Les Participants<\/td>\n<td>Jusqu&#039;\u00e0 12 personnes<\/td>\n<\/tr>\n<tr>\n<td>Langue<\/td>\n<td>Anglais \/ Fran\u00e7ais \u2013 <a href=\"https:\/\/lyonprivatetours.com\/fr\/contacts\/\">Demander \u00e0 d&#039;autres de la tourn\u00e9e de la langue<\/a><\/td>\n<\/tr>\n<\/tbody>\n<\/table>","protected":false},"excerpt":{"rendered":"<div class=\"short-description\">\n<div class=\"std\">\n<div class=\"short-description\">\n<div class=\"std\">\n<p>Bienvenue \u00e0 la Halles de Lyon Paul Bocuse. Nous allons explorer les all\u00e9es du temple de la gastronomie \u00e0 la recherche du sacr\u00e9-saucisse. Rosette, Sabodet, Andouillette, les quenelles, des tartes \u00e0 la praline...<\/p>\n<\/div>\n<\/div>\n<\/div>\n<\/div>","protected":false},"featured_media":6299,"comment_status":"open","ping_status":"closed","template":"","meta":{"rs_blank_template":"","rs_page_bg_color":"","slide_template_v7":""},"product_brand":[],"product_cat":[81,72],"product_tag":[],"class_list":{"0":"post-5710","1":"product","2":"type-product","3":"status-publish","4":"has-post-thumbnail","6":"product_cat-food-tour","7":"product_cat-lyon","9":"first","10":"instock","11":"virtual","12":"purchasable","13":"product-type-appointment"},"exclude_global_add_ons":false,"addons":[{"name":"Nombre de personnes","type":"multiple_choice","position":0,"required":true,"title_format":"label","default":"","description_enable":false,"description":"","placeholder_enable":false,"placeholder":"","display":"select","restrictions_type":"any_text","adjust_price":false,"price":"","price_type":"flat_fee","restrictions":false,"min":"0","max":"0","options":[{"label":"1","price":"35","price_type":"flat_fee","image":0,"visibility":true},{"label":"2","price":"70","price_type":"flat_fee","image":0,"visibility":true},{"label":"3","price":"105","price_type":"flat_fee","image":0,"visibility":true},{"label":"4","price":"140","price_type":"flat_fee","image":0,"visibility":true},{"label":"5","price":"175","price_type":"flat_fee","image":0,"visibility":true},{"label":"6","price":"210","price_type":"flat_fee","image":0,"visibility":true},{"label":"7","price":"245","price_type":"flat_fee","image":0,"visibility":true},{"label":"8","price":"280","price_type":"flat_fee","image":0,"visibility":true},{"label":"9","price":"315","price_type":"flat_fee","image":0,"visibility":true},{"label":"10","price":"350","price_type":"flat_fee","image":0,"visibility":true},{"label":"11","price":"385","price_type":"flat_fee","image":0,"visibility":true},{"label":"12","price":"420","price_type":"flat_fee","image":0,"visibility":true}],"id":1712774806},{"name":"Language pr\u00e9f\u00e9r\u00e9","type":"custom_text","position":1,"required":false,"title_format":"label","default":"","description_enable":false,"description":"","placeholder_enable":false,"placeholder":"","display":"select","restrictions_type":"any_text","adjust_price":false,"price":"","price_type":"flat_fee","restrictions":false,"min":"0","max":"0","options":[],"id":1712774807},{"name":"Meeting Point","type":"custom_text","position":2,"required":false,"title_format":"label","default":"","description_enable":false,"description":"","placeholder_enable":false,"placeholder":"","display":"select","restrictions_type":"any_text","adjust_price":false,"price":"","price_type":"flat_fee","restrictions":false,"min":"0","max":"0","options":[],"id":1717685762}],"yoast_head":"<!-- This site is optimized with the Yoast SEO Premium plugin v26.7 (Yoast SEO v27.2) - https:\/\/yoast.com\/product\/yoast-seo-premium-wordpress\/ -->\n<title>Halles of Lyon Paul Bocuse - Food Tour - Lyon Private Tours<\/title>\n<meta name=\"description\" content=\"Discover the culinary treasures of Lyon at the renowned Halles of Lyon Paul Bocuse with our immersive and personalized group food tour...\" \/>\n<meta name=\"robots\" content=\"index, follow, max-snippet:-1, max-image-preview:large, max-video-preview:-1\" \/>\n<link rel=\"canonical\" href=\"https:\/\/lyonprivatetours.com\/fr\/produit\/halles-of-lyon-paul-bocuse-food-tour\/\" \/>\n<meta property=\"og:locale\" content=\"fr_FR\" \/>\n<meta property=\"og:type\" content=\"article\" \/>\n<meta property=\"og:title\" content=\"Halles of Lyon Paul Bocuse - Food Tour\" \/>\n<meta property=\"og:description\" content=\"Discover the culinary treasures of Lyon at the renowned Halles of Lyon Paul Bocuse with our immersive and personalized group food tour...\" \/>\n<meta property=\"og:url\" content=\"https:\/\/lyonprivatetours.com\/fr\/produit\/halles-of-lyon-paul-bocuse-food-tour\/\" \/>\n<meta property=\"og:site_name\" content=\"Lyon Private Tours\" \/>\n<meta property=\"article:modified_time\" content=\"2025-02-17T10:58:29+00:00\" \/>\n<meta property=\"og:image\" content=\"https:\/\/lyonprivatetours.com\/wp-content\/uploads\/2024\/03\/3-scaled.jpg\" \/>\n\t<meta property=\"og:image:width\" content=\"2560\" \/>\n\t<meta property=\"og:image:height\" content=\"1920\" \/>\n\t<meta property=\"og:image:type\" content=\"image\/jpeg\" \/>\n<meta name=\"twitter:card\" content=\"summary_large_image\" \/>\n<meta name=\"twitter:label1\" content=\"Dur\u00e9e de lecture estim\u00e9e\" \/>\n\t<meta name=\"twitter:data1\" content=\"1 minute\" \/>\n<script type=\"application\/ld+json\" class=\"yoast-schema-graph\">{\"@context\":\"https:\/\/schema.org\",\"@graph\":[{\"@type\":\"WebPage\",\"@id\":\"https:\/\/lyonprivatetours.com\/product\/halles-of-lyon-paul-bocuse-food-tour\/\",\"url\":\"https:\/\/lyonprivatetours.com\/product\/halles-of-lyon-paul-bocuse-food-tour\/\",\"name\":\"Halles of Lyon Paul Bocuse - Food Tour - Lyon Private Tours\",\"isPartOf\":{\"@id\":\"https:\/\/lyonprivatetours.com\/fr\/#website\"},\"primaryImageOfPage\":{\"@id\":\"https:\/\/lyonprivatetours.com\/product\/halles-of-lyon-paul-bocuse-food-tour\/#primaryimage\"},\"image\":{\"@id\":\"https:\/\/lyonprivatetours.com\/product\/halles-of-lyon-paul-bocuse-food-tour\/#primaryimage\"},\"thumbnailUrl\":\"https:\/\/lyonprivatetours.com\/wp-content\/uploads\/2024\/03\/3-scaled.jpg\",\"datePublished\":\"2024-02-29T14:33:07+00:00\",\"dateModified\":\"2025-02-17T10:58:29+00:00\",\"description\":\"Discover the culinary treasures of Lyon at the renowned Halles of Lyon Paul Bocuse with our immersive and personalized group food tour...\",\"breadcrumb\":{\"@id\":\"https:\/\/lyonprivatetours.com\/product\/halles-of-lyon-paul-bocuse-food-tour\/#breadcrumb\"},\"inLanguage\":\"fr-FR\",\"potentialAction\":[{\"@type\":\"ReadAction\",\"target\":[\"https:\/\/lyonprivatetours.com\/product\/halles-of-lyon-paul-bocuse-food-tour\/\"]}]},{\"@type\":\"ImageObject\",\"inLanguage\":\"fr-FR\",\"@id\":\"https:\/\/lyonprivatetours.com\/product\/halles-of-lyon-paul-bocuse-food-tour\/#primaryimage\",\"url\":\"https:\/\/lyonprivatetours.com\/wp-content\/uploads\/2024\/03\/3-scaled.jpg\",\"contentUrl\":\"https:\/\/lyonprivatetours.com\/wp-content\/uploads\/2024\/03\/3-scaled.jpg\",\"width\":2560,\"height\":1920,\"caption\":\"lyon food tour\"},{\"@type\":\"BreadcrumbList\",\"@id\":\"https:\/\/lyonprivatetours.com\/product\/halles-of-lyon-paul-bocuse-food-tour\/#breadcrumb\",\"itemListElement\":[{\"@type\":\"ListItem\",\"position\":1,\"name\":\"Accueil\",\"item\":\"https:\/\/lyonprivatetours.com\/fr\/\"},{\"@type\":\"ListItem\",\"position\":2,\"name\":\"Book A Tour From Lyon\",\"item\":\"https:\/\/lyonprivatetours.com\/shop\/\"},{\"@type\":\"ListItem\",\"position\":3,\"name\":\"Halles of Lyon Paul Bocuse &#8211; Food Tour\"}]},{\"@type\":\"WebSite\",\"@id\":\"https:\/\/lyonprivatetours.com\/fr\/#website\",\"url\":\"https:\/\/lyonprivatetours.com\/fr\/\",\"name\":\"Lyon Private Tours\",\"description\":\"Tours From Lyon\",\"publisher\":{\"@id\":\"https:\/\/lyonprivatetours.com\/fr\/#organization\"},\"potentialAction\":[{\"@type\":\"SearchAction\",\"target\":{\"@type\":\"EntryPoint\",\"urlTemplate\":\"https:\/\/lyonprivatetours.com\/fr\/?s={search_term_string}\"},\"query-input\":{\"@type\":\"PropertyValueSpecification\",\"valueRequired\":true,\"valueName\":\"search_term_string\"}}],\"inLanguage\":\"fr-FR\"},{\"@type\":\"Organization\",\"@id\":\"https:\/\/lyonprivatetours.com\/fr\/#organization\",\"name\":\"Lyon Private Tours\",\"url\":\"https:\/\/lyonprivatetours.com\/fr\/\",\"logo\":{\"@type\":\"ImageObject\",\"inLanguage\":\"fr-FR\",\"@id\":\"https:\/\/lyonprivatetours.com\/fr\/#\/schema\/logo\/image\/\",\"url\":\"https:\/\/lyonprivatetours.com\/wp-content\/uploads\/2024\/02\/Lyon-Private-Tours-logo.jpg\",\"contentUrl\":\"https:\/\/lyonprivatetours.com\/wp-content\/uploads\/2024\/02\/Lyon-Private-Tours-logo.jpg\",\"width\":1080,\"height\":1080,\"caption\":\"Lyon Private Tours\"},\"image\":{\"@id\":\"https:\/\/lyonprivatetours.com\/fr\/#\/schema\/logo\/image\/\"}}]}<\/script>\n<!-- \/ Yoast SEO Premium plugin. -->","yoast_head_json":{"title":"Halles of Lyon Paul Bocuse - Food Tour - Lyon Private Tours","description":"Discover the culinary treasures of Lyon at the renowned Halles of Lyon Paul Bocuse with our immersive and personalized group food tour...","robots":{"index":"index","follow":"follow","max-snippet":"max-snippet:-1","max-image-preview":"max-image-preview:large","max-video-preview":"max-video-preview:-1"},"canonical":"https:\/\/lyonprivatetours.com\/fr\/produit\/halles-of-lyon-paul-bocuse-food-tour\/","og_locale":"fr_FR","og_type":"article","og_title":"Halles of Lyon Paul Bocuse - Food Tour","og_description":"Discover the culinary treasures of Lyon at the renowned Halles of Lyon Paul Bocuse with our immersive and personalized group food tour...","og_url":"https:\/\/lyonprivatetours.com\/fr\/produit\/halles-of-lyon-paul-bocuse-food-tour\/","og_site_name":"Lyon Private Tours","article_modified_time":"2025-02-17T10:58:29+00:00","og_image":[{"width":2560,"height":1920,"url":"https:\/\/lyonprivatetours.com\/wp-content\/uploads\/2024\/03\/3-scaled.jpg","type":"image\/jpeg"}],"twitter_card":"summary_large_image","twitter_misc":{"Dur\u00e9e de lecture estim\u00e9e":"1 minute"},"schema":{"@context":"https:\/\/schema.org","@graph":[{"@type":"WebPage","@id":"https:\/\/lyonprivatetours.com\/product\/halles-of-lyon-paul-bocuse-food-tour\/","url":"https:\/\/lyonprivatetours.com\/product\/halles-of-lyon-paul-bocuse-food-tour\/","name":"Halles of Lyon Paul Bocuse - Food Tour - Lyon Private Tours","isPartOf":{"@id":"https:\/\/lyonprivatetours.com\/fr\/#website"},"primaryImageOfPage":{"@id":"https:\/\/lyonprivatetours.com\/product\/halles-of-lyon-paul-bocuse-food-tour\/#primaryimage"},"image":{"@id":"https:\/\/lyonprivatetours.com\/product\/halles-of-lyon-paul-bocuse-food-tour\/#primaryimage"},"thumbnailUrl":"https:\/\/lyonprivatetours.com\/wp-content\/uploads\/2024\/03\/3-scaled.jpg","datePublished":"2024-02-29T14:33:07+00:00","dateModified":"2025-02-17T10:58:29+00:00","description":"Discover the culinary treasures of Lyon at the renowned Halles of Lyon Paul Bocuse with our immersive and personalized group food tour...","breadcrumb":{"@id":"https:\/\/lyonprivatetours.com\/product\/halles-of-lyon-paul-bocuse-food-tour\/#breadcrumb"},"inLanguage":"fr-FR","potentialAction":[{"@type":"ReadAction","target":["https:\/\/lyonprivatetours.com\/product\/halles-of-lyon-paul-bocuse-food-tour\/"]}]},{"@type":"ImageObject","inLanguage":"fr-FR","@id":"https:\/\/lyonprivatetours.com\/product\/halles-of-lyon-paul-bocuse-food-tour\/#primaryimage","url":"https:\/\/lyonprivatetours.com\/wp-content\/uploads\/2024\/03\/3-scaled.jpg","contentUrl":"https:\/\/lyonprivatetours.com\/wp-content\/uploads\/2024\/03\/3-scaled.jpg","width":2560,"height":1920,"caption":"lyon food tour"},{"@type":"BreadcrumbList","@id":"https:\/\/lyonprivatetours.com\/product\/halles-of-lyon-paul-bocuse-food-tour\/#breadcrumb","itemListElement":[{"@type":"ListItem","position":1,"name":"Accueil","item":"https:\/\/lyonprivatetours.com\/fr\/"},{"@type":"ListItem","position":2,"name":"Book A Tour From Lyon","item":"https:\/\/lyonprivatetours.com\/shop\/"},{"@type":"ListItem","position":3,"name":"Halles of Lyon Paul Bocuse &#8211; Food Tour"}]},{"@type":"WebSite","@id":"https:\/\/lyonprivatetours.com\/fr\/#website","url":"https:\/\/lyonprivatetours.com\/fr\/","name":"Lyon Private Tours","description":"Tours From Lyon","publisher":{"@id":"https:\/\/lyonprivatetours.com\/fr\/#organization"},"potentialAction":[{"@type":"SearchAction","target":{"@type":"EntryPoint","urlTemplate":"https:\/\/lyonprivatetours.com\/fr\/?s={search_term_string}"},"query-input":{"@type":"PropertyValueSpecification","valueRequired":true,"valueName":"search_term_string"}}],"inLanguage":"fr-FR"},{"@type":"Organization","@id":"https:\/\/lyonprivatetours.com\/fr\/#organization","name":"Lyon Private Tours","url":"https:\/\/lyonprivatetours.com\/fr\/","logo":{"@type":"ImageObject","inLanguage":"fr-FR","@id":"https:\/\/lyonprivatetours.com\/fr\/#\/schema\/logo\/image\/","url":"https:\/\/lyonprivatetours.com\/wp-content\/uploads\/2024\/02\/Lyon-Private-Tours-logo.jpg","contentUrl":"https:\/\/lyonprivatetours.com\/wp-content\/uploads\/2024\/02\/Lyon-Private-Tours-logo.jpg","width":1080,"height":1080,"caption":"Lyon Private Tours"},"image":{"@id":"https:\/\/lyonprivatetours.com\/fr\/#\/schema\/logo\/image\/"}}]}},"_links":{"self":[{"href":"https:\/\/lyonprivatetours.com\/fr\/wp-json\/wp\/v2\/product\/5710","targetHints":{"allow":["GET"]}}],"collection":[{"href":"https:\/\/lyonprivatetours.com\/fr\/wp-json\/wp\/v2\/product"}],"about":[{"href":"https:\/\/lyonprivatetours.com\/fr\/wp-json\/wp\/v2\/types\/product"}],"replies":[{"embeddable":true,"href":"https:\/\/lyonprivatetours.com\/fr\/wp-json\/wp\/v2\/comments?post=5710"}],"wp:featuredmedia":[{"embeddable":true,"href":"https:\/\/lyonprivatetours.com\/fr\/wp-json\/wp\/v2\/media\/6299"}],"wp:attachment":[{"href":"https:\/\/lyonprivatetours.com\/fr\/wp-json\/wp\/v2\/media?parent=5710"}],"wp:term":[{"taxonomy":"product_brand","embeddable":true,"href":"https:\/\/lyonprivatetours.com\/fr\/wp-json\/wp\/v2\/product_brand?post=5710"},{"taxonomy":"product_cat","embeddable":true,"href":"https:\/\/lyonprivatetours.com\/fr\/wp-json\/wp\/v2\/product_cat?post=5710"},{"taxonomy":"product_tag","embeddable":true,"href":"https:\/\/lyonprivatetours.com\/fr\/wp-json\/wp\/v2\/product_tag?post=5710"}],"curies":[{"name":"wp","href":"https:\/\/api.w.org\/{rel}","templated":true}]}}