{"id":5714,"date":"2024-02-29T15:40:26","date_gmt":"2024-02-29T14:40:26","guid":{"rendered":"https:\/\/lyonprivatetours.com\/?post_type=product&#038;p=5714"},"modified":"2026-03-23T11:40:33","modified_gmt":"2026-03-23T10:40:33","slug":"northern-rhone-wine-tour-full-day","status":"publish","type":"product","link":"https:\/\/lyonprivatetours.com\/fr\/product\/northern-rhone-wine-tour-full-day\/","title":{"rendered":"Route des vins du Rh\u00f4ne \u2013 journ\u00e9e compl\u00e8te"},"content":{"rendered":"<div class=\"short-description\">\n<div class=\"std\">\n<div class=\"short-description\">\n<div class=\"std\">\n<p>Au d\u00e9part de Lyon, nous nous dirigeons d'abord vers les C\u00f4tes-R\u00f4ties et Condrieu, les deux crus les plus septentrionaux du Rh\u00f4ne pour une premi\u00e8re d\u00e9gustation. Les routes \u00e0 flanc de coteau sont magnifiques et offrent une vue exceptionnelle sur la vall\u00e9e et les Alpes. Apr\u00e8s cette premi\u00e8re d\u00e9gustation, nous continuerons notre route vers Tain l\u2019Hermitage o\u00f9 nous d\u00e9jeunerons (non inclus). Une petite balade sur la mythique colline de l'Ermitage jusqu'\u00e0 la petite chapelle au milieu des vignobles de Chapoutier et Jaboulay. La vue ouvre une perspective sur le Massif Central, les vignes et les Alpes. Nous nous rendrons ensuite \u00e0 la Cave de Tain pour une d\u00e9gustation de vins locaux : Saint-Joseph, Cornas, Crozes-Hermitages, Saint-Peray, Cornas, Hermitage. Retour \u00e0 Lyon en fin de journ\u00e9e.<\/p>\n<\/div>\n<\/div>\n<ul class=\"highlights\">\n<li>D\u00e9gustation de vins C\u00f4tes-R\u00f4ties et Condrieu<\/li>\n<li>La l\u00e9gendaire et mystique colline de l'Ermitage<\/li>\n<li>D\u00e9gustation d'autres Crus du Rh\u00f4ne \u00e0 la Cave de Tain<\/li>\n<\/ul>\n<\/div>\n<\/div>\n<table summary=\"Info\" cellspacing=\"0\">\n<tbody>\n<tr>\n<td>Inclus<\/td>\n<td>Visite guid\u00e9e avec un guide-conf\u00e9rencier<\/td>\n<\/tr>\n<tr>\n<td>Dur\u00e9e<\/td>\n<td>8:00<\/td>\n<\/tr>\n<tr>\n<td>Les Participants<\/td>\n<td>Up to 6 people<\/td>\n<\/tr>\n<tr>\n<td>Langue<\/td>\n<td>Anglais \/ Fran\u00e7ais \u2013 <a href=\"https:\/\/lyonprivatetours.com\/fr\/contacts\/\">Demander \u00e0 d&#039;autres de la tourn\u00e9e de la langue<\/a><\/td>\n<\/tr>\n<\/tbody>\n<\/table>","protected":false},"excerpt":{"rendered":"<p><strong>Up to 6 people &#8211; 45\u20ac\/person for the wine tastings!<\/strong><\/p>\n<p>Une journ\u00e9e compl\u00e8te pour d\u00e9couvrir les crus du nord de la Vall\u00e9e du Rh\u00f4ne.<\/p>\n<table>\n<tbody>\n<tr>\n<td>V\u00e9hicule<\/td>\n<td>7 Seats Peugeot 5008 Allure Hybrid &#8211; <a href=\"https:\/\/lyonprivatetours.com\/fr\/contacts\/\">Besoin d'un plus grand v\u00e9hicule ? Demandez-nous un devis<\/a><\/td>\n<\/tr>\n<\/tbody>\n<\/table>","protected":false},"featured_media":6370,"comment_status":"open","ping_status":"closed","template":"","meta":{"rs_blank_template":"","rs_page_bg_color":"","slide_template_v7":""},"product_brand":[],"product_cat":[83,77],"product_tag":[],"class_list":{"0":"post-5714","1":"product","2":"type-product","3":"status-publish","4":"has-post-thumbnail","6":"product_cat-rhone-valley","7":"product_cat-wine-tour","9":"first","10":"instock","11":"virtual","12":"purchasable","13":"product-type-appointment"},"exclude_global_add_ons":false,"addons":[{"name":"Nombre de personnes","type":"multiple_choice","position":0,"required":true,"title_format":"label","default":"","description_enable":false,"description":"","placeholder_enable":false,"placeholder":"","display":"select","restrictions_type":"any_text","adjust_price":false,"price":"","price_type":"flat_fee","restrictions":false,"min":"0","max":"0","options":[{"label":"1","price":"45","price_type":"flat_fee","image":0,"visibility":true},{"label":"2","price":"90","price_type":"flat_fee","image":0,"visibility":true},{"label":"3","price":"135","price_type":"flat_fee","image":0,"visibility":true},{"label":"4","price":"180","price_type":"flat_fee","image":0,"visibility":true},{"label":"5","price":"225","price_type":"flat_fee","image":0,"visibility":true},{"label":"6","price":"270","price_type":"flat_fee","image":0,"visibility":true}],"id":1719400188},{"name":"Language pr\u00e9f\u00e9r\u00e9","type":"custom_text","position":1,"required":true,"title_format":"label","default":"","description_enable":false,"description":"","placeholder_enable":false,"placeholder":"","display":"select","restrictions_type":"any_text","adjust_price":false,"price":"","price_type":"flat_fee","restrictions":false,"min":"0","max":"0","options":[],"id":1713791064},{"name":"Meeting Point","type":"custom_text","position":2,"required":false,"title_format":"label","default":"","description_enable":false,"description":"","placeholder_enable":false,"placeholder":"","display":"select","restrictions_type":"any_text","adjust_price":false,"price":"","price_type":"flat_fee","restrictions":false,"min":"0","max":"0","options":[],"id":1717685619}],"yoast_head":"<!-- This site is optimized with the Yoast SEO Premium plugin v26.7 (Yoast SEO v27.4) - https:\/\/yoast.com\/product\/yoast-seo-premium-wordpress\/ -->\n<title>Northern Rhone Wine Tour - Full day - Lyon Private Tours<\/title>\n<meta name=\"description\" content=\"A full day tour to discover the crus of the Northern Rh\u00f4ne Valley with our wine group tour from Lyon.\" \/>\n<meta name=\"robots\" content=\"index, follow, max-snippet:-1, max-image-preview:large, max-video-preview:-1\" \/>\n<link rel=\"canonical\" href=\"https:\/\/lyonprivatetours.com\/fr\/produit\/northern-rhone-wine-tour-full-day\/\" \/>\n<meta property=\"og:locale\" content=\"fr_FR\" \/>\n<meta property=\"og:type\" content=\"article\" \/>\n<meta property=\"og:title\" content=\"Northern Rhone Wine Tour - Full day\" \/>\n<meta property=\"og:description\" content=\"A full day tour to discover the crus of the Northern Rh\u00f4ne Valley with our wine group tour from Lyon.\" \/>\n<meta property=\"og:url\" content=\"https:\/\/lyonprivatetours.com\/fr\/produit\/northern-rhone-wine-tour-full-day\/\" \/>\n<meta property=\"og:site_name\" content=\"Lyon Private Tours\" \/>\n<meta property=\"article:modified_time\" content=\"2026-03-23T10:40:33+00:00\" \/>\n<meta property=\"og:image\" content=\"https:\/\/lyonprivatetours.com\/wp-content\/uploads\/2019\/02\/Main-Pic-6-scaled.jpg\" \/>\n\t<meta property=\"og:image:width\" content=\"2560\" \/>\n\t<meta property=\"og:image:height\" content=\"1920\" \/>\n\t<meta property=\"og:image:type\" content=\"image\/jpeg\" \/>\n<meta name=\"twitter:card\" content=\"summary_large_image\" \/>\n<meta name=\"twitter:label1\" content=\"Dur\u00e9e de lecture estim\u00e9e\" \/>\n\t<meta name=\"twitter:data1\" content=\"1 minute\" \/>\n<script type=\"application\/ld+json\" class=\"yoast-schema-graph\">{\"@context\":\"https:\\\/\\\/schema.org\",\"@graph\":[{\"@type\":\"WebPage\",\"@id\":\"https:\\\/\\\/lyonprivatetours.com\\\/product\\\/northern-rhone-wine-tour-full-day\\\/\",\"url\":\"https:\\\/\\\/lyonprivatetours.com\\\/product\\\/northern-rhone-wine-tour-full-day\\\/\",\"name\":\"Northern Rhone Wine Tour - Full day - Lyon Private Tours\",\"isPartOf\":{\"@id\":\"https:\\\/\\\/lyonprivatetours.com\\\/fr\\\/#website\"},\"primaryImageOfPage\":{\"@id\":\"https:\\\/\\\/lyonprivatetours.com\\\/product\\\/northern-rhone-wine-tour-full-day\\\/#primaryimage\"},\"image\":{\"@id\":\"https:\\\/\\\/lyonprivatetours.com\\\/product\\\/northern-rhone-wine-tour-full-day\\\/#primaryimage\"},\"thumbnailUrl\":\"https:\\\/\\\/lyonprivatetours.com\\\/wp-content\\\/uploads\\\/2019\\\/02\\\/Main-Pic-6-scaled.jpg\",\"datePublished\":\"2024-02-29T14:40:26+00:00\",\"dateModified\":\"2026-03-23T10:40:33+00:00\",\"description\":\"A full day tour to discover the crus of the Northern Rh\u00f4ne Valley with our wine group tour from Lyon.\",\"breadcrumb\":{\"@id\":\"https:\\\/\\\/lyonprivatetours.com\\\/product\\\/northern-rhone-wine-tour-full-day\\\/#breadcrumb\"},\"inLanguage\":\"fr-FR\",\"potentialAction\":[{\"@type\":\"ReadAction\",\"target\":[\"https:\\\/\\\/lyonprivatetours.com\\\/product\\\/northern-rhone-wine-tour-full-day\\\/\"]}]},{\"@type\":\"ImageObject\",\"inLanguage\":\"fr-FR\",\"@id\":\"https:\\\/\\\/lyonprivatetours.com\\\/product\\\/northern-rhone-wine-tour-full-day\\\/#primaryimage\",\"url\":\"https:\\\/\\\/lyonprivatetours.com\\\/wp-content\\\/uploads\\\/2019\\\/02\\\/Main-Pic-6-scaled.jpg\",\"contentUrl\":\"https:\\\/\\\/lyonprivatetours.com\\\/wp-content\\\/uploads\\\/2019\\\/02\\\/Main-Pic-6-scaled.jpg\",\"width\":2560,\"height\":1920,\"caption\":\"cotes r\u00f4ties Condrieu hermitage wine tour\"},{\"@type\":\"BreadcrumbList\",\"@id\":\"https:\\\/\\\/lyonprivatetours.com\\\/product\\\/northern-rhone-wine-tour-full-day\\\/#breadcrumb\",\"itemListElement\":[{\"@type\":\"ListItem\",\"position\":1,\"name\":\"Accueil\",\"item\":\"https:\\\/\\\/lyonprivatetours.com\\\/fr\\\/\"},{\"@type\":\"ListItem\",\"position\":2,\"name\":\"Book A Tour From Lyon\",\"item\":\"https:\\\/\\\/lyonprivatetours.com\\\/shop\\\/\"},{\"@type\":\"ListItem\",\"position\":3,\"name\":\"Northern Rhone Wine Tour &#8211; Full day\"}]},{\"@type\":\"WebSite\",\"@id\":\"https:\\\/\\\/lyonprivatetours.com\\\/fr\\\/#website\",\"url\":\"https:\\\/\\\/lyonprivatetours.com\\\/fr\\\/\",\"name\":\"Lyon Private Tours\",\"description\":\"Tours From Lyon\",\"publisher\":{\"@id\":\"https:\\\/\\\/lyonprivatetours.com\\\/fr\\\/#organization\"},\"potentialAction\":[{\"@type\":\"SearchAction\",\"target\":{\"@type\":\"EntryPoint\",\"urlTemplate\":\"https:\\\/\\\/lyonprivatetours.com\\\/fr\\\/?s={search_term_string}\"},\"query-input\":{\"@type\":\"PropertyValueSpecification\",\"valueRequired\":true,\"valueName\":\"search_term_string\"}}],\"inLanguage\":\"fr-FR\"},{\"@type\":\"Organization\",\"@id\":\"https:\\\/\\\/lyonprivatetours.com\\\/fr\\\/#organization\",\"name\":\"Lyon Private Tours\",\"url\":\"https:\\\/\\\/lyonprivatetours.com\\\/fr\\\/\",\"logo\":{\"@type\":\"ImageObject\",\"inLanguage\":\"fr-FR\",\"@id\":\"https:\\\/\\\/lyonprivatetours.com\\\/fr\\\/#\\\/schema\\\/logo\\\/image\\\/\",\"url\":\"https:\\\/\\\/lyonprivatetours.com\\\/wp-content\\\/uploads\\\/2024\\\/02\\\/Lyon-Private-Tours-logo.jpg\",\"contentUrl\":\"https:\\\/\\\/lyonprivatetours.com\\\/wp-content\\\/uploads\\\/2024\\\/02\\\/Lyon-Private-Tours-logo.jpg\",\"width\":1080,\"height\":1080,\"caption\":\"Lyon Private Tours\"},\"image\":{\"@id\":\"https:\\\/\\\/lyonprivatetours.com\\\/fr\\\/#\\\/schema\\\/logo\\\/image\\\/\"}}]}<\/script>\n<!-- \/ Yoast SEO Premium plugin. -->","yoast_head_json":{"title":"Northern Rhone Wine Tour - Full day - Lyon Private Tours","description":"A full day tour to discover the crus of the Northern Rh\u00f4ne Valley with our wine group tour from Lyon.","robots":{"index":"index","follow":"follow","max-snippet":"max-snippet:-1","max-image-preview":"max-image-preview:large","max-video-preview":"max-video-preview:-1"},"canonical":"https:\/\/lyonprivatetours.com\/fr\/produit\/northern-rhone-wine-tour-full-day\/","og_locale":"fr_FR","og_type":"article","og_title":"Northern Rhone Wine Tour - Full day","og_description":"A full day tour to discover the crus of the Northern Rh\u00f4ne Valley with our wine group tour from Lyon.","og_url":"https:\/\/lyonprivatetours.com\/fr\/produit\/northern-rhone-wine-tour-full-day\/","og_site_name":"Lyon Private Tours","article_modified_time":"2026-03-23T10:40:33+00:00","og_image":[{"width":2560,"height":1920,"url":"https:\/\/lyonprivatetours.com\/wp-content\/uploads\/2019\/02\/Main-Pic-6-scaled.jpg","type":"image\/jpeg"}],"twitter_card":"summary_large_image","twitter_misc":{"Dur\u00e9e de lecture estim\u00e9e":"1 minute"},"schema":{"@context":"https:\/\/schema.org","@graph":[{"@type":"WebPage","@id":"https:\/\/lyonprivatetours.com\/product\/northern-rhone-wine-tour-full-day\/","url":"https:\/\/lyonprivatetours.com\/product\/northern-rhone-wine-tour-full-day\/","name":"Northern Rhone Wine Tour - Full day - Lyon Private Tours","isPartOf":{"@id":"https:\/\/lyonprivatetours.com\/fr\/#website"},"primaryImageOfPage":{"@id":"https:\/\/lyonprivatetours.com\/product\/northern-rhone-wine-tour-full-day\/#primaryimage"},"image":{"@id":"https:\/\/lyonprivatetours.com\/product\/northern-rhone-wine-tour-full-day\/#primaryimage"},"thumbnailUrl":"https:\/\/lyonprivatetours.com\/wp-content\/uploads\/2019\/02\/Main-Pic-6-scaled.jpg","datePublished":"2024-02-29T14:40:26+00:00","dateModified":"2026-03-23T10:40:33+00:00","description":"A full day tour to discover the crus of the Northern Rh\u00f4ne Valley with our wine group tour from Lyon.","breadcrumb":{"@id":"https:\/\/lyonprivatetours.com\/product\/northern-rhone-wine-tour-full-day\/#breadcrumb"},"inLanguage":"fr-FR","potentialAction":[{"@type":"ReadAction","target":["https:\/\/lyonprivatetours.com\/product\/northern-rhone-wine-tour-full-day\/"]}]},{"@type":"ImageObject","inLanguage":"fr-FR","@id":"https:\/\/lyonprivatetours.com\/product\/northern-rhone-wine-tour-full-day\/#primaryimage","url":"https:\/\/lyonprivatetours.com\/wp-content\/uploads\/2019\/02\/Main-Pic-6-scaled.jpg","contentUrl":"https:\/\/lyonprivatetours.com\/wp-content\/uploads\/2019\/02\/Main-Pic-6-scaled.jpg","width":2560,"height":1920,"caption":"cotes r\u00f4ties Condrieu hermitage wine tour"},{"@type":"BreadcrumbList","@id":"https:\/\/lyonprivatetours.com\/product\/northern-rhone-wine-tour-full-day\/#breadcrumb","itemListElement":[{"@type":"ListItem","position":1,"name":"Accueil","item":"https:\/\/lyonprivatetours.com\/fr\/"},{"@type":"ListItem","position":2,"name":"Book A Tour From Lyon","item":"https:\/\/lyonprivatetours.com\/shop\/"},{"@type":"ListItem","position":3,"name":"Northern Rhone Wine Tour &#8211; Full day"}]},{"@type":"WebSite","@id":"https:\/\/lyonprivatetours.com\/fr\/#website","url":"https:\/\/lyonprivatetours.com\/fr\/","name":"Lyon Private Tours","description":"Tours From Lyon","publisher":{"@id":"https:\/\/lyonprivatetours.com\/fr\/#organization"},"potentialAction":[{"@type":"SearchAction","target":{"@type":"EntryPoint","urlTemplate":"https:\/\/lyonprivatetours.com\/fr\/?s={search_term_string}"},"query-input":{"@type":"PropertyValueSpecification","valueRequired":true,"valueName":"search_term_string"}}],"inLanguage":"fr-FR"},{"@type":"Organization","@id":"https:\/\/lyonprivatetours.com\/fr\/#organization","name":"Lyon Private Tours","url":"https:\/\/lyonprivatetours.com\/fr\/","logo":{"@type":"ImageObject","inLanguage":"fr-FR","@id":"https:\/\/lyonprivatetours.com\/fr\/#\/schema\/logo\/image\/","url":"https:\/\/lyonprivatetours.com\/wp-content\/uploads\/2024\/02\/Lyon-Private-Tours-logo.jpg","contentUrl":"https:\/\/lyonprivatetours.com\/wp-content\/uploads\/2024\/02\/Lyon-Private-Tours-logo.jpg","width":1080,"height":1080,"caption":"Lyon Private Tours"},"image":{"@id":"https:\/\/lyonprivatetours.com\/fr\/#\/schema\/logo\/image\/"}}]}},"_links":{"self":[{"href":"https:\/\/lyonprivatetours.com\/fr\/wp-json\/wp\/v2\/product\/5714","targetHints":{"allow":["GET"]}}],"collection":[{"href":"https:\/\/lyonprivatetours.com\/fr\/wp-json\/wp\/v2\/product"}],"about":[{"href":"https:\/\/lyonprivatetours.com\/fr\/wp-json\/wp\/v2\/types\/product"}],"replies":[{"embeddable":true,"href":"https:\/\/lyonprivatetours.com\/fr\/wp-json\/wp\/v2\/comments?post=5714"}],"wp:featuredmedia":[{"embeddable":true,"href":"https:\/\/lyonprivatetours.com\/fr\/wp-json\/wp\/v2\/media\/6370"}],"wp:attachment":[{"href":"https:\/\/lyonprivatetours.com\/fr\/wp-json\/wp\/v2\/media?parent=5714"}],"wp:term":[{"taxonomy":"product_brand","embeddable":true,"href":"https:\/\/lyonprivatetours.com\/fr\/wp-json\/wp\/v2\/product_brand?post=5714"},{"taxonomy":"product_cat","embeddable":true,"href":"https:\/\/lyonprivatetours.com\/fr\/wp-json\/wp\/v2\/product_cat?post=5714"},{"taxonomy":"product_tag","embeddable":true,"href":"https:\/\/lyonprivatetours.com\/fr\/wp-json\/wp\/v2\/product_tag?post=5714"}],"curies":[{"name":"wp","href":"https:\/\/api.w.org\/{rel}","templated":true}]}}