{"id":5715,"date":"2024-02-29T15:43:23","date_gmt":"2024-02-29T14:43:23","guid":{"rendered":"https:\/\/lyonprivatetours.com\/?post_type=product&#038;p=5715"},"modified":"2026-01-16T17:56:08","modified_gmt":"2026-01-16T16:56:08","slug":"beaujolais-wine-tour-full-day","status":"publish","type":"product","link":"https:\/\/lyonprivatetours.com\/fr\/product\/beaujolais-wine-tour-full-day\/","title":{"rendered":"Tour du Beaujolais \u2013 Journ\u00e9e Compl\u00e8te"},"content":{"rendered":"<div class=\"short-description\">\n<div class=\"std\">\n<div class=\"short-description\">\n<div class=\"std\">\n<div class=\"short-description\">\n<div class=\"std\">Depuis Lyon, direction le Beaujolais ! Premi\u00e8re \u00e9tape au pays des pierres dor\u00e9es, avec la visite d'Oingt, \u00e9lu l'un des plus beaux villages de France avec son architecture typique et ses vestiges m\u00e9di\u00e9vaux. Une premi\u00e8re d\u00e9gustation de vin chez un vigneron local, avec quelques saucissons et fromages du coin ! D\u00e9jeuner dans un restaurant local du Beaujolais, non inclus. Nous nous dirigeons ensuite vers l'appellation Fleurie qui fait partie des Crus du Beaujolais, la partie la plus septentrionale juste \u00e0 la fronti\u00e8re avec la Bourgogne. L\u00e0, petite balade \u00e0 travers les vignes jusqu'\u00e0 un panorama spectaculaire, suivie d'une nouvelle d\u00e9gustation de plusieurs crus du Beaujolais.<\/div>\n<\/div>\n<ul class=\"highlights\">\n<li>Exploration de la campagne et des pierres dor\u00e9es<\/li>\n<li>D\u00e9gustation de plusieurs vins ayant l'appelation du Beaujolais<\/li>\n<li>Visite d'Oingt, \u00e9lu l'un des plus beaux village de France<\/li>\n<li>D\u00e9couverte des vins locaux<\/li>\n<\/ul>\n<table style=\"height: 84px;\" width=\"568\">\n<tbody>\n<tr>\n<td>V\u00e9hicule<\/td>\n<td>7 Seats Peugeot 5008 Allure Hybrid &#8211; <a href=\"https:\/\/lyonprivatetours.com\/fr\/contacts\/\">Besoin d'un plus grand v\u00e9hicule ? Demandez-nous un devis<\/a><\/td>\n<\/tr>\n<\/tbody>\n<\/table>\n<table style=\"height: 394px;\" summary=\"Info\" width=\"567\" cellspacing=\"0\">\n<tbody>\n<tr>\n<td>Inclus<\/td>\n<td>Visite guid\u00e9e avec un guide-conf\u00e9rencier<\/td>\n<\/tr>\n<tr>\n<td>Dur\u00e9e<\/td>\n<td>7:00<\/td>\n<\/tr>\n<tr>\n<td>Les Participants<\/td>\n<td>Up to 6 people &#8211; <a href=\"https:\/\/lyonprivatetours.com\/fr\/contacts\/\">Demandez pour plus d&#039;<\/a><\/td>\n<\/tr>\n<tr>\n<td>Langue<\/td>\n<td>Anglais \/ Fran\u00e7ais \u2013 <a href=\"https:\/\/lyonprivatetours.com\/fr\/contacts\/\">Autres langues disponibles sur demande<\/a><\/td>\n<\/tr>\n<\/tbody>\n<\/table>\n<\/div>\n<\/div>\n<\/div>\n<\/div>","protected":false},"excerpt":{"rendered":"<div class=\"short-description\">\n<div class=\"std\">\n<p data-start=\"55\" data-end=\"252\"><strong>Up to 6 people &#8211; 45\u20ac\/person for the wine tastings!<\/strong><\/p>\n<p data-start=\"55\" data-end=\"252\">Discover the rich diversity of <strong data-start=\"86\" data-end=\"106\">Beaujolais wines<\/strong> on this <strong data-start=\"115\" data-end=\"140\">full-day private tour<\/strong>, exploring both the <strong data-start=\"161\" data-end=\"197\">Golden Stone region in the south<\/strong> and the prestigious <strong data-start=\"218\" data-end=\"249\">Crus vineyards in the north<\/strong>.<\/p>\n<p data-start=\"254\" data-end=\"725\">Start your journey in the <strong data-start=\"280\" data-end=\"315\">picturesque southern Beaujolais<\/strong>, known for its rolling hills, charming medieval villages like <strong data-start=\"378\" data-end=\"387\">Oingt<\/strong>, and distinctive golden-hued stone architecture. Then, continue north into the <strong data-start=\"467\" data-end=\"488\">Crus appellations<\/strong>, where Beaujolais\u2019 most esteemed wines are produced. Visit <strong data-start=\"548\" data-end=\"569\">renowned wineries<\/strong>, meet passionate winemakers, and enjoy guided tastings of <strong data-start=\"628\" data-end=\"651\">elegant Gamay wines<\/strong>, from the light and fruity styles to the more complex, age-worthy Crus.<\/p>\n<p data-start=\"727\" data-end=\"1119\" data-is-last-node=\"\" data-is-only-node=\"\">Highlights include exploring the scenic <strong data-start=\"767\" data-end=\"792\">Golden Stone villages<\/strong>, tasting a variety of Beaujolais wines at <strong data-start=\"835\" data-end=\"857\">two local wineries<\/strong>, and discovering the terroirs that make the <strong data-start=\"902\" data-end=\"924\">Crus of Beaujolais<\/strong>, such as Morgon, Fleurie, and Moulin-\u00e0-Vent, truly exceptional. With private transportation and an expert guide, this tour offers a perfect balance of history, landscapes, and world-class wines.<\/p>\n<table>\n<tbody>\n<tr>\n<td>V\u00e9hicule<\/td>\n<td>7 Seats Peugeot 5008 Allure Hybrid &#8211; <a href=\"https:\/\/lyonprivatetours.com\/fr\/contacts\/\">Besoin d'un plus grand v\u00e9hicule ? Demandez-nous un devis<\/a><\/td>\n<\/tr>\n<\/tbody>\n<\/table>\n<\/div>\n<\/div>","protected":false},"featured_media":5428,"comment_status":"open","ping_status":"closed","template":"","meta":{"rs_blank_template":"","rs_page_bg_color":"","slide_template_v7":""},"product_brand":[],"product_cat":[75,77],"product_tag":[],"class_list":{"0":"post-5715","1":"product","2":"type-product","3":"status-publish","4":"has-post-thumbnail","6":"product_cat-beaujolais","7":"product_cat-wine-tour","9":"first","10":"instock","11":"virtual","12":"purchasable","13":"product-type-appointment"},"exclude_global_add_ons":false,"addons":[{"name":"Nombre de personnes","type":"multiple_choice","position":0,"required":true,"title_format":"label","default":"","description_enable":true,"description":"<b><a href=\"https:\/\/lyonprivatetours.com\/fr\/contacts\/\">Demandez un devis pour plus de participants<\/a><\/b>","placeholder_enable":false,"placeholder":"","display":"select","restrictions_type":"any_text","adjust_price":false,"price":"","price_type":"flat_fee","restrictions":false,"min":"0","max":"0","options":[{"label":"1","price":"45","price_type":"flat_fee","image":0,"visibility":true},{"label":"2","price":"90","price_type":"flat_fee","image":0,"visibility":true},{"label":"3","price":"135","price_type":"flat_fee","image":0,"visibility":true},{"label":"4","price":"180","price_type":"flat_fee","image":0,"visibility":true},{"label":"5","price":"225","price_type":"flat_fee","image":0,"visibility":true},{"label":"6","price":"270","price_type":"flat_fee","image":0,"visibility":true}],"id":1713791347},{"name":"Preferred Tour Langage","type":"custom_text","position":1,"required":false,"title_format":"label","default":"","description_enable":false,"description":"","placeholder_enable":false,"placeholder":"","display":"select","restrictions_type":"any_text","adjust_price":false,"price":"","price_type":"flat_fee","restrictions":false,"min":"0","max":"0","options":[],"id":1717685557},{"name":"Meeting Point","type":"custom_text","position":2,"required":false,"title_format":"label","default":"","description_enable":false,"description":"","placeholder_enable":false,"placeholder":"","display":"select","restrictions_type":"any_text","adjust_price":false,"price":"","price_type":"flat_fee","restrictions":false,"min":"0","max":"0","options":[],"id":1717685558}],"yoast_head":"<!-- This site is optimized with the Yoast SEO Premium plugin v26.7 (Yoast SEO v27.4) - https:\/\/yoast.com\/product\/yoast-seo-premium-wordpress\/ -->\n<title>Beaujolais Wine Tour - Full Day - Lyon Private Tours<\/title>\n<meta name=\"description\" content=\"This Beaujolais wine tour includes a wine tasting at a local winemaker&#039;s, a walk through the vineyards and another tasting of several Beaujolais Crus.\" \/>\n<meta name=\"robots\" content=\"index, follow, max-snippet:-1, max-image-preview:large, max-video-preview:-1\" \/>\n<link rel=\"canonical\" href=\"https:\/\/lyonprivatetours.com\/fr\/produit\/beaujolais-wine-tour-full-day\/\" \/>\n<meta property=\"og:locale\" content=\"fr_FR\" \/>\n<meta property=\"og:type\" content=\"article\" \/>\n<meta property=\"og:title\" content=\"Beaujolais Wine Tour - Full Day\" \/>\n<meta property=\"og:description\" content=\"This Beaujolais wine tour includes a wine tasting at a local winemaker&#039;s, a walk through the vineyards and another tasting of several Beaujolais Crus.\" \/>\n<meta property=\"og:url\" content=\"https:\/\/lyonprivatetours.com\/fr\/produit\/beaujolais-wine-tour-full-day\/\" \/>\n<meta property=\"og:site_name\" content=\"Lyon Private Tours\" \/>\n<meta property=\"article:modified_time\" content=\"2026-01-16T16:56:08+00:00\" \/>\n<meta property=\"og:image\" content=\"https:\/\/lyonprivatetours.com\/wp-content\/uploads\/2024\/02\/IMG20230530104501-scaled.jpg\" \/>\n\t<meta property=\"og:image:width\" content=\"2560\" \/>\n\t<meta property=\"og:image:height\" content=\"1920\" \/>\n\t<meta property=\"og:image:type\" content=\"image\/jpeg\" \/>\n<meta name=\"twitter:card\" content=\"summary_large_image\" \/>\n<meta name=\"twitter:label1\" content=\"Dur\u00e9e de lecture estim\u00e9e\" \/>\n\t<meta name=\"twitter:data1\" content=\"1 minute\" \/>\n<script type=\"application\/ld+json\" class=\"yoast-schema-graph\">{\"@context\":\"https:\\\/\\\/schema.org\",\"@graph\":[{\"@type\":\"WebPage\",\"@id\":\"https:\\\/\\\/lyonprivatetours.com\\\/product\\\/beaujolais-wine-tour-full-day\\\/\",\"url\":\"https:\\\/\\\/lyonprivatetours.com\\\/product\\\/beaujolais-wine-tour-full-day\\\/\",\"name\":\"Beaujolais Wine Tour - Full Day - Lyon Private Tours\",\"isPartOf\":{\"@id\":\"https:\\\/\\\/lyonprivatetours.com\\\/fr\\\/#website\"},\"primaryImageOfPage\":{\"@id\":\"https:\\\/\\\/lyonprivatetours.com\\\/product\\\/beaujolais-wine-tour-full-day\\\/#primaryimage\"},\"image\":{\"@id\":\"https:\\\/\\\/lyonprivatetours.com\\\/product\\\/beaujolais-wine-tour-full-day\\\/#primaryimage\"},\"thumbnailUrl\":\"https:\\\/\\\/lyonprivatetours.com\\\/wp-content\\\/uploads\\\/2024\\\/02\\\/IMG20230530104501-scaled.jpg\",\"datePublished\":\"2024-02-29T14:43:23+00:00\",\"dateModified\":\"2026-01-16T16:56:08+00:00\",\"description\":\"This Beaujolais wine tour includes a wine tasting at a local winemaker's, a walk through the vineyards and another tasting of several Beaujolais Crus.\",\"breadcrumb\":{\"@id\":\"https:\\\/\\\/lyonprivatetours.com\\\/product\\\/beaujolais-wine-tour-full-day\\\/#breadcrumb\"},\"inLanguage\":\"fr-FR\",\"potentialAction\":[{\"@type\":\"ReadAction\",\"target\":[\"https:\\\/\\\/lyonprivatetours.com\\\/product\\\/beaujolais-wine-tour-full-day\\\/\"]}]},{\"@type\":\"ImageObject\",\"inLanguage\":\"fr-FR\",\"@id\":\"https:\\\/\\\/lyonprivatetours.com\\\/product\\\/beaujolais-wine-tour-full-day\\\/#primaryimage\",\"url\":\"https:\\\/\\\/lyonprivatetours.com\\\/wp-content\\\/uploads\\\/2024\\\/02\\\/IMG20230530104501-scaled.jpg\",\"contentUrl\":\"https:\\\/\\\/lyonprivatetours.com\\\/wp-content\\\/uploads\\\/2024\\\/02\\\/IMG20230530104501-scaled.jpg\",\"width\":2560,\"height\":1920,\"caption\":\"beaujolais wine tour\"},{\"@type\":\"BreadcrumbList\",\"@id\":\"https:\\\/\\\/lyonprivatetours.com\\\/product\\\/beaujolais-wine-tour-full-day\\\/#breadcrumb\",\"itemListElement\":[{\"@type\":\"ListItem\",\"position\":1,\"name\":\"Accueil\",\"item\":\"https:\\\/\\\/lyonprivatetours.com\\\/fr\\\/\"},{\"@type\":\"ListItem\",\"position\":2,\"name\":\"Book A Tour From Lyon\",\"item\":\"https:\\\/\\\/lyonprivatetours.com\\\/shop\\\/\"},{\"@type\":\"ListItem\",\"position\":3,\"name\":\"Beaujolais Wine Tour &#8211; Full Day\"}]},{\"@type\":\"WebSite\",\"@id\":\"https:\\\/\\\/lyonprivatetours.com\\\/fr\\\/#website\",\"url\":\"https:\\\/\\\/lyonprivatetours.com\\\/fr\\\/\",\"name\":\"Lyon Private Tours\",\"description\":\"Tours From Lyon\",\"publisher\":{\"@id\":\"https:\\\/\\\/lyonprivatetours.com\\\/fr\\\/#organization\"},\"potentialAction\":[{\"@type\":\"SearchAction\",\"target\":{\"@type\":\"EntryPoint\",\"urlTemplate\":\"https:\\\/\\\/lyonprivatetours.com\\\/fr\\\/?s={search_term_string}\"},\"query-input\":{\"@type\":\"PropertyValueSpecification\",\"valueRequired\":true,\"valueName\":\"search_term_string\"}}],\"inLanguage\":\"fr-FR\"},{\"@type\":\"Organization\",\"@id\":\"https:\\\/\\\/lyonprivatetours.com\\\/fr\\\/#organization\",\"name\":\"Lyon Private Tours\",\"url\":\"https:\\\/\\\/lyonprivatetours.com\\\/fr\\\/\",\"logo\":{\"@type\":\"ImageObject\",\"inLanguage\":\"fr-FR\",\"@id\":\"https:\\\/\\\/lyonprivatetours.com\\\/fr\\\/#\\\/schema\\\/logo\\\/image\\\/\",\"url\":\"https:\\\/\\\/lyonprivatetours.com\\\/wp-content\\\/uploads\\\/2024\\\/02\\\/Lyon-Private-Tours-logo.jpg\",\"contentUrl\":\"https:\\\/\\\/lyonprivatetours.com\\\/wp-content\\\/uploads\\\/2024\\\/02\\\/Lyon-Private-Tours-logo.jpg\",\"width\":1080,\"height\":1080,\"caption\":\"Lyon Private Tours\"},\"image\":{\"@id\":\"https:\\\/\\\/lyonprivatetours.com\\\/fr\\\/#\\\/schema\\\/logo\\\/image\\\/\"}}]}<\/script>\n<!-- \/ Yoast SEO Premium plugin. -->","yoast_head_json":{"title":"Beaujolais Wine Tour - Full Day - Lyon Private Tours","description":"This Beaujolais wine tour includes a wine tasting at a local winemaker's, a walk through the vineyards and another tasting of several Beaujolais Crus.","robots":{"index":"index","follow":"follow","max-snippet":"max-snippet:-1","max-image-preview":"max-image-preview:large","max-video-preview":"max-video-preview:-1"},"canonical":"https:\/\/lyonprivatetours.com\/fr\/produit\/beaujolais-wine-tour-full-day\/","og_locale":"fr_FR","og_type":"article","og_title":"Beaujolais Wine Tour - Full Day","og_description":"This Beaujolais wine tour includes a wine tasting at a local winemaker's, a walk through the vineyards and another tasting of several Beaujolais Crus.","og_url":"https:\/\/lyonprivatetours.com\/fr\/produit\/beaujolais-wine-tour-full-day\/","og_site_name":"Lyon Private Tours","article_modified_time":"2026-01-16T16:56:08+00:00","og_image":[{"width":2560,"height":1920,"url":"https:\/\/lyonprivatetours.com\/wp-content\/uploads\/2024\/02\/IMG20230530104501-scaled.jpg","type":"image\/jpeg"}],"twitter_card":"summary_large_image","twitter_misc":{"Dur\u00e9e de lecture estim\u00e9e":"1 minute"},"schema":{"@context":"https:\/\/schema.org","@graph":[{"@type":"WebPage","@id":"https:\/\/lyonprivatetours.com\/product\/beaujolais-wine-tour-full-day\/","url":"https:\/\/lyonprivatetours.com\/product\/beaujolais-wine-tour-full-day\/","name":"Beaujolais Wine Tour - Full Day - Lyon Private Tours","isPartOf":{"@id":"https:\/\/lyonprivatetours.com\/fr\/#website"},"primaryImageOfPage":{"@id":"https:\/\/lyonprivatetours.com\/product\/beaujolais-wine-tour-full-day\/#primaryimage"},"image":{"@id":"https:\/\/lyonprivatetours.com\/product\/beaujolais-wine-tour-full-day\/#primaryimage"},"thumbnailUrl":"https:\/\/lyonprivatetours.com\/wp-content\/uploads\/2024\/02\/IMG20230530104501-scaled.jpg","datePublished":"2024-02-29T14:43:23+00:00","dateModified":"2026-01-16T16:56:08+00:00","description":"This Beaujolais wine tour includes a wine tasting at a local winemaker's, a walk through the vineyards and another tasting of several Beaujolais Crus.","breadcrumb":{"@id":"https:\/\/lyonprivatetours.com\/product\/beaujolais-wine-tour-full-day\/#breadcrumb"},"inLanguage":"fr-FR","potentialAction":[{"@type":"ReadAction","target":["https:\/\/lyonprivatetours.com\/product\/beaujolais-wine-tour-full-day\/"]}]},{"@type":"ImageObject","inLanguage":"fr-FR","@id":"https:\/\/lyonprivatetours.com\/product\/beaujolais-wine-tour-full-day\/#primaryimage","url":"https:\/\/lyonprivatetours.com\/wp-content\/uploads\/2024\/02\/IMG20230530104501-scaled.jpg","contentUrl":"https:\/\/lyonprivatetours.com\/wp-content\/uploads\/2024\/02\/IMG20230530104501-scaled.jpg","width":2560,"height":1920,"caption":"beaujolais wine tour"},{"@type":"BreadcrumbList","@id":"https:\/\/lyonprivatetours.com\/product\/beaujolais-wine-tour-full-day\/#breadcrumb","itemListElement":[{"@type":"ListItem","position":1,"name":"Accueil","item":"https:\/\/lyonprivatetours.com\/fr\/"},{"@type":"ListItem","position":2,"name":"Book A Tour From Lyon","item":"https:\/\/lyonprivatetours.com\/shop\/"},{"@type":"ListItem","position":3,"name":"Beaujolais Wine Tour &#8211; Full Day"}]},{"@type":"WebSite","@id":"https:\/\/lyonprivatetours.com\/fr\/#website","url":"https:\/\/lyonprivatetours.com\/fr\/","name":"Lyon Private Tours","description":"Tours From Lyon","publisher":{"@id":"https:\/\/lyonprivatetours.com\/fr\/#organization"},"potentialAction":[{"@type":"SearchAction","target":{"@type":"EntryPoint","urlTemplate":"https:\/\/lyonprivatetours.com\/fr\/?s={search_term_string}"},"query-input":{"@type":"PropertyValueSpecification","valueRequired":true,"valueName":"search_term_string"}}],"inLanguage":"fr-FR"},{"@type":"Organization","@id":"https:\/\/lyonprivatetours.com\/fr\/#organization","name":"Lyon Private Tours","url":"https:\/\/lyonprivatetours.com\/fr\/","logo":{"@type":"ImageObject","inLanguage":"fr-FR","@id":"https:\/\/lyonprivatetours.com\/fr\/#\/schema\/logo\/image\/","url":"https:\/\/lyonprivatetours.com\/wp-content\/uploads\/2024\/02\/Lyon-Private-Tours-logo.jpg","contentUrl":"https:\/\/lyonprivatetours.com\/wp-content\/uploads\/2024\/02\/Lyon-Private-Tours-logo.jpg","width":1080,"height":1080,"caption":"Lyon Private Tours"},"image":{"@id":"https:\/\/lyonprivatetours.com\/fr\/#\/schema\/logo\/image\/"}}]}},"_links":{"self":[{"href":"https:\/\/lyonprivatetours.com\/fr\/wp-json\/wp\/v2\/product\/5715","targetHints":{"allow":["GET"]}}],"collection":[{"href":"https:\/\/lyonprivatetours.com\/fr\/wp-json\/wp\/v2\/product"}],"about":[{"href":"https:\/\/lyonprivatetours.com\/fr\/wp-json\/wp\/v2\/types\/product"}],"replies":[{"embeddable":true,"href":"https:\/\/lyonprivatetours.com\/fr\/wp-json\/wp\/v2\/comments?post=5715"}],"wp:featuredmedia":[{"embeddable":true,"href":"https:\/\/lyonprivatetours.com\/fr\/wp-json\/wp\/v2\/media\/5428"}],"wp:attachment":[{"href":"https:\/\/lyonprivatetours.com\/fr\/wp-json\/wp\/v2\/media?parent=5715"}],"wp:term":[{"taxonomy":"product_brand","embeddable":true,"href":"https:\/\/lyonprivatetours.com\/fr\/wp-json\/wp\/v2\/product_brand?post=5715"},{"taxonomy":"product_cat","embeddable":true,"href":"https:\/\/lyonprivatetours.com\/fr\/wp-json\/wp\/v2\/product_cat?post=5715"},{"taxonomy":"product_tag","embeddable":true,"href":"https:\/\/lyonprivatetours.com\/fr\/wp-json\/wp\/v2\/product_tag?post=5715"}],"curies":[{"name":"wp","href":"https:\/\/api.w.org\/{rel}","templated":true}]}}