{"id":5716,"date":"2024-02-29T15:47:23","date_gmt":"2024-02-29T14:47:23","guid":{"rendered":"https:\/\/lyonprivatetours.com\/?post_type=product&#038;p=5716"},"modified":"2025-02-24T19:47:07","modified_gmt":"2025-02-24T18:47:07","slug":"medieval-town-of-perouges-half-day","status":"publish","type":"product","link":"https:\/\/lyonprivatetours.com\/fr\/product\/medieval-town-of-perouges-half-day\/","title":{"rendered":"La ville m\u00e9di\u00e9vale de Perouges \u2013 Demi-Journ\u00e9e"},"content":{"rendered":"<div class=\"short-description\">\n<div class=\"std\">\n<div class=\"short-description\">\n<div class=\"std\">\n<div class=\"short-description\">\n<div class=\"std\">\n<p>Nous allons aller \u00e0 Perouges, un \u00e9trange petit village fortifi\u00e9 tout droit sorti du Moyen-\u00c2ge. Tout est encore intact, \u00e0 partir de l&#039;\u00e9glise de la forteresse \u00e0 l&#039;hostellerie de la place principale. Une d\u00e9gustation de pause est pr\u00e9vue pour essayer la fameuse galette de Perouges.<\/p>\n<\/div>\n<\/div>\n<ul class=\"highlights\">\n<li>Le village est r\u00e9compens\u00e9 par le label des plus beaux villages de France<\/li>\n<li>Une ville m\u00e9di\u00e9vale intacte<\/li>\n<li>Des sp\u00e9cialit\u00e9s locales telles que la galette de P\u00e9rouges<\/li>\n<\/ul>\n<\/div>\n<\/div>\n<\/div>\n<\/div>\n<table summary=\"Info\" cellspacing=\"0\">\n<tbody>\n<tr>\n<td>Inclus<\/td>\n<td>La d\u00e9gustation de la Galette de P\u00e9rouges<\/td>\n<\/tr>\n<tr>\n<td>Dur\u00e9e<\/td>\n<td>3:30<\/td>\n<\/tr>\n<tr>\n<td>Les Participants<\/td>\n<td>Up to 6 people &#8211; <a href=\"https:\/\/lyonprivatetours.com\/fr\/contacts\/\">Demandez pour plus d&#039;<\/a><\/td>\n<\/tr>\n<tr>\n<td>Langue<\/td>\n<td>Anglais \/ Fran\u00e7ais \u2013 <a href=\"https:\/\/lyonprivatetours.com\/fr\/contacts\/\">Autres langues disponibles sur demande<\/a><\/td>\n<\/tr>\n<tr>\n<td>V\u00e9hicule<\/td>\n<td>7 Seats Peugeot 5008 Allure Hybrid\u00a0&#8211; <a href=\"https:\/\/lyonprivatetours.com\/fr\/contacts\/\">Besoin d'un plus grand v\u00e9hicule ? Demandez-nous un devis<\/a><\/td>\n<\/tr>\n<\/tbody>\n<\/table>","protected":false},"excerpt":{"rendered":"<div class=\"short-description\">\n<div class=\"std\">\n<p><strong>JUSQU&#039;\u00c0 4 PERSONNES<\/strong><\/p>\n<p><strong>+5\u20ac\/personne<\/strong><\/p>\n<p>D\u00e9couvrir la cit\u00e9 m\u00e9di\u00e9vale de Perouges! Quarante minutes de Lyon, juste \u00e0 c\u00f4t\u00e9 de la magnifique r\u00e9gion de la Bresse, vous trouverez un \u00e9trange petit village fortifi\u00e9 au sommet d&#039;une colline, tout droit sorti du Moyen-\u00c2ge. Tout est encore intact, \u00e0 partir de l&#039;\u00e9glise de la forteresse \u00e0 l&#039;hostellerie de la place principale. Suivez votre guide \u00e0 remonter dans le temps pour d\u00e9couvrir les myst\u00e8res de P\u00e9rouges. Une d\u00e9gustation de pause est pr\u00e9vue pour essayer la fameuse galette de P\u00e9rouges.<\/p>\n<table summary=\"Info\" cellspacing=\"0\">\n<tbody>\n<tr>\n<td>Peugeot 308 Blue HDI 5CV 4 places -\u00a0<a href=\"https:\/\/lyonprivatetours.com\/fr\/contacts\/\">Besoin d'un plus grand v\u00e9hicule ? Demandez-nous un devis<\/a><\/td>\n<\/tr>\n<\/tbody>\n<\/table>\n<\/div>\n<\/div>","protected":false},"featured_media":5708,"comment_status":"open","ping_status":"closed","template":"","meta":{"rs_blank_template":"","rs_page_bg_color":"","slide_template_v7":""},"product_brand":[],"product_cat":[74],"product_tag":[],"class_list":{"0":"post-5716","1":"product","2":"type-product","3":"status-publish","4":"has-post-thumbnail","6":"product_cat-perouges","8":"first","9":"instock","10":"virtual","11":"purchasable","12":"product-type-appointment"},"exclude_global_add_ons":false,"addons":[{"name":"Nombre de personnes","type":"multiple_choice","position":0,"required":true,"title_format":"label","default":"","description_enable":false,"description":"","placeholder_enable":false,"placeholder":"","display":"select","restrictions_type":"any_text","adjust_price":false,"price":"","price_type":"flat_fee","restrictions":false,"min":"0","max":"0","options":[{"label":"1","price":"10","price_type":"flat_fee","image":0,"visibility":true},{"label":"2","price":"20","price_type":"flat_fee","image":0,"visibility":true},{"label":"3","price":"30","price_type":"flat_fee","image":0,"visibility":true},{"label":"4","price":"40","price_type":"flat_fee","image":0,"visibility":true},{"label":"5","price":"50","price_type":"flat_fee","image":0,"visibility":true},{"label":"6","price":"60","price_type":"flat_fee","image":0,"visibility":true}],"id":1713791375},{"name":"Language pr\u00e9f\u00e9r\u00e9","type":"custom_text","position":1,"required":false,"title_format":"label","default":"","description_enable":false,"description":"","placeholder_enable":false,"placeholder":"","display":"select","restrictions_type":"any_text","adjust_price":false,"price":"","price_type":"flat_fee","restrictions":false,"min":"0","max":"0","options":[],"id":1717685532},{"name":"Meeting Point","type":"custom_text","position":2,"required":false,"title_format":"label","default":"","description_enable":false,"description":"","placeholder_enable":false,"placeholder":"","display":"select","restrictions_type":"any_text","adjust_price":false,"price":"","price_type":"flat_fee","restrictions":false,"min":"0","max":"0","options":[],"id":1717685531}],"yoast_head":"<!-- This site is optimized with the Yoast SEO Premium plugin v26.7 (Yoast SEO v27.4) - https:\/\/yoast.com\/product\/yoast-seo-premium-wordpress\/ -->\n<title>Medieval town of Perouges - Half Day - Lyon Private Tours<\/title>\n<meta name=\"description\" content=\"Discover the medieval city of Perouges with our group half day tour from Lyon. A tasting break is planned to try the famous galette de Perouges.\" \/>\n<meta name=\"robots\" content=\"index, follow, max-snippet:-1, max-image-preview:large, max-video-preview:-1\" \/>\n<link rel=\"canonical\" href=\"https:\/\/lyonprivatetours.com\/fr\/produit\/medieval-town-of-perouges-half-day\/\" \/>\n<meta property=\"og:locale\" content=\"fr_FR\" \/>\n<meta property=\"og:type\" content=\"article\" \/>\n<meta property=\"og:title\" content=\"Medieval town of Perouges - Half Day\" \/>\n<meta property=\"og:description\" content=\"Discover the medieval city of Perouges with our group half day tour from Lyon. A tasting break is planned to try the famous galette de Perouges.\" \/>\n<meta property=\"og:url\" content=\"https:\/\/lyonprivatetours.com\/fr\/produit\/medieval-town-of-perouges-half-day\/\" \/>\n<meta property=\"og:site_name\" content=\"Lyon Private Tours\" \/>\n<meta property=\"article:modified_time\" content=\"2025-02-24T18:47:07+00:00\" \/>\n<meta property=\"og:image\" content=\"https:\/\/lyonprivatetours.com\/wp-content\/uploads\/2024\/02\/20220623_153944-scaled.jpg\" \/>\n\t<meta property=\"og:image:width\" content=\"2560\" \/>\n\t<meta property=\"og:image:height\" content=\"1920\" \/>\n\t<meta property=\"og:image:type\" content=\"image\/jpeg\" \/>\n<meta name=\"twitter:card\" content=\"summary_large_image\" \/>\n<meta name=\"twitter:label1\" content=\"Dur\u00e9e de lecture estim\u00e9e\" \/>\n\t<meta name=\"twitter:data1\" content=\"1 minute\" \/>\n<script type=\"application\/ld+json\" class=\"yoast-schema-graph\">{\"@context\":\"https:\\\/\\\/schema.org\",\"@graph\":[{\"@type\":\"WebPage\",\"@id\":\"https:\\\/\\\/lyonprivatetours.com\\\/product\\\/medieval-town-of-perouges-half-day\\\/\",\"url\":\"https:\\\/\\\/lyonprivatetours.com\\\/product\\\/medieval-town-of-perouges-half-day\\\/\",\"name\":\"Medieval town of Perouges - Half Day - Lyon Private Tours\",\"isPartOf\":{\"@id\":\"https:\\\/\\\/lyonprivatetours.com\\\/fr\\\/#website\"},\"primaryImageOfPage\":{\"@id\":\"https:\\\/\\\/lyonprivatetours.com\\\/product\\\/medieval-town-of-perouges-half-day\\\/#primaryimage\"},\"image\":{\"@id\":\"https:\\\/\\\/lyonprivatetours.com\\\/product\\\/medieval-town-of-perouges-half-day\\\/#primaryimage\"},\"thumbnailUrl\":\"https:\\\/\\\/lyonprivatetours.com\\\/wp-content\\\/uploads\\\/2024\\\/02\\\/20220623_153944-scaled.jpg\",\"datePublished\":\"2024-02-29T14:47:23+00:00\",\"dateModified\":\"2025-02-24T18:47:07+00:00\",\"description\":\"Discover the medieval city of Perouges with our group half day tour from Lyon. A tasting break is planned to try the famous galette de Perouges.\",\"breadcrumb\":{\"@id\":\"https:\\\/\\\/lyonprivatetours.com\\\/product\\\/medieval-town-of-perouges-half-day\\\/#breadcrumb\"},\"inLanguage\":\"fr-FR\",\"potentialAction\":[{\"@type\":\"ReadAction\",\"target\":[\"https:\\\/\\\/lyonprivatetours.com\\\/product\\\/medieval-town-of-perouges-half-day\\\/\"]}]},{\"@type\":\"ImageObject\",\"inLanguage\":\"fr-FR\",\"@id\":\"https:\\\/\\\/lyonprivatetours.com\\\/product\\\/medieval-town-of-perouges-half-day\\\/#primaryimage\",\"url\":\"https:\\\/\\\/lyonprivatetours.com\\\/wp-content\\\/uploads\\\/2024\\\/02\\\/20220623_153944-scaled.jpg\",\"contentUrl\":\"https:\\\/\\\/lyonprivatetours.com\\\/wp-content\\\/uploads\\\/2024\\\/02\\\/20220623_153944-scaled.jpg\",\"width\":2560,\"height\":1920},{\"@type\":\"BreadcrumbList\",\"@id\":\"https:\\\/\\\/lyonprivatetours.com\\\/product\\\/medieval-town-of-perouges-half-day\\\/#breadcrumb\",\"itemListElement\":[{\"@type\":\"ListItem\",\"position\":1,\"name\":\"Accueil\",\"item\":\"https:\\\/\\\/lyonprivatetours.com\\\/fr\\\/\"},{\"@type\":\"ListItem\",\"position\":2,\"name\":\"Book A Tour From Lyon\",\"item\":\"https:\\\/\\\/lyonprivatetours.com\\\/shop\\\/\"},{\"@type\":\"ListItem\",\"position\":3,\"name\":\"Medieval town of Perouges &#8211; Half Day\"}]},{\"@type\":\"WebSite\",\"@id\":\"https:\\\/\\\/lyonprivatetours.com\\\/fr\\\/#website\",\"url\":\"https:\\\/\\\/lyonprivatetours.com\\\/fr\\\/\",\"name\":\"Lyon Private Tours\",\"description\":\"Tours From Lyon\",\"publisher\":{\"@id\":\"https:\\\/\\\/lyonprivatetours.com\\\/fr\\\/#organization\"},\"potentialAction\":[{\"@type\":\"SearchAction\",\"target\":{\"@type\":\"EntryPoint\",\"urlTemplate\":\"https:\\\/\\\/lyonprivatetours.com\\\/fr\\\/?s={search_term_string}\"},\"query-input\":{\"@type\":\"PropertyValueSpecification\",\"valueRequired\":true,\"valueName\":\"search_term_string\"}}],\"inLanguage\":\"fr-FR\"},{\"@type\":\"Organization\",\"@id\":\"https:\\\/\\\/lyonprivatetours.com\\\/fr\\\/#organization\",\"name\":\"Lyon Private Tours\",\"url\":\"https:\\\/\\\/lyonprivatetours.com\\\/fr\\\/\",\"logo\":{\"@type\":\"ImageObject\",\"inLanguage\":\"fr-FR\",\"@id\":\"https:\\\/\\\/lyonprivatetours.com\\\/fr\\\/#\\\/schema\\\/logo\\\/image\\\/\",\"url\":\"https:\\\/\\\/lyonprivatetours.com\\\/wp-content\\\/uploads\\\/2024\\\/02\\\/Lyon-Private-Tours-logo.jpg\",\"contentUrl\":\"https:\\\/\\\/lyonprivatetours.com\\\/wp-content\\\/uploads\\\/2024\\\/02\\\/Lyon-Private-Tours-logo.jpg\",\"width\":1080,\"height\":1080,\"caption\":\"Lyon Private Tours\"},\"image\":{\"@id\":\"https:\\\/\\\/lyonprivatetours.com\\\/fr\\\/#\\\/schema\\\/logo\\\/image\\\/\"}}]}<\/script>\n<!-- \/ Yoast SEO Premium plugin. -->","yoast_head_json":{"title":"Medieval town of Perouges - Half Day - Lyon Private Tours","description":"Discover the medieval city of Perouges with our group half day tour from Lyon. A tasting break is planned to try the famous galette de Perouges.","robots":{"index":"index","follow":"follow","max-snippet":"max-snippet:-1","max-image-preview":"max-image-preview:large","max-video-preview":"max-video-preview:-1"},"canonical":"https:\/\/lyonprivatetours.com\/fr\/produit\/medieval-town-of-perouges-half-day\/","og_locale":"fr_FR","og_type":"article","og_title":"Medieval town of Perouges - Half Day","og_description":"Discover the medieval city of Perouges with our group half day tour from Lyon. A tasting break is planned to try the famous galette de Perouges.","og_url":"https:\/\/lyonprivatetours.com\/fr\/produit\/medieval-town-of-perouges-half-day\/","og_site_name":"Lyon Private Tours","article_modified_time":"2025-02-24T18:47:07+00:00","og_image":[{"width":2560,"height":1920,"url":"https:\/\/lyonprivatetours.com\/wp-content\/uploads\/2024\/02\/20220623_153944-scaled.jpg","type":"image\/jpeg"}],"twitter_card":"summary_large_image","twitter_misc":{"Dur\u00e9e de lecture estim\u00e9e":"1 minute"},"schema":{"@context":"https:\/\/schema.org","@graph":[{"@type":"WebPage","@id":"https:\/\/lyonprivatetours.com\/product\/medieval-town-of-perouges-half-day\/","url":"https:\/\/lyonprivatetours.com\/product\/medieval-town-of-perouges-half-day\/","name":"Medieval town of Perouges - Half Day - Lyon Private Tours","isPartOf":{"@id":"https:\/\/lyonprivatetours.com\/fr\/#website"},"primaryImageOfPage":{"@id":"https:\/\/lyonprivatetours.com\/product\/medieval-town-of-perouges-half-day\/#primaryimage"},"image":{"@id":"https:\/\/lyonprivatetours.com\/product\/medieval-town-of-perouges-half-day\/#primaryimage"},"thumbnailUrl":"https:\/\/lyonprivatetours.com\/wp-content\/uploads\/2024\/02\/20220623_153944-scaled.jpg","datePublished":"2024-02-29T14:47:23+00:00","dateModified":"2025-02-24T18:47:07+00:00","description":"Discover the medieval city of Perouges with our group half day tour from Lyon. A tasting break is planned to try the famous galette de Perouges.","breadcrumb":{"@id":"https:\/\/lyonprivatetours.com\/product\/medieval-town-of-perouges-half-day\/#breadcrumb"},"inLanguage":"fr-FR","potentialAction":[{"@type":"ReadAction","target":["https:\/\/lyonprivatetours.com\/product\/medieval-town-of-perouges-half-day\/"]}]},{"@type":"ImageObject","inLanguage":"fr-FR","@id":"https:\/\/lyonprivatetours.com\/product\/medieval-town-of-perouges-half-day\/#primaryimage","url":"https:\/\/lyonprivatetours.com\/wp-content\/uploads\/2024\/02\/20220623_153944-scaled.jpg","contentUrl":"https:\/\/lyonprivatetours.com\/wp-content\/uploads\/2024\/02\/20220623_153944-scaled.jpg","width":2560,"height":1920},{"@type":"BreadcrumbList","@id":"https:\/\/lyonprivatetours.com\/product\/medieval-town-of-perouges-half-day\/#breadcrumb","itemListElement":[{"@type":"ListItem","position":1,"name":"Accueil","item":"https:\/\/lyonprivatetours.com\/fr\/"},{"@type":"ListItem","position":2,"name":"Book A Tour From Lyon","item":"https:\/\/lyonprivatetours.com\/shop\/"},{"@type":"ListItem","position":3,"name":"Medieval town of Perouges &#8211; Half Day"}]},{"@type":"WebSite","@id":"https:\/\/lyonprivatetours.com\/fr\/#website","url":"https:\/\/lyonprivatetours.com\/fr\/","name":"Lyon Private Tours","description":"Tours From Lyon","publisher":{"@id":"https:\/\/lyonprivatetours.com\/fr\/#organization"},"potentialAction":[{"@type":"SearchAction","target":{"@type":"EntryPoint","urlTemplate":"https:\/\/lyonprivatetours.com\/fr\/?s={search_term_string}"},"query-input":{"@type":"PropertyValueSpecification","valueRequired":true,"valueName":"search_term_string"}}],"inLanguage":"fr-FR"},{"@type":"Organization","@id":"https:\/\/lyonprivatetours.com\/fr\/#organization","name":"Lyon Private Tours","url":"https:\/\/lyonprivatetours.com\/fr\/","logo":{"@type":"ImageObject","inLanguage":"fr-FR","@id":"https:\/\/lyonprivatetours.com\/fr\/#\/schema\/logo\/image\/","url":"https:\/\/lyonprivatetours.com\/wp-content\/uploads\/2024\/02\/Lyon-Private-Tours-logo.jpg","contentUrl":"https:\/\/lyonprivatetours.com\/wp-content\/uploads\/2024\/02\/Lyon-Private-Tours-logo.jpg","width":1080,"height":1080,"caption":"Lyon Private Tours"},"image":{"@id":"https:\/\/lyonprivatetours.com\/fr\/#\/schema\/logo\/image\/"}}]}},"_links":{"self":[{"href":"https:\/\/lyonprivatetours.com\/fr\/wp-json\/wp\/v2\/product\/5716","targetHints":{"allow":["GET"]}}],"collection":[{"href":"https:\/\/lyonprivatetours.com\/fr\/wp-json\/wp\/v2\/product"}],"about":[{"href":"https:\/\/lyonprivatetours.com\/fr\/wp-json\/wp\/v2\/types\/product"}],"replies":[{"embeddable":true,"href":"https:\/\/lyonprivatetours.com\/fr\/wp-json\/wp\/v2\/comments?post=5716"}],"wp:featuredmedia":[{"embeddable":true,"href":"https:\/\/lyonprivatetours.com\/fr\/wp-json\/wp\/v2\/media\/5708"}],"wp:attachment":[{"href":"https:\/\/lyonprivatetours.com\/fr\/wp-json\/wp\/v2\/media?parent=5716"}],"wp:term":[{"taxonomy":"product_brand","embeddable":true,"href":"https:\/\/lyonprivatetours.com\/fr\/wp-json\/wp\/v2\/product_brand?post=5716"},{"taxonomy":"product_cat","embeddable":true,"href":"https:\/\/lyonprivatetours.com\/fr\/wp-json\/wp\/v2\/product_cat?post=5716"},{"taxonomy":"product_tag","embeddable":true,"href":"https:\/\/lyonprivatetours.com\/fr\/wp-json\/wp\/v2\/product_tag?post=5716"}],"curies":[{"name":"wp","href":"https:\/\/api.w.org\/{rel}","templated":true}]}}