{"id":5717,"date":"2024-02-29T15:50:43","date_gmt":"2024-02-29T14:50:43","guid":{"rendered":"https:\/\/lyonprivatetours.com\/?post_type=product&#038;p=5717"},"modified":"2025-04-08T12:00:48","modified_gmt":"2025-04-08T10:00:48","slug":"beaujolais-wine-tour-half-day","status":"publish","type":"product","link":"https:\/\/lyonprivatetours.com\/fr\/product\/beaujolais-wine-tour-half-day\/","title":{"rendered":"Route des Vins du Beaujolais\u2013 Demi-Journ\u00e9e"},"content":{"rendered":"<div class=\"short-description\">\n<div class=\"std\">\n<div class=\"short-description\">\n<div class=\"std\">\n<div class=\"short-description\">\n<div class=\"std\">\n<div class=\"short-description\">\n<div class=\"std\">\n<p>Au d\u00e9part de Lyon, ce circuit vous emm\u00e8ne \u00e0 la bucolique collines du Sud de la r\u00e9gion du Beaujolais, entre les vignobles et les villages de pierres dor\u00e9es. Apr\u00e8s la visite du village de Oingt, vous allez rencontrer un vigneron du terroir \u00e0 d\u00e9guster ses vins.<\/p>\n<\/div>\n<\/div>\n<ul class=\"highlights\">\n<li>Le village de Oingt r\u00e9compens\u00e9s par le label des plus beaux village de France<\/li>\n<li>Une rencontre chaleureuse avec une famille de vignerons<\/li>\n<li>Le pays des pierres dor\u00e9es, une formation g\u00e9ologique bien particuli\u00e8re<\/li>\n<\/ul>\n<\/div>\n<\/div>\n<\/div>\n<\/div>\n<\/div>\n<\/div>\n<table summary=\"Info\" cellspacing=\"0\">\n<tbody>\n<tr>\n<td>Inclus<\/td>\n<td>Visite guid\u00e9e avec un guide-conf\u00e9rencier<\/td>\n<\/tr>\n<tr>\n<td>Dur\u00e9e<\/td>\n<td>4:00<\/td>\n<\/tr>\n<tr>\n<td>Les Participants<\/td>\n<td>Up to 6 people &#8211; <a href=\"https:\/\/lyonprivatetours.com\/fr\/contacts\/\">Demandez un devis pour plus de personnes<\/a><\/td>\n<\/tr>\n<tr>\n<td>Langue<\/td>\n<td>Anglais \/ Fran\u00e7ais \u2013 <a href=\"https:\/\/lyonprivatetours.com\/fr\/contacts\/\">D'autres langues sont disponibles sur demande<\/a><\/td>\n<\/tr>\n<\/tbody>\n<\/table>","protected":false},"excerpt":{"rendered":"<p><strong>Up to 6 people &#8211; 20\u20ac\/person for the wine tastings!<br \/>\n<\/strong><\/p>\n<p>Bienvenue dans le Beaujolais ! Au d\u00e9part de Lyon, ce circuit vous emm\u00e8ne sur les collines bucoliques du Beaujolais, au milieu des vignes et des villages de pierres dor\u00e9es. Allez au-del\u00e0 du Beaujolais Nouveau pour comprendre et exp\u00e9rimenter les subtilit\u00e9s des vins et les myst\u00e8res qui se cachent derri\u00e8re ces \u00e9tranges pierres. Au programme : visite du village d'Oingt, l'un des plus beaux villages de France, suivie de la visite d'une cave. Rencontre avec un vigneron local et d\u00e9gustation de plusieurs vins, accompagn\u00e9s de charcuterie et de fromage.<\/p>\n<table>\n<tbody>\n<tr>\n<td>V\u00e9hicule<\/td>\n<td>7 Seats Peugeot 5008 Allure Hybrid &#8211; <a href=\"https:\/\/lyonprivatetours.com\/fr\/contacts\/\">Besoin d'un plus grand v\u00e9hicule ? Demandez-nous un devis<\/a><\/td>\n<\/tr>\n<\/tbody>\n<\/table>","protected":false},"featured_media":6359,"comment_status":"open","ping_status":"closed","template":"","meta":{"rs_blank_template":"","rs_page_bg_color":"","slide_template_v7":""},"product_brand":[],"product_cat":[75,77],"product_tag":[],"class_list":{"0":"post-5717","1":"product","2":"type-product","3":"status-publish","4":"has-post-thumbnail","6":"product_cat-beaujolais","7":"product_cat-wine-tour","9":"first","10":"instock","11":"virtual","12":"purchasable","13":"product-type-appointment"},"exclude_global_add_ons":false,"addons":[{"name":"Nombre de personnes","type":"multiple_choice","position":0,"required":true,"title_format":"label","default":"","description_enable":false,"description":"","placeholder_enable":false,"placeholder":"","display":"select","restrictions_type":"any_text","adjust_price":false,"price":"","price_type":"flat_fee","restrictions":false,"min":"0","max":"0","options":[{"label":"1","price":"20","price_type":"flat_fee","image":0,"visibility":true},{"label":"2","price":"40","price_type":"flat_fee","image":0,"visibility":true},{"label":"3","price":"60","price_type":"flat_fee","image":0,"visibility":true},{"label":"4","price":"80","price_type":"flat_fee","image":0,"visibility":true},{"label":"5","price":"100","price_type":"flat_fee","image":0,"visibility":true},{"label":"6","price":"120","price_type":"flat_fee","image":0,"visibility":true}],"id":1713791411},{"name":"Language pr\u00e9f\u00e9r\u00e9","type":"custom_text","position":1,"required":true,"title_format":"label","default":"","description_enable":true,"description":"Demandez un devis pour plus de personnes","placeholder_enable":false,"placeholder":"","display":"select","restrictions_type":"any_text","adjust_price":false,"price":"","price_type":"flat_fee","restrictions":false,"min":"0","max":"0","options":[],"id":1713791412},{"name":"Meeting Point","type":"custom_text","position":2,"required":false,"title_format":"label","default":"","description_enable":false,"description":"","placeholder_enable":false,"placeholder":"","display":"select","restrictions_type":"any_text","adjust_price":false,"price":"","price_type":"flat_fee","restrictions":false,"min":"0","max":"0","options":[],"id":1717685480}],"yoast_head":"<!-- This site is optimized with the Yoast SEO Premium plugin v26.7 (Yoast SEO v27.4) - https:\/\/yoast.com\/product\/yoast-seo-premium-wordpress\/ -->\n<title>Beaujolais Wine Tour - Half Day - Lyon Private Tours<\/title>\n<meta name=\"description\" content=\"Departing from Lyon, this tour takes you to the bucolic hills of the Southern Beaujolais region, among the vineyards and the golden stone villages.\" \/>\n<meta name=\"robots\" content=\"index, follow, max-snippet:-1, max-image-preview:large, max-video-preview:-1\" \/>\n<link rel=\"canonical\" href=\"https:\/\/lyonprivatetours.com\/fr\/produit\/beaujolais-wine-tour-half-day\/\" \/>\n<meta property=\"og:locale\" content=\"fr_FR\" \/>\n<meta property=\"og:type\" content=\"article\" \/>\n<meta property=\"og:title\" content=\"Beaujolais Wine Tour - Half Day\" \/>\n<meta property=\"og:description\" content=\"Departing from Lyon, this tour takes you to the bucolic hills of the Southern Beaujolais region, among the vineyards and the golden stone villages.\" \/>\n<meta property=\"og:url\" content=\"https:\/\/lyonprivatetours.com\/fr\/produit\/beaujolais-wine-tour-half-day\/\" \/>\n<meta property=\"og:site_name\" content=\"Lyon Private Tours\" \/>\n<meta property=\"article:modified_time\" content=\"2025-04-08T10:00:48+00:00\" \/>\n<meta property=\"og:image\" content=\"https:\/\/lyonprivatetours.com\/wp-content\/uploads\/2019\/02\/Main-Pic-2-scaled.jpg\" \/>\n\t<meta property=\"og:image:width\" content=\"2560\" \/>\n\t<meta property=\"og:image:height\" content=\"1920\" \/>\n\t<meta property=\"og:image:type\" content=\"image\/jpeg\" \/>\n<meta name=\"twitter:card\" content=\"summary_large_image\" \/>\n<meta name=\"twitter:label1\" content=\"Dur\u00e9e de lecture estim\u00e9e\" \/>\n\t<meta name=\"twitter:data1\" content=\"1 minute\" \/>\n<script type=\"application\/ld+json\" class=\"yoast-schema-graph\">{\"@context\":\"https:\\\/\\\/schema.org\",\"@graph\":[{\"@type\":\"WebPage\",\"@id\":\"https:\\\/\\\/lyonprivatetours.com\\\/product\\\/beaujolais-wine-tour-half-day\\\/\",\"url\":\"https:\\\/\\\/lyonprivatetours.com\\\/product\\\/beaujolais-wine-tour-half-day\\\/\",\"name\":\"Beaujolais Wine Tour - Half Day - Lyon Private Tours\",\"isPartOf\":{\"@id\":\"https:\\\/\\\/lyonprivatetours.com\\\/fr\\\/#website\"},\"primaryImageOfPage\":{\"@id\":\"https:\\\/\\\/lyonprivatetours.com\\\/product\\\/beaujolais-wine-tour-half-day\\\/#primaryimage\"},\"image\":{\"@id\":\"https:\\\/\\\/lyonprivatetours.com\\\/product\\\/beaujolais-wine-tour-half-day\\\/#primaryimage\"},\"thumbnailUrl\":\"https:\\\/\\\/lyonprivatetours.com\\\/wp-content\\\/uploads\\\/2019\\\/02\\\/Main-Pic-2-scaled.jpg\",\"datePublished\":\"2024-02-29T14:50:43+00:00\",\"dateModified\":\"2025-04-08T10:00:48+00:00\",\"description\":\"Departing from Lyon, this tour takes you to the bucolic hills of the Southern Beaujolais region, among the vineyards and the golden stone villages.\",\"breadcrumb\":{\"@id\":\"https:\\\/\\\/lyonprivatetours.com\\\/product\\\/beaujolais-wine-tour-half-day\\\/#breadcrumb\"},\"inLanguage\":\"fr-FR\",\"potentialAction\":[{\"@type\":\"ReadAction\",\"target\":[\"https:\\\/\\\/lyonprivatetours.com\\\/product\\\/beaujolais-wine-tour-half-day\\\/\"]}]},{\"@type\":\"ImageObject\",\"inLanguage\":\"fr-FR\",\"@id\":\"https:\\\/\\\/lyonprivatetours.com\\\/product\\\/beaujolais-wine-tour-half-day\\\/#primaryimage\",\"url\":\"https:\\\/\\\/lyonprivatetours.com\\\/wp-content\\\/uploads\\\/2019\\\/02\\\/Main-Pic-2-scaled.jpg\",\"contentUrl\":\"https:\\\/\\\/lyonprivatetours.com\\\/wp-content\\\/uploads\\\/2019\\\/02\\\/Main-Pic-2-scaled.jpg\",\"width\":2560,\"height\":1920,\"caption\":\"beaujolais wine tour\"},{\"@type\":\"BreadcrumbList\",\"@id\":\"https:\\\/\\\/lyonprivatetours.com\\\/product\\\/beaujolais-wine-tour-half-day\\\/#breadcrumb\",\"itemListElement\":[{\"@type\":\"ListItem\",\"position\":1,\"name\":\"Accueil\",\"item\":\"https:\\\/\\\/lyonprivatetours.com\\\/fr\\\/\"},{\"@type\":\"ListItem\",\"position\":2,\"name\":\"Book A Tour From Lyon\",\"item\":\"https:\\\/\\\/lyonprivatetours.com\\\/shop\\\/\"},{\"@type\":\"ListItem\",\"position\":3,\"name\":\"Beaujolais Wine Tour &#8211; Half Day\"}]},{\"@type\":\"WebSite\",\"@id\":\"https:\\\/\\\/lyonprivatetours.com\\\/fr\\\/#website\",\"url\":\"https:\\\/\\\/lyonprivatetours.com\\\/fr\\\/\",\"name\":\"Lyon Private Tours\",\"description\":\"Tours From Lyon\",\"publisher\":{\"@id\":\"https:\\\/\\\/lyonprivatetours.com\\\/fr\\\/#organization\"},\"potentialAction\":[{\"@type\":\"SearchAction\",\"target\":{\"@type\":\"EntryPoint\",\"urlTemplate\":\"https:\\\/\\\/lyonprivatetours.com\\\/fr\\\/?s={search_term_string}\"},\"query-input\":{\"@type\":\"PropertyValueSpecification\",\"valueRequired\":true,\"valueName\":\"search_term_string\"}}],\"inLanguage\":\"fr-FR\"},{\"@type\":\"Organization\",\"@id\":\"https:\\\/\\\/lyonprivatetours.com\\\/fr\\\/#organization\",\"name\":\"Lyon Private Tours\",\"url\":\"https:\\\/\\\/lyonprivatetours.com\\\/fr\\\/\",\"logo\":{\"@type\":\"ImageObject\",\"inLanguage\":\"fr-FR\",\"@id\":\"https:\\\/\\\/lyonprivatetours.com\\\/fr\\\/#\\\/schema\\\/logo\\\/image\\\/\",\"url\":\"https:\\\/\\\/lyonprivatetours.com\\\/wp-content\\\/uploads\\\/2024\\\/02\\\/Lyon-Private-Tours-logo.jpg\",\"contentUrl\":\"https:\\\/\\\/lyonprivatetours.com\\\/wp-content\\\/uploads\\\/2024\\\/02\\\/Lyon-Private-Tours-logo.jpg\",\"width\":1080,\"height\":1080,\"caption\":\"Lyon Private Tours\"},\"image\":{\"@id\":\"https:\\\/\\\/lyonprivatetours.com\\\/fr\\\/#\\\/schema\\\/logo\\\/image\\\/\"}}]}<\/script>\n<!-- \/ Yoast SEO Premium plugin. -->","yoast_head_json":{"title":"Beaujolais Wine Tour - Half Day - Lyon Private Tours","description":"Au d\u00e9part de Lyon, ce circuit vous emm\u00e8ne aux bucolique collines du Sud du Beaujolais, entre les vignobles et les villages de pierres dor\u00e9es.","robots":{"index":"index","follow":"follow","max-snippet":"max-snippet:-1","max-image-preview":"max-image-preview:large","max-video-preview":"max-video-preview:-1"},"canonical":"https:\/\/lyonprivatetours.com\/fr\/produit\/beaujolais-wine-tour-half-day\/","og_locale":"fr_FR","og_type":"article","og_title":"Beaujolais Wine Tour - Half Day","og_description":"Departing from Lyon, this tour takes you to the bucolic hills of the Southern Beaujolais region, among the vineyards and the golden stone villages.","og_url":"https:\/\/lyonprivatetours.com\/fr\/produit\/beaujolais-wine-tour-half-day\/","og_site_name":"Lyon Private Tours","article_modified_time":"2025-04-08T10:00:48+00:00","og_image":[{"width":2560,"height":1920,"url":"https:\/\/lyonprivatetours.com\/wp-content\/uploads\/2019\/02\/Main-Pic-2-scaled.jpg","type":"image\/jpeg"}],"twitter_card":"summary_large_image","twitter_misc":{"Dur\u00e9e de lecture estim\u00e9e":"1 minute"},"schema":{"@context":"https:\/\/schema.org","@graph":[{"@type":"WebPage","@id":"https:\/\/lyonprivatetours.com\/product\/beaujolais-wine-tour-half-day\/","url":"https:\/\/lyonprivatetours.com\/product\/beaujolais-wine-tour-half-day\/","name":"Beaujolais Wine Tour - Half Day - Lyon Private Tours","isPartOf":{"@id":"https:\/\/lyonprivatetours.com\/fr\/#website"},"primaryImageOfPage":{"@id":"https:\/\/lyonprivatetours.com\/product\/beaujolais-wine-tour-half-day\/#primaryimage"},"image":{"@id":"https:\/\/lyonprivatetours.com\/product\/beaujolais-wine-tour-half-day\/#primaryimage"},"thumbnailUrl":"https:\/\/lyonprivatetours.com\/wp-content\/uploads\/2019\/02\/Main-Pic-2-scaled.jpg","datePublished":"2024-02-29T14:50:43+00:00","dateModified":"2025-04-08T10:00:48+00:00","description":"Au d\u00e9part de Lyon, ce circuit vous emm\u00e8ne aux bucolique collines du Sud du Beaujolais, entre les vignobles et les villages de pierres dor\u00e9es.","breadcrumb":{"@id":"https:\/\/lyonprivatetours.com\/product\/beaujolais-wine-tour-half-day\/#breadcrumb"},"inLanguage":"fr-FR","potentialAction":[{"@type":"ReadAction","target":["https:\/\/lyonprivatetours.com\/product\/beaujolais-wine-tour-half-day\/"]}]},{"@type":"ImageObject","inLanguage":"fr-FR","@id":"https:\/\/lyonprivatetours.com\/product\/beaujolais-wine-tour-half-day\/#primaryimage","url":"https:\/\/lyonprivatetours.com\/wp-content\/uploads\/2019\/02\/Main-Pic-2-scaled.jpg","contentUrl":"https:\/\/lyonprivatetours.com\/wp-content\/uploads\/2019\/02\/Main-Pic-2-scaled.jpg","width":2560,"height":1920,"caption":"beaujolais wine tour"},{"@type":"BreadcrumbList","@id":"https:\/\/lyonprivatetours.com\/product\/beaujolais-wine-tour-half-day\/#breadcrumb","itemListElement":[{"@type":"ListItem","position":1,"name":"Accueil","item":"https:\/\/lyonprivatetours.com\/fr\/"},{"@type":"ListItem","position":2,"name":"Book A Tour From Lyon","item":"https:\/\/lyonprivatetours.com\/shop\/"},{"@type":"ListItem","position":3,"name":"Beaujolais Wine Tour &#8211; Half Day"}]},{"@type":"WebSite","@id":"https:\/\/lyonprivatetours.com\/fr\/#website","url":"https:\/\/lyonprivatetours.com\/fr\/","name":"Lyon Private Tours","description":"Tours From Lyon","publisher":{"@id":"https:\/\/lyonprivatetours.com\/fr\/#organization"},"potentialAction":[{"@type":"SearchAction","target":{"@type":"EntryPoint","urlTemplate":"https:\/\/lyonprivatetours.com\/fr\/?s={search_term_string}"},"query-input":{"@type":"PropertyValueSpecification","valueRequired":true,"valueName":"search_term_string"}}],"inLanguage":"fr-FR"},{"@type":"Organization","@id":"https:\/\/lyonprivatetours.com\/fr\/#organization","name":"Lyon Private Tours","url":"https:\/\/lyonprivatetours.com\/fr\/","logo":{"@type":"ImageObject","inLanguage":"fr-FR","@id":"https:\/\/lyonprivatetours.com\/fr\/#\/schema\/logo\/image\/","url":"https:\/\/lyonprivatetours.com\/wp-content\/uploads\/2024\/02\/Lyon-Private-Tours-logo.jpg","contentUrl":"https:\/\/lyonprivatetours.com\/wp-content\/uploads\/2024\/02\/Lyon-Private-Tours-logo.jpg","width":1080,"height":1080,"caption":"Lyon Private Tours"},"image":{"@id":"https:\/\/lyonprivatetours.com\/fr\/#\/schema\/logo\/image\/"}}]}},"_links":{"self":[{"href":"https:\/\/lyonprivatetours.com\/fr\/wp-json\/wp\/v2\/product\/5717","targetHints":{"allow":["GET"]}}],"collection":[{"href":"https:\/\/lyonprivatetours.com\/fr\/wp-json\/wp\/v2\/product"}],"about":[{"href":"https:\/\/lyonprivatetours.com\/fr\/wp-json\/wp\/v2\/types\/product"}],"replies":[{"embeddable":true,"href":"https:\/\/lyonprivatetours.com\/fr\/wp-json\/wp\/v2\/comments?post=5717"}],"wp:featuredmedia":[{"embeddable":true,"href":"https:\/\/lyonprivatetours.com\/fr\/wp-json\/wp\/v2\/media\/6359"}],"wp:attachment":[{"href":"https:\/\/lyonprivatetours.com\/fr\/wp-json\/wp\/v2\/media?parent=5717"}],"wp:term":[{"taxonomy":"product_brand","embeddable":true,"href":"https:\/\/lyonprivatetours.com\/fr\/wp-json\/wp\/v2\/product_brand?post=5717"},{"taxonomy":"product_cat","embeddable":true,"href":"https:\/\/lyonprivatetours.com\/fr\/wp-json\/wp\/v2\/product_cat?post=5717"},{"taxonomy":"product_tag","embeddable":true,"href":"https:\/\/lyonprivatetours.com\/fr\/wp-json\/wp\/v2\/product_tag?post=5717"}],"curies":[{"name":"wp","href":"https:\/\/api.w.org\/{rel}","templated":true}]}}