{"id":5719,"date":"2024-02-29T15:57:07","date_gmt":"2024-02-29T14:57:07","guid":{"rendered":"https:\/\/lyonprivatetours.com\/?post_type=product&#038;p=5719"},"modified":"2025-04-08T11:59:16","modified_gmt":"2025-04-08T09:59:16","slug":"cotes-roties-wines-and-vienne-half-day-wine-tour","status":"publish","type":"product","link":"https:\/\/lyonprivatetours.com\/fr\/product\/cotes-roties-wines-and-vienne-half-day-wine-tour\/","title":{"rendered":"C\u00f4tes-R\u00f4ties wines and Vienne &#8211; Half day"},"content":{"rendered":"<div class=\"short-description\">\n<div class=\"std\">\n<p>D\u00e9couverte de la ville de Vienne, une petite ville pleine d&#039;histoire. Ensuite, nous nous dirigerons pour les C\u00f4tes-R\u00f4ties, suspendu vignes au-dessus de la vall\u00e9e du Rh\u00f4ne, offrant une vue spectaculaire et un vin de tr\u00e8s haute qualit\u00e9. Vous pourrez profiter d&#039;un C\u00f4tes-R\u00f4ties et Condrieu d\u00e9gustation de vin chez un vigneron local.<\/p>\n<\/div>\n<\/div>\n<ul class=\"highlights\">\n<li>Vienne, une ville ancienne avec de nombreuses ruines romaines, y compris le temple d&#039;Auguste et de Livie<\/li>\n<li>Panoramas \u00e0 couper le souffle \u00e0 partir de la colline de Pipet et les C\u00f4tes-R\u00f4ties<\/li>\n<li>D\u00e9gustation de plusieurs vins dans un vignoble local<\/li>\n<\/ul>\n<table summary=\"Info\" cellspacing=\"0\">\n<tbody>\n<tr>\n<td>Inclus<\/td>\n<td>Visite guid\u00e9e avec un guide-conf\u00e9rencier<\/td>\n<\/tr>\n<tr>\n<td>Dur\u00e9e<\/td>\n<td>4:00<\/td>\n<\/tr>\n<tr>\n<td>Les Participants<\/td>\n<td>Up to 6 people &#8211; Ask for more people<\/td>\n<\/tr>\n<tr>\n<td>Langue<\/td>\n<td>Anglais \/ fran\u00e7ais \u2013 Demander plus de langues<\/td>\n<\/tr>\n<tr>\n<td>V\u00e9hicule<\/td>\n<td>7 Seats Peugeot 5008 Allure Hybrid &#8211; <a href=\"https:\/\/lyonprivatetours.com\/fr\/contacts\/\">Besoin d'un plus grand v\u00e9hicule ? Demandez-nous un devis<\/a><\/td>\n<\/tr>\n<\/tbody>\n<\/table>","protected":false},"excerpt":{"rendered":"<p><strong>Up to 6 people &#8211; 25\u20ac\/person for the wine tastings!<\/strong><\/p>\n<p>Au d\u00e9part de Lyon, ce circuit vous emm\u00e8ne \u00e0 la d\u00e9couverte de la ville de Vienne, une petite ville pleine d&#039;histoire: l&#039;\u00e9glise Saint-Maurice de la cath\u00e9drale, le temple romain d&#039;Auguste et de Livie, le th\u00e9\u00e2tre antique, la colline de Pipet. Nous nous dirigeons ensuite vers les C\u00f4tes-R\u00f4ties, les vignes suspendues au-dessus du Rh\u00f4ne, offrant une vue spectaculaire et un vin de tr\u00e8s haute qualit\u00e9. Un C\u00f4tes-R\u00f4ties et Condrieu d\u00e9gustation de vin chez un vigneron local pour compl\u00e9ter la visite, avant de revenir \u00e0 Lyon.<\/p>\n<table>\n<tbody>\n<tr>\n<td>V\u00e9hicule<\/td>\n<td>7 Seats Peugeot 5008 Allure Hybrid\u00a0&#8211; <a href=\"https:\/\/lyonprivatetours.com\/fr\/contacts\/\">Besoin d'un plus grand v\u00e9hicule ? Demandez-nous un devis<\/a><\/td>\n<\/tr>\n<\/tbody>\n<\/table>","protected":false},"featured_media":5725,"comment_status":"open","ping_status":"closed","template":"","meta":{"rs_blank_template":"","rs_page_bg_color":"","slide_template_v7":""},"product_brand":[],"product_cat":[83,78,77],"product_tag":[79],"class_list":{"0":"post-5719","1":"product","2":"type-product","3":"status-publish","4":"has-post-thumbnail","6":"product_cat-rhone-valley","7":"product_cat-vienne","8":"product_cat-wine-tour","9":"product_tag-vienne","11":"first","12":"instock","13":"virtual","14":"purchasable","15":"product-type-appointment"},"exclude_global_add_ons":false,"addons":[{"name":"Nombre de personnes","type":"multiple_choice","position":0,"required":true,"title_format":"label","default":"","description_enable":true,"description":"<b><a href=\"https:\/\/lyonprivatetours.com\/fr\/contacts\/\">Demandez un devis pour plus de participants<\/a><\/b>","placeholder_enable":false,"placeholder":"","display":"select","restrictions_type":"any_text","adjust_price":false,"price":"","price_type":"flat_fee","restrictions":false,"min":"0","max":"0","options":[{"label":"1","price":"25","price_type":"flat_fee","image":0,"visibility":true},{"label":"2","price":"50","price_type":"flat_fee","image":0,"visibility":true},{"label":"3","price":"75","price_type":"flat_fee","image":0,"visibility":true},{"label":"4","price":"100","price_type":"flat_fee","image":0,"visibility":true},{"label":"5","price":"125","price_type":"flat_fee","image":0,"visibility":true},{"label":"6","price":"150","price_type":"flat_fee","image":0,"visibility":true}],"id":1713791581},{"name":"Language pr\u00e9f\u00e9r\u00e9","type":"custom_text","position":1,"required":true,"title_format":"label","default":"","description_enable":false,"description":"","placeholder_enable":false,"placeholder":"","display":"select","restrictions_type":"any_text","adjust_price":false,"price":"","price_type":"flat_fee","restrictions":false,"min":"0","max":"0","options":[],"id":1713791582},{"name":"Meeting Point","type":"custom_text","position":2,"required":false,"title_format":"label","default":"","description_enable":false,"description":"","placeholder_enable":false,"placeholder":"","display":"select","restrictions_type":"any_text","adjust_price":false,"price":"","price_type":"flat_fee","restrictions":false,"min":"0","max":"0","options":[],"id":1717685468}],"yoast_head":"<!-- This site is optimized with the Yoast SEO Premium plugin v26.7 (Yoast SEO v27.4) - https:\/\/yoast.com\/product\/yoast-seo-premium-wordpress\/ -->\n<title>C\u00f4tes-R\u00f4ties wines and Vienne - Half day - Lyon Private Tours<\/title>\n<meta name=\"description\" content=\"Book our Vienne private tour to discover Vienne, a small city full of history and to enjoy a C\u00f4tes-R\u00f4ties and Condrieu wine tasting at a local winemaker.\" \/>\n<meta name=\"robots\" content=\"index, follow, max-snippet:-1, max-image-preview:large, max-video-preview:-1\" \/>\n<link rel=\"canonical\" href=\"https:\/\/lyonprivatetours.com\/fr\/produit\/cotes-roties-wines-and-vienne-half-day-wine-tour\/\" \/>\n<meta property=\"og:locale\" content=\"fr_FR\" \/>\n<meta property=\"og:type\" content=\"article\" \/>\n<meta property=\"og:title\" content=\"C\u00f4tes-R\u00f4ties wines and Vienne - Half day\" \/>\n<meta property=\"og:description\" content=\"Book our Vienne private tour to discover Vienne, a small city full of history and to enjoy a C\u00f4tes-R\u00f4ties and Condrieu wine tasting at a local winemaker.\" \/>\n<meta property=\"og:url\" content=\"https:\/\/lyonprivatetours.com\/fr\/produit\/cotes-roties-wines-and-vienne-half-day-wine-tour\/\" \/>\n<meta property=\"og:site_name\" content=\"Lyon Private Tours\" \/>\n<meta property=\"article:modified_time\" content=\"2025-04-08T09:59:16+00:00\" \/>\n<meta property=\"og:image\" content=\"https:\/\/lyonprivatetours.com\/wp-content\/uploads\/2024\/02\/IMG20230910114120-scaled.jpg\" \/>\n\t<meta property=\"og:image:width\" content=\"2560\" \/>\n\t<meta property=\"og:image:height\" content=\"1920\" \/>\n\t<meta property=\"og:image:type\" content=\"image\/jpeg\" \/>\n<meta name=\"twitter:card\" content=\"summary_large_image\" \/>\n<meta name=\"twitter:label1\" content=\"Dur\u00e9e de lecture estim\u00e9e\" \/>\n\t<meta name=\"twitter:data1\" content=\"1 minute\" \/>\n<script type=\"application\/ld+json\" class=\"yoast-schema-graph\">{\"@context\":\"https:\\\/\\\/schema.org\",\"@graph\":[{\"@type\":\"WebPage\",\"@id\":\"https:\\\/\\\/lyonprivatetours.com\\\/product\\\/cotes-roties-wines-and-vienne-half-day-wine-tour\\\/\",\"url\":\"https:\\\/\\\/lyonprivatetours.com\\\/product\\\/cotes-roties-wines-and-vienne-half-day-wine-tour\\\/\",\"name\":\"C\u00f4tes-R\u00f4ties wines and Vienne - Half day - Lyon Private Tours\",\"isPartOf\":{\"@id\":\"https:\\\/\\\/lyonprivatetours.com\\\/fr\\\/#website\"},\"primaryImageOfPage\":{\"@id\":\"https:\\\/\\\/lyonprivatetours.com\\\/product\\\/cotes-roties-wines-and-vienne-half-day-wine-tour\\\/#primaryimage\"},\"image\":{\"@id\":\"https:\\\/\\\/lyonprivatetours.com\\\/product\\\/cotes-roties-wines-and-vienne-half-day-wine-tour\\\/#primaryimage\"},\"thumbnailUrl\":\"https:\\\/\\\/lyonprivatetours.com\\\/wp-content\\\/uploads\\\/2024\\\/02\\\/IMG20230910114120-scaled.jpg\",\"datePublished\":\"2024-02-29T14:57:07+00:00\",\"dateModified\":\"2025-04-08T09:59:16+00:00\",\"description\":\"Book our Vienne private tour to discover Vienne, a small city full of history and to enjoy a C\u00f4tes-R\u00f4ties and Condrieu wine tasting at a local winemaker.\",\"breadcrumb\":{\"@id\":\"https:\\\/\\\/lyonprivatetours.com\\\/product\\\/cotes-roties-wines-and-vienne-half-day-wine-tour\\\/#breadcrumb\"},\"inLanguage\":\"fr-FR\",\"potentialAction\":[{\"@type\":\"ReadAction\",\"target\":[\"https:\\\/\\\/lyonprivatetours.com\\\/product\\\/cotes-roties-wines-and-vienne-half-day-wine-tour\\\/\"]}]},{\"@type\":\"ImageObject\",\"inLanguage\":\"fr-FR\",\"@id\":\"https:\\\/\\\/lyonprivatetours.com\\\/product\\\/cotes-roties-wines-and-vienne-half-day-wine-tour\\\/#primaryimage\",\"url\":\"https:\\\/\\\/lyonprivatetours.com\\\/wp-content\\\/uploads\\\/2024\\\/02\\\/IMG20230910114120-scaled.jpg\",\"contentUrl\":\"https:\\\/\\\/lyonprivatetours.com\\\/wp-content\\\/uploads\\\/2024\\\/02\\\/IMG20230910114120-scaled.jpg\",\"width\":2560,\"height\":1920},{\"@type\":\"BreadcrumbList\",\"@id\":\"https:\\\/\\\/lyonprivatetours.com\\\/product\\\/cotes-roties-wines-and-vienne-half-day-wine-tour\\\/#breadcrumb\",\"itemListElement\":[{\"@type\":\"ListItem\",\"position\":1,\"name\":\"Accueil\",\"item\":\"https:\\\/\\\/lyonprivatetours.com\\\/fr\\\/\"},{\"@type\":\"ListItem\",\"position\":2,\"name\":\"Book A Tour From Lyon\",\"item\":\"https:\\\/\\\/lyonprivatetours.com\\\/shop\\\/\"},{\"@type\":\"ListItem\",\"position\":3,\"name\":\"C\u00f4tes-R\u00f4ties wines and Vienne &#8211; Half day\"}]},{\"@type\":\"WebSite\",\"@id\":\"https:\\\/\\\/lyonprivatetours.com\\\/fr\\\/#website\",\"url\":\"https:\\\/\\\/lyonprivatetours.com\\\/fr\\\/\",\"name\":\"Lyon Private Tours\",\"description\":\"Tours From Lyon\",\"publisher\":{\"@id\":\"https:\\\/\\\/lyonprivatetours.com\\\/fr\\\/#organization\"},\"potentialAction\":[{\"@type\":\"SearchAction\",\"target\":{\"@type\":\"EntryPoint\",\"urlTemplate\":\"https:\\\/\\\/lyonprivatetours.com\\\/fr\\\/?s={search_term_string}\"},\"query-input\":{\"@type\":\"PropertyValueSpecification\",\"valueRequired\":true,\"valueName\":\"search_term_string\"}}],\"inLanguage\":\"fr-FR\"},{\"@type\":\"Organization\",\"@id\":\"https:\\\/\\\/lyonprivatetours.com\\\/fr\\\/#organization\",\"name\":\"Lyon Private Tours\",\"url\":\"https:\\\/\\\/lyonprivatetours.com\\\/fr\\\/\",\"logo\":{\"@type\":\"ImageObject\",\"inLanguage\":\"fr-FR\",\"@id\":\"https:\\\/\\\/lyonprivatetours.com\\\/fr\\\/#\\\/schema\\\/logo\\\/image\\\/\",\"url\":\"https:\\\/\\\/lyonprivatetours.com\\\/wp-content\\\/uploads\\\/2024\\\/02\\\/Lyon-Private-Tours-logo.jpg\",\"contentUrl\":\"https:\\\/\\\/lyonprivatetours.com\\\/wp-content\\\/uploads\\\/2024\\\/02\\\/Lyon-Private-Tours-logo.jpg\",\"width\":1080,\"height\":1080,\"caption\":\"Lyon Private Tours\"},\"image\":{\"@id\":\"https:\\\/\\\/lyonprivatetours.com\\\/fr\\\/#\\\/schema\\\/logo\\\/image\\\/\"}}]}<\/script>\n<!-- \/ Yoast SEO Premium plugin. -->","yoast_head_json":{"title":"C\u00f4tes-R\u00f4ties wines and Vienne - Half day - Lyon Private Tours","description":"Book our Vienne private tour to discover Vienne, a small city full of history and to enjoy a C\u00f4tes-R\u00f4ties and Condrieu wine tasting at a local winemaker.","robots":{"index":"index","follow":"follow","max-snippet":"max-snippet:-1","max-image-preview":"max-image-preview:large","max-video-preview":"max-video-preview:-1"},"canonical":"https:\/\/lyonprivatetours.com\/fr\/produit\/cotes-roties-wines-and-vienne-half-day-wine-tour\/","og_locale":"fr_FR","og_type":"article","og_title":"C\u00f4tes-R\u00f4ties wines and Vienne - Half day","og_description":"Book our Vienne private tour to discover Vienne, a small city full of history and to enjoy a C\u00f4tes-R\u00f4ties and Condrieu wine tasting at a local winemaker.","og_url":"https:\/\/lyonprivatetours.com\/fr\/produit\/cotes-roties-wines-and-vienne-half-day-wine-tour\/","og_site_name":"Lyon Private Tours","article_modified_time":"2025-04-08T09:59:16+00:00","og_image":[{"width":2560,"height":1920,"url":"https:\/\/lyonprivatetours.com\/wp-content\/uploads\/2024\/02\/IMG20230910114120-scaled.jpg","type":"image\/jpeg"}],"twitter_card":"summary_large_image","twitter_misc":{"Dur\u00e9e de lecture estim\u00e9e":"1 minute"},"schema":{"@context":"https:\/\/schema.org","@graph":[{"@type":"WebPage","@id":"https:\/\/lyonprivatetours.com\/product\/cotes-roties-wines-and-vienne-half-day-wine-tour\/","url":"https:\/\/lyonprivatetours.com\/product\/cotes-roties-wines-and-vienne-half-day-wine-tour\/","name":"C\u00f4tes-R\u00f4ties wines and Vienne - Half day - Lyon Private Tours","isPartOf":{"@id":"https:\/\/lyonprivatetours.com\/fr\/#website"},"primaryImageOfPage":{"@id":"https:\/\/lyonprivatetours.com\/product\/cotes-roties-wines-and-vienne-half-day-wine-tour\/#primaryimage"},"image":{"@id":"https:\/\/lyonprivatetours.com\/product\/cotes-roties-wines-and-vienne-half-day-wine-tour\/#primaryimage"},"thumbnailUrl":"https:\/\/lyonprivatetours.com\/wp-content\/uploads\/2024\/02\/IMG20230910114120-scaled.jpg","datePublished":"2024-02-29T14:57:07+00:00","dateModified":"2025-04-08T09:59:16+00:00","description":"Book our Vienne private tour to discover Vienne, a small city full of history and to enjoy a C\u00f4tes-R\u00f4ties and Condrieu wine tasting at a local winemaker.","breadcrumb":{"@id":"https:\/\/lyonprivatetours.com\/product\/cotes-roties-wines-and-vienne-half-day-wine-tour\/#breadcrumb"},"inLanguage":"fr-FR","potentialAction":[{"@type":"ReadAction","target":["https:\/\/lyonprivatetours.com\/product\/cotes-roties-wines-and-vienne-half-day-wine-tour\/"]}]},{"@type":"ImageObject","inLanguage":"fr-FR","@id":"https:\/\/lyonprivatetours.com\/product\/cotes-roties-wines-and-vienne-half-day-wine-tour\/#primaryimage","url":"https:\/\/lyonprivatetours.com\/wp-content\/uploads\/2024\/02\/IMG20230910114120-scaled.jpg","contentUrl":"https:\/\/lyonprivatetours.com\/wp-content\/uploads\/2024\/02\/IMG20230910114120-scaled.jpg","width":2560,"height":1920},{"@type":"BreadcrumbList","@id":"https:\/\/lyonprivatetours.com\/product\/cotes-roties-wines-and-vienne-half-day-wine-tour\/#breadcrumb","itemListElement":[{"@type":"ListItem","position":1,"name":"Accueil","item":"https:\/\/lyonprivatetours.com\/fr\/"},{"@type":"ListItem","position":2,"name":"Book A Tour From Lyon","item":"https:\/\/lyonprivatetours.com\/shop\/"},{"@type":"ListItem","position":3,"name":"C\u00f4tes-R\u00f4ties wines and Vienne &#8211; Half day"}]},{"@type":"WebSite","@id":"https:\/\/lyonprivatetours.com\/fr\/#website","url":"https:\/\/lyonprivatetours.com\/fr\/","name":"Lyon Private Tours","description":"Tours From Lyon","publisher":{"@id":"https:\/\/lyonprivatetours.com\/fr\/#organization"},"potentialAction":[{"@type":"SearchAction","target":{"@type":"EntryPoint","urlTemplate":"https:\/\/lyonprivatetours.com\/fr\/?s={search_term_string}"},"query-input":{"@type":"PropertyValueSpecification","valueRequired":true,"valueName":"search_term_string"}}],"inLanguage":"fr-FR"},{"@type":"Organization","@id":"https:\/\/lyonprivatetours.com\/fr\/#organization","name":"Lyon Private Tours","url":"https:\/\/lyonprivatetours.com\/fr\/","logo":{"@type":"ImageObject","inLanguage":"fr-FR","@id":"https:\/\/lyonprivatetours.com\/fr\/#\/schema\/logo\/image\/","url":"https:\/\/lyonprivatetours.com\/wp-content\/uploads\/2024\/02\/Lyon-Private-Tours-logo.jpg","contentUrl":"https:\/\/lyonprivatetours.com\/wp-content\/uploads\/2024\/02\/Lyon-Private-Tours-logo.jpg","width":1080,"height":1080,"caption":"Lyon Private Tours"},"image":{"@id":"https:\/\/lyonprivatetours.com\/fr\/#\/schema\/logo\/image\/"}}]}},"_links":{"self":[{"href":"https:\/\/lyonprivatetours.com\/fr\/wp-json\/wp\/v2\/product\/5719","targetHints":{"allow":["GET"]}}],"collection":[{"href":"https:\/\/lyonprivatetours.com\/fr\/wp-json\/wp\/v2\/product"}],"about":[{"href":"https:\/\/lyonprivatetours.com\/fr\/wp-json\/wp\/v2\/types\/product"}],"replies":[{"embeddable":true,"href":"https:\/\/lyonprivatetours.com\/fr\/wp-json\/wp\/v2\/comments?post=5719"}],"wp:featuredmedia":[{"embeddable":true,"href":"https:\/\/lyonprivatetours.com\/fr\/wp-json\/wp\/v2\/media\/5725"}],"wp:attachment":[{"href":"https:\/\/lyonprivatetours.com\/fr\/wp-json\/wp\/v2\/media?parent=5719"}],"wp:term":[{"taxonomy":"product_brand","embeddable":true,"href":"https:\/\/lyonprivatetours.com\/fr\/wp-json\/wp\/v2\/product_brand?post=5719"},{"taxonomy":"product_cat","embeddable":true,"href":"https:\/\/lyonprivatetours.com\/fr\/wp-json\/wp\/v2\/product_cat?post=5719"},{"taxonomy":"product_tag","embeddable":true,"href":"https:\/\/lyonprivatetours.com\/fr\/wp-json\/wp\/v2\/product_tag?post=5719"}],"curies":[{"name":"wp","href":"https:\/\/api.w.org\/{rel}","templated":true}]}}