{"id":5730,"date":"2024-02-29T16:11:56","date_gmt":"2024-02-29T15:11:56","guid":{"rendered":"https:\/\/lyonprivatetours.com\/?post_type=product&#038;p=5730"},"modified":"2025-03-17T18:21:55","modified_gmt":"2025-03-17T17:21:55","slug":"old-lyon-renaissance-district","status":"publish","type":"product","link":"https:\/\/lyonprivatetours.com\/fr\/product\/old-lyon-renaissance-district\/","title":{"rendered":"Vieux Lyon \u2013 quartier Renaissance"},"content":{"rendered":"<div class=\"elementor-element elementor-element-76d0eff6 animated-slow animation_type_block sc_fly_static elementor-widget elementor-widget-text-editor trx_addons_parallax_layers_inited trx_addons_parallax_blocks_inited animated fadeIn\" data-animation-type=\"block\" data-id=\"76d0eff6\" data-element_type=\"widget\" data-settings=\"{&quot;_animation&quot;:&quot;fadeIn&quot;}\" data-widget_type=\"text-editor.default\">\n<div class=\"elementor-widget-container\">\n<p data-start=\"59\" data-end=\"414\">Meet us at <strong data-start=\"70\" data-end=\"140\">Place Saint-Jean, in front of the magnificent Saint-Jean Cathedral<\/strong>, where your journey through the heart of <strong data-start=\"182\" data-end=\"207\">Old Lyon (Vieux Lyon)<\/strong> begins. This UNESCO-listed district is one of Europe\u2019s largest and best-preserved Renaissance quarters, filled with cobbled streets, hidden passageways, and stunning medieval and Renaissance architecture.<\/p>\n<p data-start=\"416\" data-end=\"787\">As we explore, you\u2019ll discover the district\u2019s famous <strong data-start=\"469\" data-end=\"482\">traboules <\/strong>\u2014secret covered passageways\u2014 along with grand mansions built by wealthy 15th- and 16th-century traders. We\u2019ll admire the impressive Gothic and Renaissance details of <strong data-start=\"675\" data-end=\"699\">Saint-Jean Cathedral<\/strong>, hear stories of Lyon\u2019s past, and uncover charming courtyards tucked away from sight.<\/p>\n<p data-start=\"416\" data-end=\"787\">As we wander through the district, you\u2019ll also discover the influence of Italy on Lyon\u2019s Renaissance architecture, with its elegant facades, intricate stone carvings, and beautifully crafted galleries. Keep an eye out for the <strong data-start=\"226\" data-end=\"246\">Maison du Crible<\/strong> and the <strong data-start=\"255\" data-end=\"275\">H\u00f4tel de Gadagne<\/strong>, home to the city\u2019s fascinating history museum. You\u2019ll hear captivating tales of influential figures who shaped Lyon\u2019s past, from silk merchants to the powerful banking families who once called these grand residences home. And, of course, no visit to Old Lyon would be complete without a glimpse into its vibrant present\u2014bustling artisan workshops, quaint bookshops, and the irresistible aromas of fresh pastries and pralines wafting from traditional bakeries.<\/p>\n<p data-start=\"789\" data-end=\"1097\">Along the way, we\u2019ll share insights into Lyon\u2019s transformation from a Roman city to a Renaissance hub of commerce and culture.\u00a0 This tour is the perfect way to experience the magic of Old Lyon, bringing history, architecture, and legends to life.<\/p>\n<\/div>\n<\/div>\n<table summary=\"Info\" cellspacing=\"0\">\n<tbody>\n<tr>\n<td>Inclus<\/td>\n<td>Private guide<\/td>\n<\/tr>\n<tr>\n<td>Dur\u00e9e<\/td>\n<td>2:00<\/td>\n<\/tr>\n<tr>\n<td>Les Participants<\/td>\n<td>Up to 15 people<\/td>\n<\/tr>\n<tr>\n<td>Langue<\/td>\n<td>Anglais \/ Fran\u00e7ais<br \/>\n<a href=\"https:\/\/lyonprivatetours.com\/fr\/contacts\/\">Contactez-nous pour d&#039;autres langues<\/a><\/td>\n<\/tr>\n<\/tbody>\n<\/table>","protected":false},"excerpt":{"rendered":"<p><strong>Up to 15 people<\/strong><\/p>\n<p>Discover the rich history and hidden treasures of <strong data-start=\"50\" data-end=\"85\">Old Lyon\u2019s Renaissance district<\/strong>, from its stunning architecture to its secret traboules and charming courtyards. This immersive walking tour brings the city\u2019s past to life, offering a perfect blend of history, culture, and local charm.<\/p>","protected":false},"featured_media":6378,"comment_status":"open","ping_status":"closed","template":"","meta":{"rs_blank_template":"","rs_page_bg_color":"","slide_template_v7":""},"product_brand":[],"product_cat":[72],"product_tag":[],"class_list":{"0":"post-5730","1":"product","2":"type-product","3":"status-publish","4":"has-post-thumbnail","6":"product_cat-lyon","8":"first","9":"instock","10":"virtual","11":"purchasable","12":"product-type-appointment"},"exclude_global_add_ons":false,"addons":[{"name":"Language pr\u00e9f\u00e9r\u00e9","type":"custom_text","position":0,"required":true,"title_format":"label","default":"","description_enable":false,"description":"","placeholder_enable":false,"placeholder":"","display":"select","restrictions_type":"any_text","adjust_price":false,"price":"","price_type":"flat_fee","restrictions":false,"min":"0","max":"0","options":[],"id":1712858891},{"name":"Meeting Point","type":"custom_text","position":1,"required":false,"title_format":"label","default":"","description_enable":false,"description":"","placeholder_enable":false,"placeholder":"","display":"select","restrictions_type":"any_text","adjust_price":false,"price":"","price_type":"flat_fee","restrictions":false,"min":"0","max":"0","options":[],"id":1717685443}],"yoast_head":"<!-- This site is optimized with the Yoast SEO Premium plugin v26.7 (Yoast SEO v27.4) - https:\/\/yoast.com\/product\/yoast-seo-premium-wordpress\/ -->\n<title>Old Lyon - Renaissance district - Lyon Private Tours<\/title>\n<meta name=\"description\" content=\"Private tour to explore the old town, a Renaissance district where the traboules, the secret passageways of the city, are opening up before us.\" \/>\n<meta name=\"robots\" content=\"index, follow, max-snippet:-1, max-image-preview:large, max-video-preview:-1\" \/>\n<link rel=\"canonical\" href=\"https:\/\/lyonprivatetours.com\/fr\/produit\/old-lyon-renaissance-district\/\" \/>\n<meta property=\"og:locale\" content=\"fr_FR\" \/>\n<meta property=\"og:type\" content=\"article\" \/>\n<meta property=\"og:title\" content=\"Old Lyon - Renaissance district\" \/>\n<meta property=\"og:description\" content=\"Private tour to explore the old town, a Renaissance district where the traboules, the secret passageways of the city, are opening up before us.\" \/>\n<meta property=\"og:url\" content=\"https:\/\/lyonprivatetours.com\/fr\/produit\/old-lyon-renaissance-district\/\" \/>\n<meta property=\"og:site_name\" content=\"Lyon Private Tours\" \/>\n<meta property=\"article:modified_time\" content=\"2025-03-17T17:21:55+00:00\" \/>\n<meta property=\"og:image\" content=\"https:\/\/lyonprivatetours.com\/wp-content\/uploads\/2024\/03\/IMG_20190507_115923-scaled.jpg\" \/>\n\t<meta property=\"og:image:width\" content=\"1920\" \/>\n\t<meta property=\"og:image:height\" content=\"2560\" \/>\n\t<meta property=\"og:image:type\" content=\"image\/jpeg\" \/>\n<meta name=\"twitter:card\" content=\"summary_large_image\" \/>\n<meta name=\"twitter:label1\" content=\"Dur\u00e9e de lecture estim\u00e9e\" \/>\n\t<meta name=\"twitter:data1\" content=\"2 minutes\" \/>\n<script type=\"application\/ld+json\" class=\"yoast-schema-graph\">{\"@context\":\"https:\\\/\\\/schema.org\",\"@graph\":[{\"@type\":\"WebPage\",\"@id\":\"https:\\\/\\\/lyonprivatetours.com\\\/product\\\/old-lyon-renaissance-district\\\/\",\"url\":\"https:\\\/\\\/lyonprivatetours.com\\\/product\\\/old-lyon-renaissance-district\\\/\",\"name\":\"Old Lyon - Renaissance district - Lyon Private Tours\",\"isPartOf\":{\"@id\":\"https:\\\/\\\/lyonprivatetours.com\\\/fr\\\/#website\"},\"primaryImageOfPage\":{\"@id\":\"https:\\\/\\\/lyonprivatetours.com\\\/product\\\/old-lyon-renaissance-district\\\/#primaryimage\"},\"image\":{\"@id\":\"https:\\\/\\\/lyonprivatetours.com\\\/product\\\/old-lyon-renaissance-district\\\/#primaryimage\"},\"thumbnailUrl\":\"https:\\\/\\\/lyonprivatetours.com\\\/wp-content\\\/uploads\\\/2024\\\/03\\\/IMG_20190507_115923-scaled.jpg\",\"datePublished\":\"2024-02-29T15:11:56+00:00\",\"dateModified\":\"2025-03-17T17:21:55+00:00\",\"description\":\"Private tour to explore the old town, a Renaissance district where the traboules, the secret passageways of the city, are opening up before us.\",\"breadcrumb\":{\"@id\":\"https:\\\/\\\/lyonprivatetours.com\\\/product\\\/old-lyon-renaissance-district\\\/#breadcrumb\"},\"inLanguage\":\"fr-FR\",\"potentialAction\":[{\"@type\":\"ReadAction\",\"target\":[\"https:\\\/\\\/lyonprivatetours.com\\\/product\\\/old-lyon-renaissance-district\\\/\"]}]},{\"@type\":\"ImageObject\",\"inLanguage\":\"fr-FR\",\"@id\":\"https:\\\/\\\/lyonprivatetours.com\\\/product\\\/old-lyon-renaissance-district\\\/#primaryimage\",\"url\":\"https:\\\/\\\/lyonprivatetours.com\\\/wp-content\\\/uploads\\\/2024\\\/03\\\/IMG_20190507_115923-scaled.jpg\",\"contentUrl\":\"https:\\\/\\\/lyonprivatetours.com\\\/wp-content\\\/uploads\\\/2024\\\/03\\\/IMG_20190507_115923-scaled.jpg\",\"width\":1920,\"height\":2560,\"caption\":\"vieux Lyon group tour\"},{\"@type\":\"BreadcrumbList\",\"@id\":\"https:\\\/\\\/lyonprivatetours.com\\\/product\\\/old-lyon-renaissance-district\\\/#breadcrumb\",\"itemListElement\":[{\"@type\":\"ListItem\",\"position\":1,\"name\":\"Accueil\",\"item\":\"https:\\\/\\\/lyonprivatetours.com\\\/fr\\\/\"},{\"@type\":\"ListItem\",\"position\":2,\"name\":\"Book A Tour From Lyon\",\"item\":\"https:\\\/\\\/lyonprivatetours.com\\\/shop\\\/\"},{\"@type\":\"ListItem\",\"position\":3,\"name\":\"Old Lyon &#8211; Renaissance district\"}]},{\"@type\":\"WebSite\",\"@id\":\"https:\\\/\\\/lyonprivatetours.com\\\/fr\\\/#website\",\"url\":\"https:\\\/\\\/lyonprivatetours.com\\\/fr\\\/\",\"name\":\"Lyon Private Tours\",\"description\":\"Tours From Lyon\",\"publisher\":{\"@id\":\"https:\\\/\\\/lyonprivatetours.com\\\/fr\\\/#organization\"},\"potentialAction\":[{\"@type\":\"SearchAction\",\"target\":{\"@type\":\"EntryPoint\",\"urlTemplate\":\"https:\\\/\\\/lyonprivatetours.com\\\/fr\\\/?s={search_term_string}\"},\"query-input\":{\"@type\":\"PropertyValueSpecification\",\"valueRequired\":true,\"valueName\":\"search_term_string\"}}],\"inLanguage\":\"fr-FR\"},{\"@type\":\"Organization\",\"@id\":\"https:\\\/\\\/lyonprivatetours.com\\\/fr\\\/#organization\",\"name\":\"Lyon Private Tours\",\"url\":\"https:\\\/\\\/lyonprivatetours.com\\\/fr\\\/\",\"logo\":{\"@type\":\"ImageObject\",\"inLanguage\":\"fr-FR\",\"@id\":\"https:\\\/\\\/lyonprivatetours.com\\\/fr\\\/#\\\/schema\\\/logo\\\/image\\\/\",\"url\":\"https:\\\/\\\/lyonprivatetours.com\\\/wp-content\\\/uploads\\\/2024\\\/02\\\/Lyon-Private-Tours-logo.jpg\",\"contentUrl\":\"https:\\\/\\\/lyonprivatetours.com\\\/wp-content\\\/uploads\\\/2024\\\/02\\\/Lyon-Private-Tours-logo.jpg\",\"width\":1080,\"height\":1080,\"caption\":\"Lyon Private Tours\"},\"image\":{\"@id\":\"https:\\\/\\\/lyonprivatetours.com\\\/fr\\\/#\\\/schema\\\/logo\\\/image\\\/\"}}]}<\/script>\n<!-- \/ Yoast SEO Premium plugin. -->","yoast_head_json":{"title":"Old Lyon - Renaissance district - Lyon Private Tours","description":"Private tour to explore the old town, a Renaissance district where the traboules, the secret passageways of the city, are opening up before us.","robots":{"index":"index","follow":"follow","max-snippet":"max-snippet:-1","max-image-preview":"max-image-preview:large","max-video-preview":"max-video-preview:-1"},"canonical":"https:\/\/lyonprivatetours.com\/fr\/produit\/old-lyon-renaissance-district\/","og_locale":"fr_FR","og_type":"article","og_title":"Old Lyon - Renaissance district","og_description":"Private tour to explore the old town, a Renaissance district where the traboules, the secret passageways of the city, are opening up before us.","og_url":"https:\/\/lyonprivatetours.com\/fr\/produit\/old-lyon-renaissance-district\/","og_site_name":"Lyon Private Tours","article_modified_time":"2025-03-17T17:21:55+00:00","og_image":[{"width":1920,"height":2560,"url":"https:\/\/lyonprivatetours.com\/wp-content\/uploads\/2024\/03\/IMG_20190507_115923-scaled.jpg","type":"image\/jpeg"}],"twitter_card":"summary_large_image","twitter_misc":{"Dur\u00e9e de lecture estim\u00e9e":"2 minutes"},"schema":{"@context":"https:\/\/schema.org","@graph":[{"@type":"WebPage","@id":"https:\/\/lyonprivatetours.com\/product\/old-lyon-renaissance-district\/","url":"https:\/\/lyonprivatetours.com\/product\/old-lyon-renaissance-district\/","name":"Old Lyon - Renaissance district - Lyon Private Tours","isPartOf":{"@id":"https:\/\/lyonprivatetours.com\/fr\/#website"},"primaryImageOfPage":{"@id":"https:\/\/lyonprivatetours.com\/product\/old-lyon-renaissance-district\/#primaryimage"},"image":{"@id":"https:\/\/lyonprivatetours.com\/product\/old-lyon-renaissance-district\/#primaryimage"},"thumbnailUrl":"https:\/\/lyonprivatetours.com\/wp-content\/uploads\/2024\/03\/IMG_20190507_115923-scaled.jpg","datePublished":"2024-02-29T15:11:56+00:00","dateModified":"2025-03-17T17:21:55+00:00","description":"Private tour to explore the old town, a Renaissance district where the traboules, the secret passageways of the city, are opening up before us.","breadcrumb":{"@id":"https:\/\/lyonprivatetours.com\/product\/old-lyon-renaissance-district\/#breadcrumb"},"inLanguage":"fr-FR","potentialAction":[{"@type":"ReadAction","target":["https:\/\/lyonprivatetours.com\/product\/old-lyon-renaissance-district\/"]}]},{"@type":"ImageObject","inLanguage":"fr-FR","@id":"https:\/\/lyonprivatetours.com\/product\/old-lyon-renaissance-district\/#primaryimage","url":"https:\/\/lyonprivatetours.com\/wp-content\/uploads\/2024\/03\/IMG_20190507_115923-scaled.jpg","contentUrl":"https:\/\/lyonprivatetours.com\/wp-content\/uploads\/2024\/03\/IMG_20190507_115923-scaled.jpg","width":1920,"height":2560,"caption":"vieux Lyon group tour"},{"@type":"BreadcrumbList","@id":"https:\/\/lyonprivatetours.com\/product\/old-lyon-renaissance-district\/#breadcrumb","itemListElement":[{"@type":"ListItem","position":1,"name":"Accueil","item":"https:\/\/lyonprivatetours.com\/fr\/"},{"@type":"ListItem","position":2,"name":"Book A Tour From Lyon","item":"https:\/\/lyonprivatetours.com\/shop\/"},{"@type":"ListItem","position":3,"name":"Old Lyon &#8211; Renaissance district"}]},{"@type":"WebSite","@id":"https:\/\/lyonprivatetours.com\/fr\/#website","url":"https:\/\/lyonprivatetours.com\/fr\/","name":"Lyon Private Tours","description":"Tours From Lyon","publisher":{"@id":"https:\/\/lyonprivatetours.com\/fr\/#organization"},"potentialAction":[{"@type":"SearchAction","target":{"@type":"EntryPoint","urlTemplate":"https:\/\/lyonprivatetours.com\/fr\/?s={search_term_string}"},"query-input":{"@type":"PropertyValueSpecification","valueRequired":true,"valueName":"search_term_string"}}],"inLanguage":"fr-FR"},{"@type":"Organization","@id":"https:\/\/lyonprivatetours.com\/fr\/#organization","name":"Lyon Private Tours","url":"https:\/\/lyonprivatetours.com\/fr\/","logo":{"@type":"ImageObject","inLanguage":"fr-FR","@id":"https:\/\/lyonprivatetours.com\/fr\/#\/schema\/logo\/image\/","url":"https:\/\/lyonprivatetours.com\/wp-content\/uploads\/2024\/02\/Lyon-Private-Tours-logo.jpg","contentUrl":"https:\/\/lyonprivatetours.com\/wp-content\/uploads\/2024\/02\/Lyon-Private-Tours-logo.jpg","width":1080,"height":1080,"caption":"Lyon Private Tours"},"image":{"@id":"https:\/\/lyonprivatetours.com\/fr\/#\/schema\/logo\/image\/"}}]}},"_links":{"self":[{"href":"https:\/\/lyonprivatetours.com\/fr\/wp-json\/wp\/v2\/product\/5730","targetHints":{"allow":["GET"]}}],"collection":[{"href":"https:\/\/lyonprivatetours.com\/fr\/wp-json\/wp\/v2\/product"}],"about":[{"href":"https:\/\/lyonprivatetours.com\/fr\/wp-json\/wp\/v2\/types\/product"}],"replies":[{"embeddable":true,"href":"https:\/\/lyonprivatetours.com\/fr\/wp-json\/wp\/v2\/comments?post=5730"}],"wp:featuredmedia":[{"embeddable":true,"href":"https:\/\/lyonprivatetours.com\/fr\/wp-json\/wp\/v2\/media\/6378"}],"wp:attachment":[{"href":"https:\/\/lyonprivatetours.com\/fr\/wp-json\/wp\/v2\/media?parent=5730"}],"wp:term":[{"taxonomy":"product_brand","embeddable":true,"href":"https:\/\/lyonprivatetours.com\/fr\/wp-json\/wp\/v2\/product_brand?post=5730"},{"taxonomy":"product_cat","embeddable":true,"href":"https:\/\/lyonprivatetours.com\/fr\/wp-json\/wp\/v2\/product_cat?post=5730"},{"taxonomy":"product_tag","embeddable":true,"href":"https:\/\/lyonprivatetours.com\/fr\/wp-json\/wp\/v2\/product_tag?post=5730"}],"curies":[{"name":"wp","href":"https:\/\/api.w.org\/{rel}","templated":true}]}}