{"id":5735,"date":"2024-02-29T16:18:27","date_gmt":"2024-02-29T15:18:27","guid":{"rendered":"https:\/\/lyonprivatetours.com\/?post_type=product&#038;p=5735"},"modified":"2025-03-17T17:53:11","modified_gmt":"2025-03-17T16:53:11","slug":"lyon-city-tour-with-private-transportation","status":"publish","type":"product","link":"https:\/\/lyonprivatetours.com\/fr\/product\/lyon-city-tour-with-private-transportation\/","title":{"rendered":"Tour de Lyon avec transport priv\u00e9"},"content":{"rendered":"<div class=\"short-description\">\n<div class=\"std\">\n<p>Nous commencerons au sommet de la colline de Fourvi\u00e8re, le lieu le plus historique de Lyon. C'est l\u00e0 que tout a commenc\u00e9 dans l'Antiquit\u00e9. De la Basilique Notre Dame de Fourvi\u00e8re aux vestiges gallo-romains, remontez le temps lorsque Lyon \u00e9tait la Capitale des Gaules. Puis nous descendrons la colline pour rejoindre la Sa\u00f4ne et la Vieille Ville de Lyon. Nous nous arr\u00eaterons \u00e0 l'\u00e9tonnante \u00ab Fresque des Lyonnais \u00bb, un mur peint g\u00e9ant repr\u00e9sentant les c\u00e9l\u00e9brit\u00e9s locales avant de traverser la p\u00e9ninsule de Lyon et les spectaculaires places principales de Lyon. Nous atteindrons ensuite la vieille ville de Lyon, l'une des le plus vieux quartier Renaissance du monde avec de nombreux passages secrets \u00e0 d\u00e9couvrir.<\/p>\n<\/div>\n<\/div>\n<table summary=\"Info\" cellspacing=\"0\">\n<tbody>\n<tr>\n<td>Inclus<\/td>\n<td>Private transportation<\/td>\n<\/tr>\n<tr>\n<td>Dur\u00e9e<\/td>\n<td>3:00<\/td>\n<\/tr>\n<tr>\n<td>Les Participants<\/td>\n<td>Up to 6 people<\/p>\n<p><a href=\"https:\/\/lyonprivatetours.com\/fr\/contacts\/\">Demander \u00e0 plusieurs personnes<\/a><\/td>\n<\/tr>\n<tr>\n<td>Langue<\/td>\n<td>Anglais \/ Fran\u00e7ais<\/p>\n<p><a href=\"https:\/\/lyonprivatetours.com\/fr\/contacts\/\">Contactez-nous si vous souhaitez un autre language<\/a><\/td>\n<\/tr>\n<tr>\n<td>V\u00e9hicule<\/td>\n<td>7 Seats Peugeot 5008 Allure Hybrid &#8211; <a href=\"https:\/\/lyonprivatetours.com\/fr\/contacts\/\">Besoin d'un plus grand v\u00e9hicule ? Demandez-nous un devis<\/a><\/td>\n<\/tr>\n<\/tbody>\n<\/table>","protected":false},"excerpt":{"rendered":"<div id=\"pdp-left\" class=\"pdp-left\">\n<div class=\"description\">\n<div class=\"content\">\n<ul class=\"highlights\">\n<li>Le vieux Lyon quartier renaissance class\u00e9 au patrimoine mondial de l'Unesco<\/li>\n<li>La Basilique Notre Dame de Fourvi\u00e8re<\/li>\n<li>&#8220;Fresque des Lyonnais&#8221;, the most famous mural of the city<\/li>\n<li>The oldest roman theater of France<\/li>\n<\/ul>\n<table summary=\"Info\" cellspacing=\"0\">\n<tbody>\n<tr>\n<td>7 Seats Peugeot 5008 Allure Hybrid\u00a0&#8211; <a href=\"https:\/\/lyonprivatetours.com\/fr\/contacts\/\">Besoin d'un plus grand v\u00e9hicule ? Demandez-nous un devis<\/a><\/td>\n<\/tr>\n<\/tbody>\n<\/table>\n<\/div>\n<\/div>\n<\/div>","protected":false},"featured_media":6721,"comment_status":"open","ping_status":"closed","template":"","meta":{"rs_blank_template":"","rs_page_bg_color":"","slide_template_v7":""},"product_brand":[],"product_cat":[72],"product_tag":[],"class_list":{"0":"post-5735","1":"product","2":"type-product","3":"status-publish","4":"has-post-thumbnail","6":"product_cat-lyon","8":"first","9":"instock","10":"virtual","11":"purchasable","12":"product-type-appointment"},"exclude_global_add_ons":false,"addons":[{"name":"Nombre de personnes","type":"multiple_choice","position":0,"required":true,"title_format":"label","default":"","description_enable":true,"description":"Demandez un devis pour plus de 4 personnes","placeholder_enable":false,"placeholder":"","display":"select","restrictions_type":"any_text","adjust_price":false,"price":"","price_type":"flat_fee","restrictions":false,"min":"0","max":"0","options":[{"label":"1","price":"","price_type":"flat_fee","image":0,"visibility":true},{"label":"2","price":"","price_type":"flat_fee","image":0,"visibility":true},{"label":"3","price":"","price_type":"flat_fee","image":0,"visibility":true},{"label":"4","price":"","price_type":"flat_fee","image":0,"visibility":true},{"label":"5","price":"","price_type":"flat_fee","image":0,"visibility":true},{"label":"6","price":"","price_type":"flat_fee","image":0,"visibility":true}],"id":1713791608},{"name":"Language pr\u00e9f\u00e9r\u00e9","type":"custom_text","position":1,"required":true,"title_format":"label","default":"","description_enable":false,"description":"","placeholder_enable":false,"placeholder":"","display":"select","restrictions_type":"any_text","adjust_price":false,"price":"","price_type":"flat_fee","restrictions":false,"min":"0","max":"0","options":[],"id":1713791609},{"name":"Meeting Point","type":"custom_text","position":2,"required":false,"title_format":"label","default":"","description_enable":false,"description":"","placeholder_enable":false,"placeholder":"","display":"select","restrictions_type":"any_text","adjust_price":false,"price":"","price_type":"flat_fee","restrictions":false,"min":"0","max":"0","options":[],"id":1717685335}],"yoast_head":"<!-- This site is optimized with the Yoast SEO Premium plugin v26.7 (Yoast SEO v27.4) - https:\/\/yoast.com\/product\/yoast-seo-premium-wordpress\/ -->\n<title>Lyon City Tour with private transportation - Lyon Private Tours<\/title>\n<meta name=\"description\" content=\"Lyon city tour from the Basilica Notre Dame de Fourvi\u00e8re to the Saone River and the Old Town of Lyon, one of the oldest Renaissance district of the World.\" \/>\n<meta name=\"robots\" content=\"index, follow, max-snippet:-1, max-image-preview:large, max-video-preview:-1\" \/>\n<link rel=\"canonical\" href=\"https:\/\/lyonprivatetours.com\/fr\/produit\/lyon-city-tour-with-private-transportation\/\" \/>\n<meta property=\"og:locale\" content=\"fr_FR\" \/>\n<meta property=\"og:type\" content=\"article\" \/>\n<meta property=\"og:title\" content=\"Lyon City Tour with private transportation\" \/>\n<meta property=\"og:description\" content=\"Lyon city tour from the Basilica Notre Dame de Fourvi\u00e8re to the Saone River and the Old Town of Lyon, one of the oldest Renaissance district of the World.\" \/>\n<meta property=\"og:url\" content=\"https:\/\/lyonprivatetours.com\/fr\/produit\/lyon-city-tour-with-private-transportation\/\" \/>\n<meta property=\"og:site_name\" content=\"Lyon Private Tours\" \/>\n<meta property=\"article:modified_time\" content=\"2025-03-17T16:53:11+00:00\" \/>\n<meta property=\"og:image\" content=\"https:\/\/lyonprivatetours.com\/wp-content\/uploads\/2019\/02\/20210827_191656-scaled.jpg\" \/>\n\t<meta property=\"og:image:width\" content=\"2560\" \/>\n\t<meta property=\"og:image:height\" content=\"1920\" \/>\n\t<meta property=\"og:image:type\" content=\"image\/jpeg\" \/>\n<meta name=\"twitter:card\" content=\"summary_large_image\" \/>\n<meta name=\"twitter:label1\" content=\"Dur\u00e9e de lecture estim\u00e9e\" \/>\n\t<meta name=\"twitter:data1\" content=\"1 minute\" \/>\n<script type=\"application\/ld+json\" class=\"yoast-schema-graph\">{\"@context\":\"https:\\\/\\\/schema.org\",\"@graph\":[{\"@type\":\"WebPage\",\"@id\":\"https:\\\/\\\/lyonprivatetours.com\\\/product\\\/lyon-city-tour-with-private-transportation\\\/\",\"url\":\"https:\\\/\\\/lyonprivatetours.com\\\/product\\\/lyon-city-tour-with-private-transportation\\\/\",\"name\":\"Lyon City Tour with private transportation - Lyon Private Tours\",\"isPartOf\":{\"@id\":\"https:\\\/\\\/lyonprivatetours.com\\\/fr\\\/#website\"},\"primaryImageOfPage\":{\"@id\":\"https:\\\/\\\/lyonprivatetours.com\\\/product\\\/lyon-city-tour-with-private-transportation\\\/#primaryimage\"},\"image\":{\"@id\":\"https:\\\/\\\/lyonprivatetours.com\\\/product\\\/lyon-city-tour-with-private-transportation\\\/#primaryimage\"},\"thumbnailUrl\":\"https:\\\/\\\/lyonprivatetours.com\\\/wp-content\\\/uploads\\\/2019\\\/02\\\/20210827_191656-scaled.jpg\",\"datePublished\":\"2024-02-29T15:18:27+00:00\",\"dateModified\":\"2025-03-17T16:53:11+00:00\",\"description\":\"Lyon city tour from the Basilica Notre Dame de Fourvi\u00e8re to the Saone River and the Old Town of Lyon, one of the oldest Renaissance district of the World.\",\"breadcrumb\":{\"@id\":\"https:\\\/\\\/lyonprivatetours.com\\\/product\\\/lyon-city-tour-with-private-transportation\\\/#breadcrumb\"},\"inLanguage\":\"fr-FR\",\"potentialAction\":[{\"@type\":\"ReadAction\",\"target\":[\"https:\\\/\\\/lyonprivatetours.com\\\/product\\\/lyon-city-tour-with-private-transportation\\\/\"]}]},{\"@type\":\"ImageObject\",\"inLanguage\":\"fr-FR\",\"@id\":\"https:\\\/\\\/lyonprivatetours.com\\\/product\\\/lyon-city-tour-with-private-transportation\\\/#primaryimage\",\"url\":\"https:\\\/\\\/lyonprivatetours.com\\\/wp-content\\\/uploads\\\/2019\\\/02\\\/20210827_191656-scaled.jpg\",\"contentUrl\":\"https:\\\/\\\/lyonprivatetours.com\\\/wp-content\\\/uploads\\\/2019\\\/02\\\/20210827_191656-scaled.jpg\",\"width\":2560,\"height\":1920,\"caption\":\"lyon city tour private transport\"},{\"@type\":\"BreadcrumbList\",\"@id\":\"https:\\\/\\\/lyonprivatetours.com\\\/product\\\/lyon-city-tour-with-private-transportation\\\/#breadcrumb\",\"itemListElement\":[{\"@type\":\"ListItem\",\"position\":1,\"name\":\"Accueil\",\"item\":\"https:\\\/\\\/lyonprivatetours.com\\\/fr\\\/\"},{\"@type\":\"ListItem\",\"position\":2,\"name\":\"Book A Tour From Lyon\",\"item\":\"https:\\\/\\\/lyonprivatetours.com\\\/shop\\\/\"},{\"@type\":\"ListItem\",\"position\":3,\"name\":\"Lyon City Tour with private transportation\"}]},{\"@type\":\"WebSite\",\"@id\":\"https:\\\/\\\/lyonprivatetours.com\\\/fr\\\/#website\",\"url\":\"https:\\\/\\\/lyonprivatetours.com\\\/fr\\\/\",\"name\":\"Lyon Private Tours\",\"description\":\"Tours From Lyon\",\"publisher\":{\"@id\":\"https:\\\/\\\/lyonprivatetours.com\\\/fr\\\/#organization\"},\"potentialAction\":[{\"@type\":\"SearchAction\",\"target\":{\"@type\":\"EntryPoint\",\"urlTemplate\":\"https:\\\/\\\/lyonprivatetours.com\\\/fr\\\/?s={search_term_string}\"},\"query-input\":{\"@type\":\"PropertyValueSpecification\",\"valueRequired\":true,\"valueName\":\"search_term_string\"}}],\"inLanguage\":\"fr-FR\"},{\"@type\":\"Organization\",\"@id\":\"https:\\\/\\\/lyonprivatetours.com\\\/fr\\\/#organization\",\"name\":\"Lyon Private Tours\",\"url\":\"https:\\\/\\\/lyonprivatetours.com\\\/fr\\\/\",\"logo\":{\"@type\":\"ImageObject\",\"inLanguage\":\"fr-FR\",\"@id\":\"https:\\\/\\\/lyonprivatetours.com\\\/fr\\\/#\\\/schema\\\/logo\\\/image\\\/\",\"url\":\"https:\\\/\\\/lyonprivatetours.com\\\/wp-content\\\/uploads\\\/2024\\\/02\\\/Lyon-Private-Tours-logo.jpg\",\"contentUrl\":\"https:\\\/\\\/lyonprivatetours.com\\\/wp-content\\\/uploads\\\/2024\\\/02\\\/Lyon-Private-Tours-logo.jpg\",\"width\":1080,\"height\":1080,\"caption\":\"Lyon Private Tours\"},\"image\":{\"@id\":\"https:\\\/\\\/lyonprivatetours.com\\\/fr\\\/#\\\/schema\\\/logo\\\/image\\\/\"}}]}<\/script>\n<!-- \/ Yoast SEO Premium plugin. -->","yoast_head_json":{"title":"Lyon City Tour with private transportation - Lyon Private Tours","description":"Lyon city tour from the Basilica Notre Dame de Fourvi\u00e8re to the Saone River and the Old Town of Lyon, one of the oldest Renaissance district of the World.","robots":{"index":"index","follow":"follow","max-snippet":"max-snippet:-1","max-image-preview":"max-image-preview:large","max-video-preview":"max-video-preview:-1"},"canonical":"https:\/\/lyonprivatetours.com\/fr\/produit\/lyon-city-tour-with-private-transportation\/","og_locale":"fr_FR","og_type":"article","og_title":"Lyon City Tour with private transportation","og_description":"Lyon city tour from the Basilica Notre Dame de Fourvi\u00e8re to the Saone River and the Old Town of Lyon, one of the oldest Renaissance district of the World.","og_url":"https:\/\/lyonprivatetours.com\/fr\/produit\/lyon-city-tour-with-private-transportation\/","og_site_name":"Lyon Private Tours","article_modified_time":"2025-03-17T16:53:11+00:00","og_image":[{"width":2560,"height":1920,"url":"https:\/\/lyonprivatetours.com\/wp-content\/uploads\/2019\/02\/20210827_191656-scaled.jpg","type":"image\/jpeg"}],"twitter_card":"summary_large_image","twitter_misc":{"Dur\u00e9e de lecture estim\u00e9e":"1 minute"},"schema":{"@context":"https:\/\/schema.org","@graph":[{"@type":"WebPage","@id":"https:\/\/lyonprivatetours.com\/product\/lyon-city-tour-with-private-transportation\/","url":"https:\/\/lyonprivatetours.com\/product\/lyon-city-tour-with-private-transportation\/","name":"Lyon City Tour with private transportation - Lyon Private Tours","isPartOf":{"@id":"https:\/\/lyonprivatetours.com\/fr\/#website"},"primaryImageOfPage":{"@id":"https:\/\/lyonprivatetours.com\/product\/lyon-city-tour-with-private-transportation\/#primaryimage"},"image":{"@id":"https:\/\/lyonprivatetours.com\/product\/lyon-city-tour-with-private-transportation\/#primaryimage"},"thumbnailUrl":"https:\/\/lyonprivatetours.com\/wp-content\/uploads\/2019\/02\/20210827_191656-scaled.jpg","datePublished":"2024-02-29T15:18:27+00:00","dateModified":"2025-03-17T16:53:11+00:00","description":"Lyon city tour from the Basilica Notre Dame de Fourvi\u00e8re to the Saone River and the Old Town of Lyon, one of the oldest Renaissance district of the World.","breadcrumb":{"@id":"https:\/\/lyonprivatetours.com\/product\/lyon-city-tour-with-private-transportation\/#breadcrumb"},"inLanguage":"fr-FR","potentialAction":[{"@type":"ReadAction","target":["https:\/\/lyonprivatetours.com\/product\/lyon-city-tour-with-private-transportation\/"]}]},{"@type":"ImageObject","inLanguage":"fr-FR","@id":"https:\/\/lyonprivatetours.com\/product\/lyon-city-tour-with-private-transportation\/#primaryimage","url":"https:\/\/lyonprivatetours.com\/wp-content\/uploads\/2019\/02\/20210827_191656-scaled.jpg","contentUrl":"https:\/\/lyonprivatetours.com\/wp-content\/uploads\/2019\/02\/20210827_191656-scaled.jpg","width":2560,"height":1920,"caption":"lyon city tour private transport"},{"@type":"BreadcrumbList","@id":"https:\/\/lyonprivatetours.com\/product\/lyon-city-tour-with-private-transportation\/#breadcrumb","itemListElement":[{"@type":"ListItem","position":1,"name":"Accueil","item":"https:\/\/lyonprivatetours.com\/fr\/"},{"@type":"ListItem","position":2,"name":"Book A Tour From Lyon","item":"https:\/\/lyonprivatetours.com\/shop\/"},{"@type":"ListItem","position":3,"name":"Lyon City Tour with private transportation"}]},{"@type":"WebSite","@id":"https:\/\/lyonprivatetours.com\/fr\/#website","url":"https:\/\/lyonprivatetours.com\/fr\/","name":"Lyon Private Tours","description":"Tours From Lyon","publisher":{"@id":"https:\/\/lyonprivatetours.com\/fr\/#organization"},"potentialAction":[{"@type":"SearchAction","target":{"@type":"EntryPoint","urlTemplate":"https:\/\/lyonprivatetours.com\/fr\/?s={search_term_string}"},"query-input":{"@type":"PropertyValueSpecification","valueRequired":true,"valueName":"search_term_string"}}],"inLanguage":"fr-FR"},{"@type":"Organization","@id":"https:\/\/lyonprivatetours.com\/fr\/#organization","name":"Lyon Private Tours","url":"https:\/\/lyonprivatetours.com\/fr\/","logo":{"@type":"ImageObject","inLanguage":"fr-FR","@id":"https:\/\/lyonprivatetours.com\/fr\/#\/schema\/logo\/image\/","url":"https:\/\/lyonprivatetours.com\/wp-content\/uploads\/2024\/02\/Lyon-Private-Tours-logo.jpg","contentUrl":"https:\/\/lyonprivatetours.com\/wp-content\/uploads\/2024\/02\/Lyon-Private-Tours-logo.jpg","width":1080,"height":1080,"caption":"Lyon Private Tours"},"image":{"@id":"https:\/\/lyonprivatetours.com\/fr\/#\/schema\/logo\/image\/"}}]}},"_links":{"self":[{"href":"https:\/\/lyonprivatetours.com\/fr\/wp-json\/wp\/v2\/product\/5735","targetHints":{"allow":["GET"]}}],"collection":[{"href":"https:\/\/lyonprivatetours.com\/fr\/wp-json\/wp\/v2\/product"}],"about":[{"href":"https:\/\/lyonprivatetours.com\/fr\/wp-json\/wp\/v2\/types\/product"}],"replies":[{"embeddable":true,"href":"https:\/\/lyonprivatetours.com\/fr\/wp-json\/wp\/v2\/comments?post=5735"}],"wp:featuredmedia":[{"embeddable":true,"href":"https:\/\/lyonprivatetours.com\/fr\/wp-json\/wp\/v2\/media\/6721"}],"wp:attachment":[{"href":"https:\/\/lyonprivatetours.com\/fr\/wp-json\/wp\/v2\/media?parent=5735"}],"wp:term":[{"taxonomy":"product_brand","embeddable":true,"href":"https:\/\/lyonprivatetours.com\/fr\/wp-json\/wp\/v2\/product_brand?post=5735"},{"taxonomy":"product_cat","embeddable":true,"href":"https:\/\/lyonprivatetours.com\/fr\/wp-json\/wp\/v2\/product_cat?post=5735"},{"taxonomy":"product_tag","embeddable":true,"href":"https:\/\/lyonprivatetours.com\/fr\/wp-json\/wp\/v2\/product_tag?post=5735"}],"curies":[{"name":"wp","href":"https:\/\/api.w.org\/{rel}","templated":true}]}}