{"id":6278,"date":"2024-03-12T10:39:00","date_gmt":"2024-03-12T09:39:00","guid":{"rendered":"https:\/\/lyonprivatetours.com\/?post_type=product&#038;p=6278"},"modified":"2025-03-17T19:05:00","modified_gmt":"2025-03-17T18:05:00","slug":"full-day-tour-in-lyon","status":"publish","type":"product","link":"https:\/\/lyonprivatetours.com\/fr\/product\/full-day-tour-in-lyon\/","title":{"rendered":"Excursion \u00e0 Lyon sur la journ\u00e9e"},"content":{"rendered":"<div class=\"elementor-element elementor-element-3c4d055d animated-slow animation_type_block sc_fly_static elementor-widget elementor-widget-text-editor trx_addons_parallax_layers_inited trx_addons_parallax_blocks_inited animated fadeIn\" data-animation-type=\"block\" data-id=\"3c4d055d\" data-element_type=\"widget\" data-settings=\"{&quot;_animation&quot;:&quot;fadeIn&quot;}\" data-widget_type=\"text-editor.default\">\n<div class=\"elementor-widget-container\">\n<p data-start=\"68\" data-end=\"457\">Experience the best of Lyon in a <strong data-start=\"101\" data-end=\"125\">full-day guided tour<\/strong>, where history, culture, and gastronomy come together in France\u2019s culinary capital. From its ancient Roman roots to its Renaissance charm and vibrant modern life, this immersive tour takes you through the city\u2019s most iconic districts and hidden gems.<\/p>\n<p data-start=\"68\" data-end=\"457\">Begin your journey at the top of <strong data-start=\"101\" data-end=\"119\">Fourvi\u00e8re Hill<\/strong>, where Lyon\u2019s story started over 2,000 years ago. Marvel at the stunning <strong data-start=\"193\" data-end=\"232\">Basilica of Notre-Dame de Fourvi\u00e8re<\/strong>, a masterpiece of architecture that offers breathtaking panoramic views over the city. Just steps away, explore the ancient <strong data-start=\"357\" data-end=\"375\">Roman theaters<\/strong>, remnants of Lugdunum, the Roman city that laid the foundation for modern Lyon.<\/p>\n<p data-start=\"459\" data-end=\"796\">From Fourvi\u00e8re, we descend into the heart of <strong data-start=\"504\" data-end=\"518\">Vieux Lyon<\/strong>, the city\u2019s Renaissance district, where cobbled streets, beautifully preserved mansions, and hidden <strong data-start=\"619\" data-end=\"632\">traboules<\/strong> reveal the city\u2019s medieval past. Discover the grandeur of <strong data-start=\"691\" data-end=\"715\">Saint-Jean Cathedral<\/strong>, and hear stories of the silk merchants and bankers who shaped Lyon\u2019s history.<\/p>\n<p data-start=\"798\" data-end=\"1223\">After a well-deserved break for <strong data-start=\"830\" data-end=\"864\">lunch (not included) <\/strong>where you can indulge in Lyon\u2019s famous cuisine, we continue to the <strong data-start=\"933\" data-end=\"947\">Presqu\u2019\u00eele<\/strong>, Lyon\u2019s lively and elegant city center. Stroll through the grand squares of <strong data-start=\"1024\" data-end=\"1043\">Place Bellecour<\/strong> and <strong data-start=\"1048\" data-end=\"1070\">Place des Terreaux<\/strong>, admire the striking <strong data-start=\"1092\" data-end=\"1117\">Fountain of Bartholdi<\/strong>, and take in the beauty of Lyon\u2019s historic buildings, including the <strong data-start=\"1186\" data-end=\"1220\">City Hall and Fine Arts Museum<\/strong>.<\/p>\n<p data-start=\"1225\" data-end=\"1504\">Our final stop takes us to <strong data-start=\"1252\" data-end=\"1268\">Croix-Rousse<\/strong>, the former silk-weaving district, where you\u2019ll learn about the fascinating world of the <strong data-start=\"1358\" data-end=\"1368\">canuts<\/strong> (silk workers). Explore artisanal workshops, uncover hidden passageways, and soak in the district\u2019s creative and bohemian atmosphere.<\/p>\n<p data-start=\"1506\" data-end=\"1950\"><img decoding=\"async\" class=\"emoji\" role=\"img\" draggable=\"false\" src=\"https:\/\/s.w.org\/images\/core\/emoji\/15.0.3\/svg\/1f4cd.svg\" alt=\"\ud83d\udccd\" \/> <strong data-start=\"1509\" data-end=\"1527\">Meeting Point:<\/strong> Fourvi\u00e8re Hill, in front of the Basilica of Notre-Dame de Fourvi\u00e8re<br data-start=\"1595\" data-end=\"1598\" \/><img decoding=\"async\" class=\"emoji\" role=\"img\" draggable=\"false\" src=\"https:\/\/s.w.org\/images\/core\/emoji\/15.0.3\/svg\/1f4cd.svg\" alt=\"\ud83d\udccd\" \/> <strong data-start=\"1601\" data-end=\"1614\">Dur\u00e9e:<\/strong> Full day (approx 7hours)<br data-start=\"1643\" data-end=\"1646\" \/><img decoding=\"async\" class=\"emoji\" role=\"img\" draggable=\"false\" src=\"https:\/\/s.w.org\/images\/core\/emoji\/15.0.3\/svg\/1f4cd.svg\" alt=\"\ud83d\udccd\" \/> <strong data-start=\"1649\" data-end=\"1664\">Highlights:<\/strong> Fourvi\u00e8re Basilica, Roman theaters, Vieux Lyon, traboules, Saint-Jean Cathedral, Presqu\u2019\u00eele, Place des Terreaux, Croix-Rousse<br data-start=\"1790\" data-end=\"1793\" \/><img decoding=\"async\" class=\"emoji\" role=\"img\" draggable=\"false\" src=\"https:\/\/s.w.org\/images\/core\/emoji\/15.0.3\/svg\/1f4cd.svg\" alt=\"\ud83d\udccd\" \/> <strong data-start=\"1796\" data-end=\"1809\">Includes:<\/strong> Guided walking tour, historical insights, and local recommendations<br data-start=\"1877\" data-end=\"1880\" \/><img decoding=\"async\" class=\"emoji\" role=\"img\" draggable=\"false\" src=\"https:\/\/s.w.org\/images\/core\/emoji\/15.0.3\/svg\/1f4cd.svg\" alt=\"\ud83d\udccd\" \/> <strong data-start=\"1883\" data-end=\"1899\">Perfect for:<\/strong> History lovers, culture enthusiasts<\/p>\n<p data-start=\"1952\" data-end=\"2032\" data-is-last-node=\"\" data-is-only-node=\"\">Join us for a full day of discovery, where Lyon\u2019s past and present come to life!<\/p>\n<p data-start=\"1952\" data-end=\"2032\" data-is-last-node=\"\" data-is-only-node=\"\">For an even more immersive experience, you can choose the <strong data-start=\"58\" data-end=\"95\">optional lunch with food tastings. <\/strong>Savor a carefully selected menu at a traditional <strong data-start=\"165\" data-end=\"176\">bouchon<\/strong>, where you\u2019ll taste Lyon\u2019s iconic dishes. A perfect way to discover why Lyon is known as the gastronomic capital of France!<\/p>\n<\/div>\n<\/div>","protected":false},"excerpt":{"rendered":"<p><strong>Jusqu&#039;\u00e0 10 personnes<\/strong><\/p>\n<p>De la majestueuse Basilique Notre Dame de Fourvi\u00e8re pour les charmantes ruelles pav\u00e9es du Vieux-Lyon (Vieille Ville), notre itin\u00e9raire est m\u00e9ticuleusement con\u00e7u pour vous offrir un ensemble complet et authentique de Lyon une exp\u00e9rience.<\/p>\n<p>Gardez \u00e0 l'esprit que nous adaptons ce tour \u00e0 vos pr\u00e9f\u00e9rences, en fonction de vos int\u00e9r\u00eats et de votre disponibilit\u00e9. De la visite des monuments historiques \u00e0 la d\u00e9couverte de la cuisine locale, laissez-vous guider pour une exp\u00e9rience inoubliable. Et si une demi-journ\u00e9e d'excursion \u00e0 l'ext\u00e9rieur de Lyon vous tente, nous pouvons aussi organiser \u00e7a pour vous.<\/p>","protected":false},"featured_media":5682,"comment_status":"open","ping_status":"closed","template":"","meta":{"rs_blank_template":"","rs_page_bg_color":"","slide_template_v7":""},"product_brand":[],"product_cat":[72],"product_tag":[],"class_list":{"0":"post-6278","1":"product","2":"type-product","3":"status-publish","4":"has-post-thumbnail","6":"product_cat-lyon","8":"first","9":"instock","10":"virtual","11":"purchasable","12":"product-type-appointment"},"exclude_global_add_ons":false,"addons":[{"name":"Language pr\u00e9f\u00e9r\u00e9","type":"custom_text","position":0,"required":false,"title_format":"label","default":"","description_enable":false,"description":"","placeholder_enable":false,"placeholder":"","display":"select","restrictions_type":"any_text","adjust_price":false,"price":"","price_type":"flat_fee","restrictions":false,"min":"0","max":"0","options":[],"id":1712774890},{"name":"Please include your hotel or airbnb for pick up","type":"custom_text","position":1,"required":false,"title_format":"label","default":"","description_enable":false,"description":"","placeholder_enable":false,"placeholder":"","display":"select","restrictions_type":"any_text","adjust_price":false,"price":"","price_type":"flat_fee","restrictions":false,"min":"0","max":"0","options":[],"id":1717685204}],"yoast_head":"<!-- This site is optimized with the Yoast SEO Premium plugin v26.7 (Yoast SEO v27.4) - https:\/\/yoast.com\/product\/yoast-seo-premium-wordpress\/ -->\n<title>Full Day Tour In Lyon - Lyon Private Tours<\/title>\n<meta name=\"description\" content=\"From the majestic Basilica Notre Dame de Fourvi\u00e8re to the charming cobblestone alleyways of Vieux Lyon (Old Town), our itinerary is meticulously crafted...\" \/>\n<meta name=\"robots\" content=\"index, follow, max-snippet:-1, max-image-preview:large, max-video-preview:-1\" \/>\n<link rel=\"canonical\" href=\"https:\/\/lyonprivatetours.com\/fr\/produit\/full-day-tour-in-lyon\/\" \/>\n<meta property=\"og:locale\" content=\"fr_FR\" \/>\n<meta property=\"og:type\" content=\"article\" \/>\n<meta property=\"og:title\" content=\"Full Day Tour In Lyon\" \/>\n<meta property=\"og:description\" content=\"From the majestic Basilica Notre Dame de Fourvi\u00e8re to the charming cobblestone alleyways of Vieux Lyon (Old Town), our itinerary is meticulously crafted...\" \/>\n<meta property=\"og:url\" content=\"https:\/\/lyonprivatetours.com\/fr\/produit\/full-day-tour-in-lyon\/\" \/>\n<meta property=\"og:site_name\" content=\"Lyon Private Tours\" \/>\n<meta property=\"article:modified_time\" content=\"2025-03-17T18:05:00+00:00\" \/>\n<meta property=\"og:image\" content=\"https:\/\/lyonprivatetours.com\/wp-content\/uploads\/2019\/11\/IMG20220925185604-scaled.jpg\" \/>\n\t<meta property=\"og:image:width\" content=\"2560\" \/>\n\t<meta property=\"og:image:height\" content=\"1920\" \/>\n\t<meta property=\"og:image:type\" content=\"image\/jpeg\" \/>\n<meta name=\"twitter:card\" content=\"summary_large_image\" \/>\n<meta name=\"twitter:label1\" content=\"Dur\u00e9e de lecture estim\u00e9e\" \/>\n\t<meta name=\"twitter:data1\" content=\"3 minutes\" \/>\n<script type=\"application\/ld+json\" class=\"yoast-schema-graph\">{\"@context\":\"https:\\\/\\\/schema.org\",\"@graph\":[{\"@type\":\"WebPage\",\"@id\":\"https:\\\/\\\/lyonprivatetours.com\\\/product\\\/full-day-tour-in-lyon\\\/\",\"url\":\"https:\\\/\\\/lyonprivatetours.com\\\/product\\\/full-day-tour-in-lyon\\\/\",\"name\":\"Full Day Tour In Lyon - Lyon Private Tours\",\"isPartOf\":{\"@id\":\"https:\\\/\\\/lyonprivatetours.com\\\/fr\\\/#website\"},\"primaryImageOfPage\":{\"@id\":\"https:\\\/\\\/lyonprivatetours.com\\\/product\\\/full-day-tour-in-lyon\\\/#primaryimage\"},\"image\":{\"@id\":\"https:\\\/\\\/lyonprivatetours.com\\\/product\\\/full-day-tour-in-lyon\\\/#primaryimage\"},\"thumbnailUrl\":\"https:\\\/\\\/lyonprivatetours.com\\\/wp-content\\\/uploads\\\/2019\\\/11\\\/IMG20220925185604-scaled.jpg\",\"datePublished\":\"2024-03-12T09:39:00+00:00\",\"dateModified\":\"2025-03-17T18:05:00+00:00\",\"description\":\"From the majestic Basilica Notre Dame de Fourvi\u00e8re to the charming cobblestone alleyways of Vieux Lyon (Old Town), our itinerary is meticulously crafted...\",\"breadcrumb\":{\"@id\":\"https:\\\/\\\/lyonprivatetours.com\\\/product\\\/full-day-tour-in-lyon\\\/#breadcrumb\"},\"inLanguage\":\"fr-FR\",\"potentialAction\":[{\"@type\":\"ReadAction\",\"target\":[\"https:\\\/\\\/lyonprivatetours.com\\\/product\\\/full-day-tour-in-lyon\\\/\"]}]},{\"@type\":\"ImageObject\",\"inLanguage\":\"fr-FR\",\"@id\":\"https:\\\/\\\/lyonprivatetours.com\\\/product\\\/full-day-tour-in-lyon\\\/#primaryimage\",\"url\":\"https:\\\/\\\/lyonprivatetours.com\\\/wp-content\\\/uploads\\\/2019\\\/11\\\/IMG20220925185604-scaled.jpg\",\"contentUrl\":\"https:\\\/\\\/lyonprivatetours.com\\\/wp-content\\\/uploads\\\/2019\\\/11\\\/IMG20220925185604-scaled.jpg\",\"width\":2560,\"height\":1920,\"caption\":\"lyon tour\"},{\"@type\":\"BreadcrumbList\",\"@id\":\"https:\\\/\\\/lyonprivatetours.com\\\/product\\\/full-day-tour-in-lyon\\\/#breadcrumb\",\"itemListElement\":[{\"@type\":\"ListItem\",\"position\":1,\"name\":\"Accueil\",\"item\":\"https:\\\/\\\/lyonprivatetours.com\\\/fr\\\/\"},{\"@type\":\"ListItem\",\"position\":2,\"name\":\"Book A Tour From Lyon\",\"item\":\"https:\\\/\\\/lyonprivatetours.com\\\/shop\\\/\"},{\"@type\":\"ListItem\",\"position\":3,\"name\":\"Full Day Tour In Lyon\"}]},{\"@type\":\"WebSite\",\"@id\":\"https:\\\/\\\/lyonprivatetours.com\\\/fr\\\/#website\",\"url\":\"https:\\\/\\\/lyonprivatetours.com\\\/fr\\\/\",\"name\":\"Lyon Private Tours\",\"description\":\"Tours From Lyon\",\"publisher\":{\"@id\":\"https:\\\/\\\/lyonprivatetours.com\\\/fr\\\/#organization\"},\"potentialAction\":[{\"@type\":\"SearchAction\",\"target\":{\"@type\":\"EntryPoint\",\"urlTemplate\":\"https:\\\/\\\/lyonprivatetours.com\\\/fr\\\/?s={search_term_string}\"},\"query-input\":{\"@type\":\"PropertyValueSpecification\",\"valueRequired\":true,\"valueName\":\"search_term_string\"}}],\"inLanguage\":\"fr-FR\"},{\"@type\":\"Organization\",\"@id\":\"https:\\\/\\\/lyonprivatetours.com\\\/fr\\\/#organization\",\"name\":\"Lyon Private Tours\",\"url\":\"https:\\\/\\\/lyonprivatetours.com\\\/fr\\\/\",\"logo\":{\"@type\":\"ImageObject\",\"inLanguage\":\"fr-FR\",\"@id\":\"https:\\\/\\\/lyonprivatetours.com\\\/fr\\\/#\\\/schema\\\/logo\\\/image\\\/\",\"url\":\"https:\\\/\\\/lyonprivatetours.com\\\/wp-content\\\/uploads\\\/2024\\\/02\\\/Lyon-Private-Tours-logo.jpg\",\"contentUrl\":\"https:\\\/\\\/lyonprivatetours.com\\\/wp-content\\\/uploads\\\/2024\\\/02\\\/Lyon-Private-Tours-logo.jpg\",\"width\":1080,\"height\":1080,\"caption\":\"Lyon Private Tours\"},\"image\":{\"@id\":\"https:\\\/\\\/lyonprivatetours.com\\\/fr\\\/#\\\/schema\\\/logo\\\/image\\\/\"}}]}<\/script>\n<!-- \/ Yoast SEO Premium plugin. -->","yoast_head_json":{"title":"Full Day Tour In Lyon - Lyon Private Tours","description":"From the majestic Basilica Notre Dame de Fourvi\u00e8re to the charming cobblestone alleyways of Vieux Lyon (Old Town), our itinerary is meticulously crafted...","robots":{"index":"index","follow":"follow","max-snippet":"max-snippet:-1","max-image-preview":"max-image-preview:large","max-video-preview":"max-video-preview:-1"},"canonical":"https:\/\/lyonprivatetours.com\/fr\/produit\/full-day-tour-in-lyon\/","og_locale":"fr_FR","og_type":"article","og_title":"Full Day Tour In Lyon","og_description":"From the majestic Basilica Notre Dame de Fourvi\u00e8re to the charming cobblestone alleyways of Vieux Lyon (Old Town), our itinerary is meticulously crafted...","og_url":"https:\/\/lyonprivatetours.com\/fr\/produit\/full-day-tour-in-lyon\/","og_site_name":"Lyon Private Tours","article_modified_time":"2025-03-17T18:05:00+00:00","og_image":[{"width":2560,"height":1920,"url":"https:\/\/lyonprivatetours.com\/wp-content\/uploads\/2019\/11\/IMG20220925185604-scaled.jpg","type":"image\/jpeg"}],"twitter_card":"summary_large_image","twitter_misc":{"Dur\u00e9e de lecture estim\u00e9e":"3 minutes"},"schema":{"@context":"https:\/\/schema.org","@graph":[{"@type":"WebPage","@id":"https:\/\/lyonprivatetours.com\/product\/full-day-tour-in-lyon\/","url":"https:\/\/lyonprivatetours.com\/product\/full-day-tour-in-lyon\/","name":"Full Day Tour In Lyon - Lyon Private Tours","isPartOf":{"@id":"https:\/\/lyonprivatetours.com\/fr\/#website"},"primaryImageOfPage":{"@id":"https:\/\/lyonprivatetours.com\/product\/full-day-tour-in-lyon\/#primaryimage"},"image":{"@id":"https:\/\/lyonprivatetours.com\/product\/full-day-tour-in-lyon\/#primaryimage"},"thumbnailUrl":"https:\/\/lyonprivatetours.com\/wp-content\/uploads\/2019\/11\/IMG20220925185604-scaled.jpg","datePublished":"2024-03-12T09:39:00+00:00","dateModified":"2025-03-17T18:05:00+00:00","description":"From the majestic Basilica Notre Dame de Fourvi\u00e8re to the charming cobblestone alleyways of Vieux Lyon (Old Town), our itinerary is meticulously crafted...","breadcrumb":{"@id":"https:\/\/lyonprivatetours.com\/product\/full-day-tour-in-lyon\/#breadcrumb"},"inLanguage":"fr-FR","potentialAction":[{"@type":"ReadAction","target":["https:\/\/lyonprivatetours.com\/product\/full-day-tour-in-lyon\/"]}]},{"@type":"ImageObject","inLanguage":"fr-FR","@id":"https:\/\/lyonprivatetours.com\/product\/full-day-tour-in-lyon\/#primaryimage","url":"https:\/\/lyonprivatetours.com\/wp-content\/uploads\/2019\/11\/IMG20220925185604-scaled.jpg","contentUrl":"https:\/\/lyonprivatetours.com\/wp-content\/uploads\/2019\/11\/IMG20220925185604-scaled.jpg","width":2560,"height":1920,"caption":"lyon tour"},{"@type":"BreadcrumbList","@id":"https:\/\/lyonprivatetours.com\/product\/full-day-tour-in-lyon\/#breadcrumb","itemListElement":[{"@type":"ListItem","position":1,"name":"Accueil","item":"https:\/\/lyonprivatetours.com\/fr\/"},{"@type":"ListItem","position":2,"name":"Book A Tour From Lyon","item":"https:\/\/lyonprivatetours.com\/shop\/"},{"@type":"ListItem","position":3,"name":"Full Day Tour In Lyon"}]},{"@type":"WebSite","@id":"https:\/\/lyonprivatetours.com\/fr\/#website","url":"https:\/\/lyonprivatetours.com\/fr\/","name":"Lyon Private Tours","description":"Tours From Lyon","publisher":{"@id":"https:\/\/lyonprivatetours.com\/fr\/#organization"},"potentialAction":[{"@type":"SearchAction","target":{"@type":"EntryPoint","urlTemplate":"https:\/\/lyonprivatetours.com\/fr\/?s={search_term_string}"},"query-input":{"@type":"PropertyValueSpecification","valueRequired":true,"valueName":"search_term_string"}}],"inLanguage":"fr-FR"},{"@type":"Organization","@id":"https:\/\/lyonprivatetours.com\/fr\/#organization","name":"Lyon Private Tours","url":"https:\/\/lyonprivatetours.com\/fr\/","logo":{"@type":"ImageObject","inLanguage":"fr-FR","@id":"https:\/\/lyonprivatetours.com\/fr\/#\/schema\/logo\/image\/","url":"https:\/\/lyonprivatetours.com\/wp-content\/uploads\/2024\/02\/Lyon-Private-Tours-logo.jpg","contentUrl":"https:\/\/lyonprivatetours.com\/wp-content\/uploads\/2024\/02\/Lyon-Private-Tours-logo.jpg","width":1080,"height":1080,"caption":"Lyon Private Tours"},"image":{"@id":"https:\/\/lyonprivatetours.com\/fr\/#\/schema\/logo\/image\/"}}]}},"_links":{"self":[{"href":"https:\/\/lyonprivatetours.com\/fr\/wp-json\/wp\/v2\/product\/6278","targetHints":{"allow":["GET"]}}],"collection":[{"href":"https:\/\/lyonprivatetours.com\/fr\/wp-json\/wp\/v2\/product"}],"about":[{"href":"https:\/\/lyonprivatetours.com\/fr\/wp-json\/wp\/v2\/types\/product"}],"replies":[{"embeddable":true,"href":"https:\/\/lyonprivatetours.com\/fr\/wp-json\/wp\/v2\/comments?post=6278"}],"wp:featuredmedia":[{"embeddable":true,"href":"https:\/\/lyonprivatetours.com\/fr\/wp-json\/wp\/v2\/media\/5682"}],"wp:attachment":[{"href":"https:\/\/lyonprivatetours.com\/fr\/wp-json\/wp\/v2\/media?parent=6278"}],"wp:term":[{"taxonomy":"product_brand","embeddable":true,"href":"https:\/\/lyonprivatetours.com\/fr\/wp-json\/wp\/v2\/product_brand?post=6278"},{"taxonomy":"product_cat","embeddable":true,"href":"https:\/\/lyonprivatetours.com\/fr\/wp-json\/wp\/v2\/product_cat?post=6278"},{"taxonomy":"product_tag","embeddable":true,"href":"https:\/\/lyonprivatetours.com\/fr\/wp-json\/wp\/v2\/product_tag?post=6278"}],"curies":[{"name":"wp","href":"https:\/\/api.w.org\/{rel}","templated":true}]}}