{"id":6293,"date":"2024-03-12T11:39:33","date_gmt":"2024-03-12T10:39:33","guid":{"rendered":"https:\/\/lyonprivatetours.com\/?post_type=product&#038;p=6293"},"modified":"2025-02-21T11:15:47","modified_gmt":"2025-02-21T10:15:47","slug":"vieux-lyon-food-tour","status":"publish","type":"product","link":"https:\/\/lyonprivatetours.com\/fr\/product\/vieux-lyon-food-tour\/","title":{"rendered":"Vieux Lyon Food Tour"},"content":{"rendered":"<p>Embarquez pour une aventure culinaire \u00e0 travers l&#039;enchanteur rues du Vieux-Lyon avec notre Vieux-Lyon, de la Nourriture Tour. R\u00e9put\u00e9e comme la capitale gastronomique de la France, Lyon b\u00e9n\u00e9ficie d&#039;un riche patrimoine culinaire qui est le mieux explor\u00e9 par le biais de ses traditionnels bouchons et de l&#039;effervescence des march\u00e9s alimentaires.<\/p>\n<p><strong>Les points forts de la visite :<\/strong><\/p>\n<ol>\n<li>Exp\u00e9rience dans un bouchon lyonnais<\/li>\n<li>D\u00e9gustation De Sp\u00e9cialit\u00e9s<\/li>\n<li>Visite Totalement Guid\u00e9e<\/li>\n<li>Plaisirs Gourmands<\/li>\n<li>Conseils culinaires<\/li>\n<\/ol>","protected":false},"excerpt":{"rendered":"<p><strong>+50\u20ac\/personne<\/strong><\/p>\n<p>Visite et d\u00e9gustation dans la Vieille Ville de Lyon<\/p>","protected":false},"featured_media":6394,"comment_status":"open","ping_status":"closed","template":"","meta":{"rs_blank_template":"","rs_page_bg_color":"","slide_template_v7":""},"product_brand":[],"product_cat":[81,72],"product_tag":[],"class_list":{"0":"post-6293","1":"product","2":"type-product","3":"status-publish","4":"has-post-thumbnail","6":"product_cat-food-tour","7":"product_cat-lyon","9":"first","10":"instock","11":"shipping-taxable","12":"purchasable","13":"product-type-appointment"},"exclude_global_add_ons":false,"addons":[{"name":"Pr\u00e9f\u00e9r\u00e9 tourn\u00e9e langue","type":"custom_text","position":0,"required":false,"title_format":"label","default":"","description_enable":false,"description":"","placeholder_enable":false,"placeholder":"","display":"select","restrictions_type":"any_text","adjust_price":false,"price":"","price_type":"flat_fee","restrictions":false,"min":"0","max":"0","options":[],"id":1712774611},{"name":"Nombre de personnes","type":"multiple_choice","position":1,"required":true,"title_format":"label","default":"","description_enable":false,"description":"","placeholder_enable":false,"placeholder":"","display":"select","restrictions_type":"any_text","adjust_price":false,"price":"","price_type":"flat_fee","restrictions":false,"min":"0","max":"0","options":[{"label":"1","price":"50","price_type":"flat_fee","image":0,"visibility":true},{"label":"2","price":"100","price_type":"flat_fee","image":0,"visibility":true},{"label":"3","price":"150","price_type":"flat_fee","image":0,"visibility":true},{"label":"4","price":"200","price_type":"flat_fee","image":0,"visibility":true},{"label":"5","price":"250","price_type":"flat_fee","image":0,"visibility":true},{"label":"6","price":"300","price_type":"flat_fee","image":0,"visibility":true},{"label":"7","price":"350","price_type":"flat_fee","image":0,"visibility":true},{"label":"8","price":"400","price_type":"flat_fee","image":0,"visibility":true}],"id":1712774612},{"name":"D\u00e9gustation de fromages, de charcuterie avec un verre de vin","type":"custom_text","position":2,"required":false,"title_format":"label","default":"","description_enable":false,"description":"","placeholder_enable":false,"placeholder":"","display":"select","restrictions_type":"any_text","adjust_price":false,"price":"","price_type":"flat_fee","restrictions":false,"min":"0","max":"0","options":[],"id":1717685180}],"yoast_head":"<!-- This site is optimized with the Yoast SEO Premium plugin v26.7 (Yoast SEO v27.4) - https:\/\/yoast.com\/product\/yoast-seo-premium-wordpress\/ -->\n<title>Vieux Lyon Food Tour - Lyon Private Tours<\/title>\n<meta name=\"description\" content=\"Visit and tastings in the Old Town of Lyon. a personalized gastronomic group tour through Lyon\u2019s historic heart called Vieux Lyon...\" \/>\n<meta name=\"robots\" content=\"index, follow, max-snippet:-1, max-image-preview:large, max-video-preview:-1\" \/>\n<link rel=\"canonical\" href=\"https:\/\/lyonprivatetours.com\/fr\/produit\/vieux-lyon-food-tour\/\" \/>\n<meta property=\"og:locale\" content=\"fr_FR\" \/>\n<meta property=\"og:type\" content=\"article\" \/>\n<meta property=\"og:title\" content=\"Vieux Lyon Food Tour\" \/>\n<meta property=\"og:description\" content=\"Visit and tastings in the Old Town of Lyon. a personalized gastronomic group tour through Lyon\u2019s historic heart called Vieux Lyon...\" \/>\n<meta property=\"og:url\" content=\"https:\/\/lyonprivatetours.com\/fr\/produit\/vieux-lyon-food-tour\/\" \/>\n<meta property=\"og:site_name\" content=\"Lyon Private Tours\" \/>\n<meta property=\"article:modified_time\" content=\"2025-02-21T10:15:47+00:00\" \/>\n<meta property=\"og:image\" content=\"https:\/\/lyonprivatetours.com\/wp-content\/uploads\/2024\/03\/IMG20230610163332-1-scaled.jpg\" \/>\n\t<meta property=\"og:image:width\" content=\"2560\" \/>\n\t<meta property=\"og:image:height\" content=\"1920\" \/>\n\t<meta property=\"og:image:type\" content=\"image\/jpeg\" \/>\n<meta name=\"twitter:card\" content=\"summary_large_image\" \/>\n<meta name=\"twitter:label1\" content=\"Dur\u00e9e de lecture estim\u00e9e\" \/>\n\t<meta name=\"twitter:data1\" content=\"1 minute\" \/>\n<script type=\"application\/ld+json\" class=\"yoast-schema-graph\">{\"@context\":\"https:\\\/\\\/schema.org\",\"@graph\":[{\"@type\":\"WebPage\",\"@id\":\"https:\\\/\\\/lyonprivatetours.com\\\/product\\\/vieux-lyon-food-tour\\\/\",\"url\":\"https:\\\/\\\/lyonprivatetours.com\\\/product\\\/vieux-lyon-food-tour\\\/\",\"name\":\"Vieux Lyon Food Tour - Lyon Private Tours\",\"isPartOf\":{\"@id\":\"https:\\\/\\\/lyonprivatetours.com\\\/fr\\\/#website\"},\"primaryImageOfPage\":{\"@id\":\"https:\\\/\\\/lyonprivatetours.com\\\/product\\\/vieux-lyon-food-tour\\\/#primaryimage\"},\"image\":{\"@id\":\"https:\\\/\\\/lyonprivatetours.com\\\/product\\\/vieux-lyon-food-tour\\\/#primaryimage\"},\"thumbnailUrl\":\"https:\\\/\\\/lyonprivatetours.com\\\/wp-content\\\/uploads\\\/2024\\\/03\\\/IMG20230610163332-1-scaled.jpg\",\"datePublished\":\"2024-03-12T10:39:33+00:00\",\"dateModified\":\"2025-02-21T10:15:47+00:00\",\"description\":\"Visit and tastings in the Old Town of Lyon. a personalized gastronomic group tour through Lyon\u2019s historic heart called Vieux Lyon...\",\"breadcrumb\":{\"@id\":\"https:\\\/\\\/lyonprivatetours.com\\\/product\\\/vieux-lyon-food-tour\\\/#breadcrumb\"},\"inLanguage\":\"fr-FR\",\"potentialAction\":[{\"@type\":\"ReadAction\",\"target\":[\"https:\\\/\\\/lyonprivatetours.com\\\/product\\\/vieux-lyon-food-tour\\\/\"]}]},{\"@type\":\"ImageObject\",\"inLanguage\":\"fr-FR\",\"@id\":\"https:\\\/\\\/lyonprivatetours.com\\\/product\\\/vieux-lyon-food-tour\\\/#primaryimage\",\"url\":\"https:\\\/\\\/lyonprivatetours.com\\\/wp-content\\\/uploads\\\/2024\\\/03\\\/IMG20230610163332-1-scaled.jpg\",\"contentUrl\":\"https:\\\/\\\/lyonprivatetours.com\\\/wp-content\\\/uploads\\\/2024\\\/03\\\/IMG20230610163332-1-scaled.jpg\",\"width\":2560,\"height\":1920,\"caption\":\"Vieux Lyon food tour\"},{\"@type\":\"BreadcrumbList\",\"@id\":\"https:\\\/\\\/lyonprivatetours.com\\\/product\\\/vieux-lyon-food-tour\\\/#breadcrumb\",\"itemListElement\":[{\"@type\":\"ListItem\",\"position\":1,\"name\":\"Accueil\",\"item\":\"https:\\\/\\\/lyonprivatetours.com\\\/fr\\\/\"},{\"@type\":\"ListItem\",\"position\":2,\"name\":\"Book A Tour From Lyon\",\"item\":\"https:\\\/\\\/lyonprivatetours.com\\\/shop\\\/\"},{\"@type\":\"ListItem\",\"position\":3,\"name\":\"Vieux Lyon Food Tour\"}]},{\"@type\":\"WebSite\",\"@id\":\"https:\\\/\\\/lyonprivatetours.com\\\/fr\\\/#website\",\"url\":\"https:\\\/\\\/lyonprivatetours.com\\\/fr\\\/\",\"name\":\"Lyon Private Tours\",\"description\":\"Tours From Lyon\",\"publisher\":{\"@id\":\"https:\\\/\\\/lyonprivatetours.com\\\/fr\\\/#organization\"},\"potentialAction\":[{\"@type\":\"SearchAction\",\"target\":{\"@type\":\"EntryPoint\",\"urlTemplate\":\"https:\\\/\\\/lyonprivatetours.com\\\/fr\\\/?s={search_term_string}\"},\"query-input\":{\"@type\":\"PropertyValueSpecification\",\"valueRequired\":true,\"valueName\":\"search_term_string\"}}],\"inLanguage\":\"fr-FR\"},{\"@type\":\"Organization\",\"@id\":\"https:\\\/\\\/lyonprivatetours.com\\\/fr\\\/#organization\",\"name\":\"Lyon Private Tours\",\"url\":\"https:\\\/\\\/lyonprivatetours.com\\\/fr\\\/\",\"logo\":{\"@type\":\"ImageObject\",\"inLanguage\":\"fr-FR\",\"@id\":\"https:\\\/\\\/lyonprivatetours.com\\\/fr\\\/#\\\/schema\\\/logo\\\/image\\\/\",\"url\":\"https:\\\/\\\/lyonprivatetours.com\\\/wp-content\\\/uploads\\\/2024\\\/02\\\/Lyon-Private-Tours-logo.jpg\",\"contentUrl\":\"https:\\\/\\\/lyonprivatetours.com\\\/wp-content\\\/uploads\\\/2024\\\/02\\\/Lyon-Private-Tours-logo.jpg\",\"width\":1080,\"height\":1080,\"caption\":\"Lyon Private Tours\"},\"image\":{\"@id\":\"https:\\\/\\\/lyonprivatetours.com\\\/fr\\\/#\\\/schema\\\/logo\\\/image\\\/\"}}]}<\/script>\n<!-- \/ Yoast SEO Premium plugin. -->","yoast_head_json":{"title":"Vieux Lyon Food Tour - Lyon Private Tours","description":"Visit and tastings in the Old Town of Lyon. a personalized gastronomic group tour through Lyon\u2019s historic heart called Vieux Lyon...","robots":{"index":"index","follow":"follow","max-snippet":"max-snippet:-1","max-image-preview":"max-image-preview:large","max-video-preview":"max-video-preview:-1"},"canonical":"https:\/\/lyonprivatetours.com\/fr\/produit\/vieux-lyon-food-tour\/","og_locale":"fr_FR","og_type":"article","og_title":"Vieux Lyon Food Tour","og_description":"Visit and tastings in the Old Town of Lyon. a personalized gastronomic group tour through Lyon\u2019s historic heart called Vieux Lyon...","og_url":"https:\/\/lyonprivatetours.com\/fr\/produit\/vieux-lyon-food-tour\/","og_site_name":"Lyon Private Tours","article_modified_time":"2025-02-21T10:15:47+00:00","og_image":[{"width":2560,"height":1920,"url":"https:\/\/lyonprivatetours.com\/wp-content\/uploads\/2024\/03\/IMG20230610163332-1-scaled.jpg","type":"image\/jpeg"}],"twitter_card":"summary_large_image","twitter_misc":{"Dur\u00e9e de lecture estim\u00e9e":"1 minute"},"schema":{"@context":"https:\/\/schema.org","@graph":[{"@type":"WebPage","@id":"https:\/\/lyonprivatetours.com\/product\/vieux-lyon-food-tour\/","url":"https:\/\/lyonprivatetours.com\/product\/vieux-lyon-food-tour\/","name":"Vieux Lyon Food Tour - Lyon Private Tours","isPartOf":{"@id":"https:\/\/lyonprivatetours.com\/fr\/#website"},"primaryImageOfPage":{"@id":"https:\/\/lyonprivatetours.com\/product\/vieux-lyon-food-tour\/#primaryimage"},"image":{"@id":"https:\/\/lyonprivatetours.com\/product\/vieux-lyon-food-tour\/#primaryimage"},"thumbnailUrl":"https:\/\/lyonprivatetours.com\/wp-content\/uploads\/2024\/03\/IMG20230610163332-1-scaled.jpg","datePublished":"2024-03-12T10:39:33+00:00","dateModified":"2025-02-21T10:15:47+00:00","description":"Visit and tastings in the Old Town of Lyon. a personalized gastronomic group tour through Lyon\u2019s historic heart called Vieux Lyon...","breadcrumb":{"@id":"https:\/\/lyonprivatetours.com\/product\/vieux-lyon-food-tour\/#breadcrumb"},"inLanguage":"fr-FR","potentialAction":[{"@type":"ReadAction","target":["https:\/\/lyonprivatetours.com\/product\/vieux-lyon-food-tour\/"]}]},{"@type":"ImageObject","inLanguage":"fr-FR","@id":"https:\/\/lyonprivatetours.com\/product\/vieux-lyon-food-tour\/#primaryimage","url":"https:\/\/lyonprivatetours.com\/wp-content\/uploads\/2024\/03\/IMG20230610163332-1-scaled.jpg","contentUrl":"https:\/\/lyonprivatetours.com\/wp-content\/uploads\/2024\/03\/IMG20230610163332-1-scaled.jpg","width":2560,"height":1920,"caption":"Vieux Lyon food tour"},{"@type":"BreadcrumbList","@id":"https:\/\/lyonprivatetours.com\/product\/vieux-lyon-food-tour\/#breadcrumb","itemListElement":[{"@type":"ListItem","position":1,"name":"Accueil","item":"https:\/\/lyonprivatetours.com\/fr\/"},{"@type":"ListItem","position":2,"name":"Book A Tour From Lyon","item":"https:\/\/lyonprivatetours.com\/shop\/"},{"@type":"ListItem","position":3,"name":"Vieux Lyon Food Tour"}]},{"@type":"WebSite","@id":"https:\/\/lyonprivatetours.com\/fr\/#website","url":"https:\/\/lyonprivatetours.com\/fr\/","name":"Lyon Private Tours","description":"Tours From Lyon","publisher":{"@id":"https:\/\/lyonprivatetours.com\/fr\/#organization"},"potentialAction":[{"@type":"SearchAction","target":{"@type":"EntryPoint","urlTemplate":"https:\/\/lyonprivatetours.com\/fr\/?s={search_term_string}"},"query-input":{"@type":"PropertyValueSpecification","valueRequired":true,"valueName":"search_term_string"}}],"inLanguage":"fr-FR"},{"@type":"Organization","@id":"https:\/\/lyonprivatetours.com\/fr\/#organization","name":"Lyon Private Tours","url":"https:\/\/lyonprivatetours.com\/fr\/","logo":{"@type":"ImageObject","inLanguage":"fr-FR","@id":"https:\/\/lyonprivatetours.com\/fr\/#\/schema\/logo\/image\/","url":"https:\/\/lyonprivatetours.com\/wp-content\/uploads\/2024\/02\/Lyon-Private-Tours-logo.jpg","contentUrl":"https:\/\/lyonprivatetours.com\/wp-content\/uploads\/2024\/02\/Lyon-Private-Tours-logo.jpg","width":1080,"height":1080,"caption":"Lyon Private Tours"},"image":{"@id":"https:\/\/lyonprivatetours.com\/fr\/#\/schema\/logo\/image\/"}}]}},"_links":{"self":[{"href":"https:\/\/lyonprivatetours.com\/fr\/wp-json\/wp\/v2\/product\/6293","targetHints":{"allow":["GET"]}}],"collection":[{"href":"https:\/\/lyonprivatetours.com\/fr\/wp-json\/wp\/v2\/product"}],"about":[{"href":"https:\/\/lyonprivatetours.com\/fr\/wp-json\/wp\/v2\/types\/product"}],"replies":[{"embeddable":true,"href":"https:\/\/lyonprivatetours.com\/fr\/wp-json\/wp\/v2\/comments?post=6293"}],"wp:featuredmedia":[{"embeddable":true,"href":"https:\/\/lyonprivatetours.com\/fr\/wp-json\/wp\/v2\/media\/6394"}],"wp:attachment":[{"href":"https:\/\/lyonprivatetours.com\/fr\/wp-json\/wp\/v2\/media?parent=6293"}],"wp:term":[{"taxonomy":"product_brand","embeddable":true,"href":"https:\/\/lyonprivatetours.com\/fr\/wp-json\/wp\/v2\/product_brand?post=6293"},{"taxonomy":"product_cat","embeddable":true,"href":"https:\/\/lyonprivatetours.com\/fr\/wp-json\/wp\/v2\/product_cat?post=6293"},{"taxonomy":"product_tag","embeddable":true,"href":"https:\/\/lyonprivatetours.com\/fr\/wp-json\/wp\/v2\/product_tag?post=6293"}],"curies":[{"name":"wp","href":"https:\/\/api.w.org\/{rel}","templated":true}]}}