{"id":6294,"date":"2024-03-12T20:25:53","date_gmt":"2024-03-12T19:25:53","guid":{"rendered":"https:\/\/lyonprivatetours.com\/?post_type=product&#038;p=6294"},"modified":"2025-03-17T18:32:42","modified_gmt":"2025-03-17T17:32:42","slug":"night-tour-in-lyon","status":"publish","type":"product","link":"https:\/\/lyonprivatetours.com\/fr\/product\/night-tour-in-lyon\/","title":{"rendered":"Tour Lights Of Lyon"},"content":{"rendered":"<p>Lyon, connu comme la \u201cCapitale des Lumi\u00e8res\u201d, pr\u00e9sente un spectacle \u00e0 couper le souffle comme le soleil se couche sur l&#039;animation de ses rues. Depuis le sommet de la Colline de Fourvi\u00e8re, voici le coucher de soleil magnifique casting des teintes vibrantes d&#039;orange et de rouge sur la P\u00e9ninsule de fa\u00e7ades.<\/p>\n<p>Notre voyage commence par une visite de l&#039;embl\u00e9matique Basilique Notre Dame de Fourvi\u00e8re, suivie d&#039;une exploration de l&#039;prot\u00e9g\u00e9 par l&#039;UNESCO, la Vieille Ville, o\u00f9 l&#039;architecture de la Renaissance gracieusement vient \u00e0 la vie dans la lueur du soir.<\/p>\n<p>Comme nous l&#039;avons travers\u00e9e de la Sa\u00f4ne, vue panoramique d\u00e9voiler Lyon \u00e9clectique les quartiers, englobant la Vieille Ville historique et pittoresque de Fourvi\u00e8re et de la Croix Rousse, Collines.<\/p>\n<p>L&#039;adaptation de notre itin\u00e9raire en fonction de vos pr\u00e9f\u00e9rences, nous promener dans la ville du rythme, culminant dans un ravissant arr\u00eater dans un bar confortable, o\u00f9 une d\u00e9licieuse d\u00e9gustation conseil du fromage, de la charcuterie et un verre de vin vous attend.<\/p>\n<table summary=\"Info\" cellspacing=\"0\">\n<tbody>\n<tr>\n<td>Inclus<\/td>\n<td>Private guide<\/td>\n<\/tr>\n<tr>\n<td>Dur\u00e9e<\/td>\n<td>2:30<\/td>\n<\/tr>\n<tr>\n<td>Les Participants<\/td>\n<td>Jusqu&#039;\u00e0 10 personnes<\/td>\n<\/tr>\n<tr>\n<td>Langue<\/td>\n<td>Anglais \/ Fran\u00e7ais<br \/>\n<a href=\"https:\/\/lyonprivatetours.com\/fr\/contacts\/\">Contactez-nous pour d&#039;autres langues<\/a><\/td>\n<\/tr>\n<\/tbody>\n<\/table>","protected":false},"excerpt":{"rendered":"<p><strong>10 PERSONNES MAXIMUM<\/strong><\/p>\n<p>Embarquez pour un magnifique voyage \u00e0 travers de Lyon, paysage enchanteur, assiste \u00e0 couper le souffle, la transformation du jour \u00e0 la nuit, que notre Coucher de soleil et les Lumi\u00e8res de la Ville Visite nous d\u00e9voile la cit\u00e9 radieuse de charme sous le soleil couchant et le scintillement des lumi\u00e8res de soir\u00e9e.<\/p>\n<p><b>Options de point de rencontre :<\/b> Gare ferroviaire ou routi\u00e8re, port de croisi\u00e8re, h\u00f4tel, adresse ou intersection, monument\/b\u00e2timent, sugg\u00e9r\u00e9 par le guide : Nous pouvons nous retrouver devant la basilique Notre Dame de Fourvi\u00e8re<\/p>\n<p><b>Dur\u00e9e:<\/b> 2 heures 30 min.<\/p>","protected":false},"featured_media":6342,"comment_status":"open","ping_status":"closed","template":"","meta":{"rs_blank_template":"","rs_page_bg_color":"","slide_template_v7":""},"product_brand":[],"product_cat":[72],"product_tag":[],"class_list":{"0":"post-6294","1":"product","2":"type-product","3":"status-publish","4":"has-post-thumbnail","6":"product_cat-lyon","8":"first","9":"instock","10":"shipping-taxable","11":"purchasable","12":"product-type-appointment"},"exclude_global_add_ons":false,"addons":[{"name":"Langue Pr\u00e9f\u00e9r\u00e9e","type":"custom_text","position":0,"required":false,"title_format":"label","default":"","description_enable":false,"description":"","placeholder_enable":false,"placeholder":"","display":"select","restrictions_type":"any_text","adjust_price":false,"price":"","price_type":"flat_fee","restrictions":false,"min":"0","max":"0","options":[],"id":1711125068},{"name":"Nombre de personnes","type":"multiple_choice","position":1,"required":false,"title_format":"label","default":"","description_enable":false,"description":"","placeholder_enable":false,"placeholder":"","display":"select","restrictions_type":"any_text","adjust_price":false,"price":"","price_type":"flat_fee","restrictions":false,"min":"0","max":"0","options":[{"label":"1","price":"25","price_type":"flat_fee","image":0,"visibility":true},{"label":"2","price":"50","price_type":"flat_fee","image":0,"visibility":true},{"label":"3","price":"75","price_type":"flat_fee","image":0,"visibility":true},{"label":"4","price":"100","price_type":"flat_fee","image":0,"visibility":true},{"label":"5","price":"125","price_type":"flat_fee","image":0,"visibility":true},{"label":"6","price":"150","price_type":"flat_fee","image":0,"visibility":true},{"label":"7","price":"175","price_type":"flat_fee","image":0,"visibility":true},{"label":"8","price":"200","price_type":"flat_fee","image":0,"visibility":true},{"label":"9","price":"225","price_type":"flat_fee","image":0,"visibility":true},{"label":"10","price":"250","price_type":"flat_fee","image":0,"visibility":true}],"id":1711125069},{"name":"Please include your hotel or airbnb for pick up","type":"custom_text","position":2,"required":false,"title_format":"label","default":"","description_enable":false,"description":"","placeholder_enable":false,"placeholder":"","display":"select","restrictions_type":"any_text","adjust_price":false,"price":"","price_type":"flat_fee","restrictions":false,"min":"0","max":"0","options":[],"id":1717685158}],"yoast_head":"<!-- This site is optimized with the Yoast SEO Premium plugin v26.7 (Yoast SEO v27.4) - https:\/\/yoast.com\/product\/yoast-seo-premium-wordpress\/ -->\n<title>Night Tour In Lyon - Lyon Private Tours<\/title>\n<meta name=\"description\" content=\"Dive into Lyon&#039;s mesmerizing ambiance as it transitions gracefully from the vibrance of daylight to the enchanting glow of evening lights on our night tour\" \/>\n<meta name=\"robots\" content=\"index, follow, max-snippet:-1, max-image-preview:large, max-video-preview:-1\" \/>\n<link rel=\"canonical\" href=\"https:\/\/lyonprivatetours.com\/fr\/produit\/night-tour-in-lyon\/\" \/>\n<meta property=\"og:locale\" content=\"fr_FR\" \/>\n<meta property=\"og:type\" content=\"article\" \/>\n<meta property=\"og:title\" content=\"Night Tour In Lyon\" \/>\n<meta property=\"og:description\" content=\"Dive into Lyon&#039;s mesmerizing ambiance as it transitions gracefully from the vibrance of daylight to the enchanting glow of evening lights on our night tour\" \/>\n<meta property=\"og:url\" content=\"https:\/\/lyonprivatetours.com\/fr\/produit\/night-tour-in-lyon\/\" \/>\n<meta property=\"og:site_name\" content=\"Lyon Private Tours\" \/>\n<meta property=\"article:modified_time\" content=\"2025-03-17T17:32:42+00:00\" \/>\n<meta property=\"og:image\" content=\"https:\/\/lyonprivatetours.com\/wp-content\/uploads\/2024\/03\/WhatsApp-Image-2024-03-12-at-17.24.42.jpeg\" \/>\n\t<meta property=\"og:image:width\" content=\"2000\" \/>\n\t<meta property=\"og:image:height\" content=\"1500\" \/>\n\t<meta property=\"og:image:type\" content=\"image\/jpeg\" \/>\n<meta name=\"twitter:card\" content=\"summary_large_image\" \/>\n<meta name=\"twitter:label1\" content=\"Dur\u00e9e de lecture estim\u00e9e\" \/>\n\t<meta name=\"twitter:data1\" content=\"1 minute\" \/>\n<script type=\"application\/ld+json\" class=\"yoast-schema-graph\">{\"@context\":\"https:\\\/\\\/schema.org\",\"@graph\":[{\"@type\":\"WebPage\",\"@id\":\"https:\\\/\\\/lyonprivatetours.com\\\/product\\\/night-tour-in-lyon\\\/\",\"url\":\"https:\\\/\\\/lyonprivatetours.com\\\/product\\\/night-tour-in-lyon\\\/\",\"name\":\"Night Tour In Lyon - Lyon Private Tours\",\"isPartOf\":{\"@id\":\"https:\\\/\\\/lyonprivatetours.com\\\/fr\\\/#website\"},\"primaryImageOfPage\":{\"@id\":\"https:\\\/\\\/lyonprivatetours.com\\\/product\\\/night-tour-in-lyon\\\/#primaryimage\"},\"image\":{\"@id\":\"https:\\\/\\\/lyonprivatetours.com\\\/product\\\/night-tour-in-lyon\\\/#primaryimage\"},\"thumbnailUrl\":\"https:\\\/\\\/lyonprivatetours.com\\\/wp-content\\\/uploads\\\/2024\\\/03\\\/WhatsApp-Image-2024-03-12-at-17.24.42.jpeg\",\"datePublished\":\"2024-03-12T19:25:53+00:00\",\"dateModified\":\"2025-03-17T17:32:42+00:00\",\"description\":\"Dive into Lyon's mesmerizing ambiance as it transitions gracefully from the vibrance of daylight to the enchanting glow of evening lights on our night tour\",\"breadcrumb\":{\"@id\":\"https:\\\/\\\/lyonprivatetours.com\\\/product\\\/night-tour-in-lyon\\\/#breadcrumb\"},\"inLanguage\":\"fr-FR\",\"potentialAction\":[{\"@type\":\"ReadAction\",\"target\":[\"https:\\\/\\\/lyonprivatetours.com\\\/product\\\/night-tour-in-lyon\\\/\"]}]},{\"@type\":\"ImageObject\",\"inLanguage\":\"fr-FR\",\"@id\":\"https:\\\/\\\/lyonprivatetours.com\\\/product\\\/night-tour-in-lyon\\\/#primaryimage\",\"url\":\"https:\\\/\\\/lyonprivatetours.com\\\/wp-content\\\/uploads\\\/2024\\\/03\\\/WhatsApp-Image-2024-03-12-at-17.24.42.jpeg\",\"contentUrl\":\"https:\\\/\\\/lyonprivatetours.com\\\/wp-content\\\/uploads\\\/2024\\\/03\\\/WhatsApp-Image-2024-03-12-at-17.24.42.jpeg\",\"width\":2000,\"height\":1500,\"caption\":\"Fourviere night tour\"},{\"@type\":\"BreadcrumbList\",\"@id\":\"https:\\\/\\\/lyonprivatetours.com\\\/product\\\/night-tour-in-lyon\\\/#breadcrumb\",\"itemListElement\":[{\"@type\":\"ListItem\",\"position\":1,\"name\":\"Accueil\",\"item\":\"https:\\\/\\\/lyonprivatetours.com\\\/fr\\\/\"},{\"@type\":\"ListItem\",\"position\":2,\"name\":\"Book A Tour From Lyon\",\"item\":\"https:\\\/\\\/lyonprivatetours.com\\\/shop\\\/\"},{\"@type\":\"ListItem\",\"position\":3,\"name\":\"Night Tour In Lyon\"}]},{\"@type\":\"WebSite\",\"@id\":\"https:\\\/\\\/lyonprivatetours.com\\\/fr\\\/#website\",\"url\":\"https:\\\/\\\/lyonprivatetours.com\\\/fr\\\/\",\"name\":\"Lyon Private Tours\",\"description\":\"Tours From Lyon\",\"publisher\":{\"@id\":\"https:\\\/\\\/lyonprivatetours.com\\\/fr\\\/#organization\"},\"potentialAction\":[{\"@type\":\"SearchAction\",\"target\":{\"@type\":\"EntryPoint\",\"urlTemplate\":\"https:\\\/\\\/lyonprivatetours.com\\\/fr\\\/?s={search_term_string}\"},\"query-input\":{\"@type\":\"PropertyValueSpecification\",\"valueRequired\":true,\"valueName\":\"search_term_string\"}}],\"inLanguage\":\"fr-FR\"},{\"@type\":\"Organization\",\"@id\":\"https:\\\/\\\/lyonprivatetours.com\\\/fr\\\/#organization\",\"name\":\"Lyon Private Tours\",\"url\":\"https:\\\/\\\/lyonprivatetours.com\\\/fr\\\/\",\"logo\":{\"@type\":\"ImageObject\",\"inLanguage\":\"fr-FR\",\"@id\":\"https:\\\/\\\/lyonprivatetours.com\\\/fr\\\/#\\\/schema\\\/logo\\\/image\\\/\",\"url\":\"https:\\\/\\\/lyonprivatetours.com\\\/wp-content\\\/uploads\\\/2024\\\/02\\\/Lyon-Private-Tours-logo.jpg\",\"contentUrl\":\"https:\\\/\\\/lyonprivatetours.com\\\/wp-content\\\/uploads\\\/2024\\\/02\\\/Lyon-Private-Tours-logo.jpg\",\"width\":1080,\"height\":1080,\"caption\":\"Lyon Private Tours\"},\"image\":{\"@id\":\"https:\\\/\\\/lyonprivatetours.com\\\/fr\\\/#\\\/schema\\\/logo\\\/image\\\/\"}}]}<\/script>\n<!-- \/ Yoast SEO Premium plugin. -->","yoast_head_json":{"title":"Night Tour In Lyon - Lyon Private Tours","description":"Dive into Lyon's mesmerizing ambiance as it transitions gracefully from the vibrance of daylight to the enchanting glow of evening lights on our night tour","robots":{"index":"index","follow":"follow","max-snippet":"max-snippet:-1","max-image-preview":"max-image-preview:large","max-video-preview":"max-video-preview:-1"},"canonical":"https:\/\/lyonprivatetours.com\/fr\/produit\/night-tour-in-lyon\/","og_locale":"fr_FR","og_type":"article","og_title":"Night Tour In Lyon","og_description":"Dive into Lyon's mesmerizing ambiance as it transitions gracefully from the vibrance of daylight to the enchanting glow of evening lights on our night tour","og_url":"https:\/\/lyonprivatetours.com\/fr\/produit\/night-tour-in-lyon\/","og_site_name":"Lyon Private Tours","article_modified_time":"2025-03-17T17:32:42+00:00","og_image":[{"width":2000,"height":1500,"url":"https:\/\/lyonprivatetours.com\/wp-content\/uploads\/2024\/03\/WhatsApp-Image-2024-03-12-at-17.24.42.jpeg","type":"image\/jpeg"}],"twitter_card":"summary_large_image","twitter_misc":{"Dur\u00e9e de lecture estim\u00e9e":"1 minute"},"schema":{"@context":"https:\/\/schema.org","@graph":[{"@type":"WebPage","@id":"https:\/\/lyonprivatetours.com\/product\/night-tour-in-lyon\/","url":"https:\/\/lyonprivatetours.com\/product\/night-tour-in-lyon\/","name":"Night Tour In Lyon - Lyon Private Tours","isPartOf":{"@id":"https:\/\/lyonprivatetours.com\/fr\/#website"},"primaryImageOfPage":{"@id":"https:\/\/lyonprivatetours.com\/product\/night-tour-in-lyon\/#primaryimage"},"image":{"@id":"https:\/\/lyonprivatetours.com\/product\/night-tour-in-lyon\/#primaryimage"},"thumbnailUrl":"https:\/\/lyonprivatetours.com\/wp-content\/uploads\/2024\/03\/WhatsApp-Image-2024-03-12-at-17.24.42.jpeg","datePublished":"2024-03-12T19:25:53+00:00","dateModified":"2025-03-17T17:32:42+00:00","description":"Dive into Lyon's mesmerizing ambiance as it transitions gracefully from the vibrance of daylight to the enchanting glow of evening lights on our night tour","breadcrumb":{"@id":"https:\/\/lyonprivatetours.com\/product\/night-tour-in-lyon\/#breadcrumb"},"inLanguage":"fr-FR","potentialAction":[{"@type":"ReadAction","target":["https:\/\/lyonprivatetours.com\/product\/night-tour-in-lyon\/"]}]},{"@type":"ImageObject","inLanguage":"fr-FR","@id":"https:\/\/lyonprivatetours.com\/product\/night-tour-in-lyon\/#primaryimage","url":"https:\/\/lyonprivatetours.com\/wp-content\/uploads\/2024\/03\/WhatsApp-Image-2024-03-12-at-17.24.42.jpeg","contentUrl":"https:\/\/lyonprivatetours.com\/wp-content\/uploads\/2024\/03\/WhatsApp-Image-2024-03-12-at-17.24.42.jpeg","width":2000,"height":1500,"caption":"Fourviere night tour"},{"@type":"BreadcrumbList","@id":"https:\/\/lyonprivatetours.com\/product\/night-tour-in-lyon\/#breadcrumb","itemListElement":[{"@type":"ListItem","position":1,"name":"Accueil","item":"https:\/\/lyonprivatetours.com\/fr\/"},{"@type":"ListItem","position":2,"name":"Book A Tour From Lyon","item":"https:\/\/lyonprivatetours.com\/shop\/"},{"@type":"ListItem","position":3,"name":"Night Tour In Lyon"}]},{"@type":"WebSite","@id":"https:\/\/lyonprivatetours.com\/fr\/#website","url":"https:\/\/lyonprivatetours.com\/fr\/","name":"Lyon Private Tours","description":"Tours From Lyon","publisher":{"@id":"https:\/\/lyonprivatetours.com\/fr\/#organization"},"potentialAction":[{"@type":"SearchAction","target":{"@type":"EntryPoint","urlTemplate":"https:\/\/lyonprivatetours.com\/fr\/?s={search_term_string}"},"query-input":{"@type":"PropertyValueSpecification","valueRequired":true,"valueName":"search_term_string"}}],"inLanguage":"fr-FR"},{"@type":"Organization","@id":"https:\/\/lyonprivatetours.com\/fr\/#organization","name":"Lyon Private Tours","url":"https:\/\/lyonprivatetours.com\/fr\/","logo":{"@type":"ImageObject","inLanguage":"fr-FR","@id":"https:\/\/lyonprivatetours.com\/fr\/#\/schema\/logo\/image\/","url":"https:\/\/lyonprivatetours.com\/wp-content\/uploads\/2024\/02\/Lyon-Private-Tours-logo.jpg","contentUrl":"https:\/\/lyonprivatetours.com\/wp-content\/uploads\/2024\/02\/Lyon-Private-Tours-logo.jpg","width":1080,"height":1080,"caption":"Lyon Private Tours"},"image":{"@id":"https:\/\/lyonprivatetours.com\/fr\/#\/schema\/logo\/image\/"}}]}},"_links":{"self":[{"href":"https:\/\/lyonprivatetours.com\/fr\/wp-json\/wp\/v2\/product\/6294","targetHints":{"allow":["GET"]}}],"collection":[{"href":"https:\/\/lyonprivatetours.com\/fr\/wp-json\/wp\/v2\/product"}],"about":[{"href":"https:\/\/lyonprivatetours.com\/fr\/wp-json\/wp\/v2\/types\/product"}],"replies":[{"embeddable":true,"href":"https:\/\/lyonprivatetours.com\/fr\/wp-json\/wp\/v2\/comments?post=6294"}],"wp:featuredmedia":[{"embeddable":true,"href":"https:\/\/lyonprivatetours.com\/fr\/wp-json\/wp\/v2\/media\/6342"}],"wp:attachment":[{"href":"https:\/\/lyonprivatetours.com\/fr\/wp-json\/wp\/v2\/media?parent=6294"}],"wp:term":[{"taxonomy":"product_brand","embeddable":true,"href":"https:\/\/lyonprivatetours.com\/fr\/wp-json\/wp\/v2\/product_brand?post=6294"},{"taxonomy":"product_cat","embeddable":true,"href":"https:\/\/lyonprivatetours.com\/fr\/wp-json\/wp\/v2\/product_cat?post=6294"},{"taxonomy":"product_tag","embeddable":true,"href":"https:\/\/lyonprivatetours.com\/fr\/wp-json\/wp\/v2\/product_tag?post=6294"}],"curies":[{"name":"wp","href":"https:\/\/api.w.org\/{rel}","templated":true}]}}