{"id":6393,"date":"2024-03-14T11:21:53","date_gmt":"2024-03-14T10:21:53","guid":{"rendered":"https:\/\/lyonprivatetours.com\/?post_type=product&#038;p=6393"},"modified":"2025-02-17T11:49:03","modified_gmt":"2025-02-17T10:49:03","slug":"presquile-lyon-food-tour","status":"publish","type":"product","link":"https:\/\/lyonprivatetours.com\/fr\/product\/presquile-lyon-food-tour\/","title":{"rendered":"Presqu'ile Food Tour"},"content":{"rendered":"<p>Bienvenue dans la Presqu'\u00eele de Lyon. C'est une \u00e9troite bande de terre situ\u00e9e entre les deux fleuves, le Rh\u00f4ne et la Sa\u00f4ne. Devenu aujourd'hui le centre-ville de Lyon, la presqu'\u00eele regorge de magnifiques b\u00e2timents haussmanniens du dix-neuvi\u00e8me si\u00e8cle. Les monuments historiques c\u00f4toient des lieux de restauration beaucoup plus r\u00e9cents et modernis\u00e9s. De nombreux restaurants, bars, caf\u00e9s, chocolateries, fromageries, charcuteries pour le plaisir des locaux comme des visiteurs.\n\nCe tour vous embarque sur la Presqu'\u00eele lyonnaise \u00e0 la d\u00e9couverte de ses surprises culinaires!<\/p>\n<p>Les points forts de la visite :<\/p>\n<ul>\n<li>Exploration des spots de la gastronomie locale<\/li>\n<li>Toutes les d\u00e9gustations<\/li>\n<li>Accompagnement par le guide \u00e0 la d\u00e9couverte des sp\u00e9cialit\u00e9s locales<\/li>\n<li>Immersion dans la culture gastronomique de Lyon<\/li>\n<li>Les conseils culinaires de nos guides locaux!<\/li>\n<\/ul>\n<p>Rejoignez-nous pour d\u00e9couvrir les tr\u00e9sors culinaires cach\u00e9s dans la Presqu'\u00eele de Lyon o\u00f9 chaque bouch\u00e9e raconte une histoire de tradition, d'innovation et de la passion pour la gastronomie.<\/p>","protected":false},"excerpt":{"rendered":"<p><strong>+30\u20ac\/person<\/strong><\/p>\n<p style=\"font-weight: 400;\">Cette visite guid\u00e9e vous emm\u00e8ne dans un voyage de surprises culinaires \u00e0 travers la Presqu&#039;\u00eele de Lyon!<\/p>","protected":false},"featured_media":6407,"comment_status":"open","ping_status":"closed","template":"","meta":{"rs_blank_template":"","rs_page_bg_color":"","slide_template_v7":""},"product_brand":[],"product_cat":[81,72],"product_tag":[],"class_list":{"0":"post-6393","1":"product","2":"type-product","3":"status-publish","4":"has-post-thumbnail","6":"product_cat-food-tour","7":"product_cat-lyon","9":"first","10":"instock","11":"shipping-taxable","12":"purchasable","13":"product-type-appointment"},"exclude_global_add_ons":false,"addons":[{"name":"Language pr\u00e9f\u00e9r\u00e9","type":"custom_text","position":0,"required":false,"title_format":"label","default":"","description_enable":false,"description":"","placeholder_enable":false,"placeholder":"","display":"select","restrictions_type":"any_text","adjust_price":false,"price":"","price_type":"flat_fee","restrictions":false,"min":"0","max":"0","options":[],"id":1716922732},{"name":"Nombre de personnes","type":"multiple_choice","position":1,"required":true,"title_format":"label","default":"","description_enable":false,"description":"","placeholder_enable":false,"placeholder":"","display":"select","restrictions_type":"any_text","adjust_price":false,"price":"","price_type":"flat_fee","restrictions":false,"min":"0","max":"0","options":[{"label":"1","price":"30","price_type":"flat_fee","image":0,"visibility":true},{"label":"2","price":"60","price_type":"flat_fee","image":0,"visibility":true},{"label":"3","price":"90","price_type":"flat_fee","image":0,"visibility":true},{"label":"4","price":"120","price_type":"flat_fee","image":0,"visibility":true},{"label":"5","price":"150","price_type":"flat_fee","image":0,"visibility":true},{"label":"6","price":"180","price_type":"flat_fee","image":0,"visibility":true},{"label":"7","price":"210","price_type":"flat_fee","image":0,"visibility":true},{"label":"8","price":"240","price_type":"flat_fee","image":0,"visibility":true},{"label":"9","price":"270","price_type":"flat_fee","image":0,"visibility":true},{"label":"10","price":"300","price_type":"flat_fee","image":0,"visibility":true}],"id":1716922733},{"name":"Please include your hotel or airbnb for pick up","type":"custom_text","position":2,"required":false,"title_format":"label","default":"","description_enable":false,"description":"","placeholder_enable":false,"placeholder":"","display":"select","restrictions_type":"any_text","adjust_price":false,"price":"","price_type":"flat_fee","restrictions":false,"min":"0","max":"0","options":[],"id":1717685044}],"yoast_head":"<!-- This site is optimized with the Yoast SEO Premium plugin v26.7 (Yoast SEO v27.4) - https:\/\/yoast.com\/product\/yoast-seo-premium-wordpress\/ -->\n<title>Presqu&#039;ile Food Tour - Lyon Private Tours<\/title>\n<meta name=\"description\" content=\"Visit and tastings on the peninsula of Lyon, a personalized gastronomic group tour through Lyon\u2019s beautiful city center...\" \/>\n<meta name=\"robots\" content=\"index, follow, max-snippet:-1, max-image-preview:large, max-video-preview:-1\" \/>\n<link rel=\"canonical\" href=\"https:\/\/lyonprivatetours.com\/fr\/produit\/presquile-lyon-food-tour\/\" \/>\n<meta property=\"og:locale\" content=\"fr_FR\" \/>\n<meta property=\"og:type\" content=\"article\" \/>\n<meta property=\"og:title\" content=\"Presqu&#039;ile Food Tour\" \/>\n<meta property=\"og:description\" content=\"Visit and tastings on the peninsula of Lyon, a personalized gastronomic group tour through Lyon\u2019s beautiful city center...\" \/>\n<meta property=\"og:url\" content=\"https:\/\/lyonprivatetours.com\/fr\/produit\/presquile-lyon-food-tour\/\" \/>\n<meta property=\"og:site_name\" content=\"Lyon Private Tours\" \/>\n<meta property=\"article:modified_time\" content=\"2025-02-17T10:49:03+00:00\" \/>\n<meta property=\"og:image\" content=\"https:\/\/lyonprivatetours.com\/wp-content\/uploads\/2024\/03\/20210924_135453-scaled.jpg\" \/>\n\t<meta property=\"og:image:width\" content=\"2560\" \/>\n\t<meta property=\"og:image:height\" content=\"1920\" \/>\n\t<meta property=\"og:image:type\" content=\"image\/jpeg\" \/>\n<meta name=\"twitter:card\" content=\"summary_large_image\" \/>\n<meta name=\"twitter:label1\" content=\"Dur\u00e9e de lecture estim\u00e9e\" \/>\n\t<meta name=\"twitter:data1\" content=\"1 minute\" \/>\n<script type=\"application\/ld+json\" class=\"yoast-schema-graph\">{\"@context\":\"https:\\\/\\\/schema.org\",\"@graph\":[{\"@type\":\"WebPage\",\"@id\":\"https:\\\/\\\/lyonprivatetours.com\\\/product\\\/presquile-lyon-food-tour\\\/\",\"url\":\"https:\\\/\\\/lyonprivatetours.com\\\/product\\\/presquile-lyon-food-tour\\\/\",\"name\":\"Presqu'ile Food Tour - Lyon Private Tours\",\"isPartOf\":{\"@id\":\"https:\\\/\\\/lyonprivatetours.com\\\/fr\\\/#website\"},\"primaryImageOfPage\":{\"@id\":\"https:\\\/\\\/lyonprivatetours.com\\\/product\\\/presquile-lyon-food-tour\\\/#primaryimage\"},\"image\":{\"@id\":\"https:\\\/\\\/lyonprivatetours.com\\\/product\\\/presquile-lyon-food-tour\\\/#primaryimage\"},\"thumbnailUrl\":\"https:\\\/\\\/lyonprivatetours.com\\\/wp-content\\\/uploads\\\/2024\\\/03\\\/20210924_135453-scaled.jpg\",\"datePublished\":\"2024-03-14T10:21:53+00:00\",\"dateModified\":\"2025-02-17T10:49:03+00:00\",\"description\":\"Visit and tastings on the peninsula of Lyon, a personalized gastronomic group tour through Lyon\u2019s beautiful city center...\",\"breadcrumb\":{\"@id\":\"https:\\\/\\\/lyonprivatetours.com\\\/product\\\/presquile-lyon-food-tour\\\/#breadcrumb\"},\"inLanguage\":\"fr-FR\",\"potentialAction\":[{\"@type\":\"ReadAction\",\"target\":[\"https:\\\/\\\/lyonprivatetours.com\\\/product\\\/presquile-lyon-food-tour\\\/\"]}]},{\"@type\":\"ImageObject\",\"inLanguage\":\"fr-FR\",\"@id\":\"https:\\\/\\\/lyonprivatetours.com\\\/product\\\/presquile-lyon-food-tour\\\/#primaryimage\",\"url\":\"https:\\\/\\\/lyonprivatetours.com\\\/wp-content\\\/uploads\\\/2024\\\/03\\\/20210924_135453-scaled.jpg\",\"contentUrl\":\"https:\\\/\\\/lyonprivatetours.com\\\/wp-content\\\/uploads\\\/2024\\\/03\\\/20210924_135453-scaled.jpg\",\"width\":2560,\"height\":1920},{\"@type\":\"BreadcrumbList\",\"@id\":\"https:\\\/\\\/lyonprivatetours.com\\\/product\\\/presquile-lyon-food-tour\\\/#breadcrumb\",\"itemListElement\":[{\"@type\":\"ListItem\",\"position\":1,\"name\":\"Accueil\",\"item\":\"https:\\\/\\\/lyonprivatetours.com\\\/fr\\\/\"},{\"@type\":\"ListItem\",\"position\":2,\"name\":\"Book A Tour From Lyon\",\"item\":\"https:\\\/\\\/lyonprivatetours.com\\\/shop\\\/\"},{\"@type\":\"ListItem\",\"position\":3,\"name\":\"Presqu&#8217;ile Food Tour\"}]},{\"@type\":\"WebSite\",\"@id\":\"https:\\\/\\\/lyonprivatetours.com\\\/fr\\\/#website\",\"url\":\"https:\\\/\\\/lyonprivatetours.com\\\/fr\\\/\",\"name\":\"Lyon Private Tours\",\"description\":\"Tours From Lyon\",\"publisher\":{\"@id\":\"https:\\\/\\\/lyonprivatetours.com\\\/fr\\\/#organization\"},\"potentialAction\":[{\"@type\":\"SearchAction\",\"target\":{\"@type\":\"EntryPoint\",\"urlTemplate\":\"https:\\\/\\\/lyonprivatetours.com\\\/fr\\\/?s={search_term_string}\"},\"query-input\":{\"@type\":\"PropertyValueSpecification\",\"valueRequired\":true,\"valueName\":\"search_term_string\"}}],\"inLanguage\":\"fr-FR\"},{\"@type\":\"Organization\",\"@id\":\"https:\\\/\\\/lyonprivatetours.com\\\/fr\\\/#organization\",\"name\":\"Lyon Private Tours\",\"url\":\"https:\\\/\\\/lyonprivatetours.com\\\/fr\\\/\",\"logo\":{\"@type\":\"ImageObject\",\"inLanguage\":\"fr-FR\",\"@id\":\"https:\\\/\\\/lyonprivatetours.com\\\/fr\\\/#\\\/schema\\\/logo\\\/image\\\/\",\"url\":\"https:\\\/\\\/lyonprivatetours.com\\\/wp-content\\\/uploads\\\/2024\\\/02\\\/Lyon-Private-Tours-logo.jpg\",\"contentUrl\":\"https:\\\/\\\/lyonprivatetours.com\\\/wp-content\\\/uploads\\\/2024\\\/02\\\/Lyon-Private-Tours-logo.jpg\",\"width\":1080,\"height\":1080,\"caption\":\"Lyon Private Tours\"},\"image\":{\"@id\":\"https:\\\/\\\/lyonprivatetours.com\\\/fr\\\/#\\\/schema\\\/logo\\\/image\\\/\"}}]}<\/script>\n<!-- \/ Yoast SEO Premium plugin. -->","yoast_head_json":{"title":"Presqu'ile Food Tour - Lyon Private Tours","description":"Visit and tastings on the peninsula of Lyon, a personalized gastronomic group tour through Lyon\u2019s beautiful city center...","robots":{"index":"index","follow":"follow","max-snippet":"max-snippet:-1","max-image-preview":"max-image-preview:large","max-video-preview":"max-video-preview:-1"},"canonical":"https:\/\/lyonprivatetours.com\/fr\/produit\/presquile-lyon-food-tour\/","og_locale":"fr_FR","og_type":"article","og_title":"Presqu'ile Food Tour","og_description":"Visit and tastings on the peninsula of Lyon, a personalized gastronomic group tour through Lyon\u2019s beautiful city center...","og_url":"https:\/\/lyonprivatetours.com\/fr\/produit\/presquile-lyon-food-tour\/","og_site_name":"Lyon Private Tours","article_modified_time":"2025-02-17T10:49:03+00:00","og_image":[{"width":2560,"height":1920,"url":"https:\/\/lyonprivatetours.com\/wp-content\/uploads\/2024\/03\/20210924_135453-scaled.jpg","type":"image\/jpeg"}],"twitter_card":"summary_large_image","twitter_misc":{"Dur\u00e9e de lecture estim\u00e9e":"1 minute"},"schema":{"@context":"https:\/\/schema.org","@graph":[{"@type":"WebPage","@id":"https:\/\/lyonprivatetours.com\/product\/presquile-lyon-food-tour\/","url":"https:\/\/lyonprivatetours.com\/product\/presquile-lyon-food-tour\/","name":"Presqu'ile Food Tour - Lyon Private Tours","isPartOf":{"@id":"https:\/\/lyonprivatetours.com\/fr\/#website"},"primaryImageOfPage":{"@id":"https:\/\/lyonprivatetours.com\/product\/presquile-lyon-food-tour\/#primaryimage"},"image":{"@id":"https:\/\/lyonprivatetours.com\/product\/presquile-lyon-food-tour\/#primaryimage"},"thumbnailUrl":"https:\/\/lyonprivatetours.com\/wp-content\/uploads\/2024\/03\/20210924_135453-scaled.jpg","datePublished":"2024-03-14T10:21:53+00:00","dateModified":"2025-02-17T10:49:03+00:00","description":"Visit and tastings on the peninsula of Lyon, a personalized gastronomic group tour through Lyon\u2019s beautiful city center...","breadcrumb":{"@id":"https:\/\/lyonprivatetours.com\/product\/presquile-lyon-food-tour\/#breadcrumb"},"inLanguage":"fr-FR","potentialAction":[{"@type":"ReadAction","target":["https:\/\/lyonprivatetours.com\/product\/presquile-lyon-food-tour\/"]}]},{"@type":"ImageObject","inLanguage":"fr-FR","@id":"https:\/\/lyonprivatetours.com\/product\/presquile-lyon-food-tour\/#primaryimage","url":"https:\/\/lyonprivatetours.com\/wp-content\/uploads\/2024\/03\/20210924_135453-scaled.jpg","contentUrl":"https:\/\/lyonprivatetours.com\/wp-content\/uploads\/2024\/03\/20210924_135453-scaled.jpg","width":2560,"height":1920},{"@type":"BreadcrumbList","@id":"https:\/\/lyonprivatetours.com\/product\/presquile-lyon-food-tour\/#breadcrumb","itemListElement":[{"@type":"ListItem","position":1,"name":"Accueil","item":"https:\/\/lyonprivatetours.com\/fr\/"},{"@type":"ListItem","position":2,"name":"Book A Tour From Lyon","item":"https:\/\/lyonprivatetours.com\/shop\/"},{"@type":"ListItem","position":3,"name":"Presqu&#8217;ile Food Tour"}]},{"@type":"WebSite","@id":"https:\/\/lyonprivatetours.com\/fr\/#website","url":"https:\/\/lyonprivatetours.com\/fr\/","name":"Lyon Private Tours","description":"Tours From Lyon","publisher":{"@id":"https:\/\/lyonprivatetours.com\/fr\/#organization"},"potentialAction":[{"@type":"SearchAction","target":{"@type":"EntryPoint","urlTemplate":"https:\/\/lyonprivatetours.com\/fr\/?s={search_term_string}"},"query-input":{"@type":"PropertyValueSpecification","valueRequired":true,"valueName":"search_term_string"}}],"inLanguage":"fr-FR"},{"@type":"Organization","@id":"https:\/\/lyonprivatetours.com\/fr\/#organization","name":"Lyon Private Tours","url":"https:\/\/lyonprivatetours.com\/fr\/","logo":{"@type":"ImageObject","inLanguage":"fr-FR","@id":"https:\/\/lyonprivatetours.com\/fr\/#\/schema\/logo\/image\/","url":"https:\/\/lyonprivatetours.com\/wp-content\/uploads\/2024\/02\/Lyon-Private-Tours-logo.jpg","contentUrl":"https:\/\/lyonprivatetours.com\/wp-content\/uploads\/2024\/02\/Lyon-Private-Tours-logo.jpg","width":1080,"height":1080,"caption":"Lyon Private Tours"},"image":{"@id":"https:\/\/lyonprivatetours.com\/fr\/#\/schema\/logo\/image\/"}}]}},"_links":{"self":[{"href":"https:\/\/lyonprivatetours.com\/fr\/wp-json\/wp\/v2\/product\/6393","targetHints":{"allow":["GET"]}}],"collection":[{"href":"https:\/\/lyonprivatetours.com\/fr\/wp-json\/wp\/v2\/product"}],"about":[{"href":"https:\/\/lyonprivatetours.com\/fr\/wp-json\/wp\/v2\/types\/product"}],"replies":[{"embeddable":true,"href":"https:\/\/lyonprivatetours.com\/fr\/wp-json\/wp\/v2\/comments?post=6393"}],"wp:featuredmedia":[{"embeddable":true,"href":"https:\/\/lyonprivatetours.com\/fr\/wp-json\/wp\/v2\/media\/6407"}],"wp:attachment":[{"href":"https:\/\/lyonprivatetours.com\/fr\/wp-json\/wp\/v2\/media?parent=6393"}],"wp:term":[{"taxonomy":"product_brand","embeddable":true,"href":"https:\/\/lyonprivatetours.com\/fr\/wp-json\/wp\/v2\/product_brand?post=6393"},{"taxonomy":"product_cat","embeddable":true,"href":"https:\/\/lyonprivatetours.com\/fr\/wp-json\/wp\/v2\/product_cat?post=6393"},{"taxonomy":"product_tag","embeddable":true,"href":"https:\/\/lyonprivatetours.com\/fr\/wp-json\/wp\/v2\/product_tag?post=6393"}],"curies":[{"name":"wp","href":"https:\/\/api.w.org\/{rel}","templated":true}]}}