{"id":7042,"date":"2024-04-11T17:29:51","date_gmt":"2024-04-11T15:29:51","guid":{"rendered":"https:\/\/lyonprivatetours.com\/?post_type=product&#038;p=7042"},"modified":"2025-04-08T11:41:42","modified_gmt":"2025-04-08T09:41:42","slug":"lyons-gourmet-sweets-tour-chocolate-pastries-more","status":"publish","type":"product","link":"https:\/\/lyonprivatetours.com\/fr\/product\/lyons-gourmet-sweets-tour-chocolate-pastries-more\/","title":{"rendered":"Lyon\u2019s Gourmet Sweets Tour: Chocolate, Pastries &#038; More"},"content":{"rendered":"<p>Embark on a culinary adventure through the enchanting streets of Old Lyon with our special Pastry Food Tour. Renowned as the gastronomic capital of France, Lyon boasts a rich culinary heritage that is best explored through its traditional bouchons and bustling food markets. Lots of the local specialties involves meat and cheese savory meals, but we also very special sweets.<\/p>\n<p>Treat yourself to a delightful stroll through Lyon as we explore the city\u2019s sweetest traditions. This guided tour includes <em data-start=\"321\" data-end=\"342\">three tasting stops<\/em> featuring local favorites like rich chocolates, colorful pralines, and delicate macarons. Along the way, you\u2019ll learn about Lyon\u2019s unique culinary heritage and the stories behind its most beloved confections. A perfect experience for all ages with a sweet tooth!<\/p>","protected":false},"excerpt":{"rendered":"<p>Discover Lyon\u2019s sweetest treats on a guided walk with tasting stops featuring local pralines, chocolates, and macarons. Along the way, enjoy fun stories about the city\u2019s rich culinary traditions.<\/p>\n<p><strong>+40\u20ac\/person for the tastings<\/strong><\/p>","protected":false},"featured_media":7779,"comment_status":"open","ping_status":"closed","template":"","meta":{"rs_blank_template":"","rs_page_bg_color":"","slide_template_v7":""},"product_brand":[],"product_cat":[81,72],"product_tag":[],"class_list":{"0":"post-7042","1":"product","2":"type-product","3":"status-publish","4":"has-post-thumbnail","6":"product_cat-food-tour","7":"product_cat-lyon","9":"first","10":"instock","11":"shipping-taxable","12":"purchasable","13":"product-type-appointment"},"exclude_global_add_ons":false,"addons":[{"name":"Language pr\u00e9f\u00e9r\u00e9","type":"custom_text","position":0,"required":true,"title_format":"label","default":"","description_enable":false,"description":"","placeholder_enable":false,"placeholder":"","display":"select","restrictions_type":"any_text","adjust_price":false,"price":"","price_type":"flat_fee","restrictions":false,"min":"0","max":"0","options":[],"id":1712858996},{"name":"Nombre de personnes","type":"multiple_choice","position":1,"required":true,"title_format":"label","default":"","description_enable":false,"description":"","placeholder_enable":false,"placeholder":"","display":"select","restrictions_type":"any_text","adjust_price":false,"price":"","price_type":"flat_fee","restrictions":false,"min":"0","max":"0","options":[{"label":"1","price":"40","price_type":"flat_fee","image":0,"visibility":true},{"label":"2","price":"80","price_type":"flat_fee","image":0,"visibility":true},{"label":"3","price":"120","price_type":"flat_fee","image":0,"visibility":true},{"label":"4","price":"160","price_type":"flat_fee","image":0,"visibility":true},{"label":"5","price":"200","price_type":"flat_fee","image":0,"visibility":true},{"label":"6","price":"240","price_type":"flat_fee","image":0,"visibility":true},{"label":"7","price":"280","price_type":"flat_fee","image":0,"visibility":true},{"label":"8","price":"320","price_type":"flat_fee","image":0,"visibility":true},{"label":"9","price":"360","price_type":"flat_fee","image":0,"visibility":true},{"label":"10","price":"400","price_type":"flat_fee","image":0,"visibility":true},{"label":"11","price":"440","price_type":"flat_fee","image":0,"visibility":true},{"label":"12","price":"480","price_type":"flat_fee","image":0,"visibility":true}],"id":1712858997},{"name":"Vous pouvez donner l'adresse de votre h\u00f4tel ou Airbnb si vous souhaitez \u00eatre r\u00e9cup\u00e9r\u00e9s sur place.","type":"custom_text","position":2,"required":true,"title_format":"label","default":"","description_enable":false,"description":"","placeholder_enable":false,"placeholder":"","display":"select","restrictions_type":"any_text","adjust_price":false,"price":"","price_type":"flat_fee","restrictions":false,"min":"0","max":"0","options":[],"id":1717684944}],"yoast_head":"<!-- This site is optimized with the Yoast SEO Premium plugin v26.7 (Yoast SEO v27.4) - https:\/\/yoast.com\/product\/yoast-seo-premium-wordpress\/ -->\n<title>Lyon\u2019s Gourmet Sweets Tour: Chocolate, Pastries &amp; More - Lyon Private Tours<\/title>\n<meta name=\"description\" content=\"Discover Lyon\u2019s sweetest treats on a guided walk with tasting stops featuring local pralines, chocolates, and macarons. Along the way, enjoy fun stories about the city\u2019s rich culinary traditions.\" \/>\n<meta name=\"robots\" content=\"index, follow, max-snippet:-1, max-image-preview:large, max-video-preview:-1\" \/>\n<link rel=\"canonical\" href=\"https:\/\/lyonprivatetours.com\/fr\/produit\/lyons-gourmet-sweets-tour-chocolate-pastries-more\/\" \/>\n<meta property=\"og:locale\" content=\"fr_FR\" \/>\n<meta property=\"og:type\" content=\"article\" \/>\n<meta property=\"og:title\" content=\"Lyon\u2019s Gourmet Sweets Tour: Chocolate, Pastries &amp; More\" \/>\n<meta property=\"og:description\" content=\"Discover Lyon\u2019s sweetest treats on a guided walk with tasting stops featuring local pralines, chocolates, and macarons. Along the way, enjoy fun stories about the city\u2019s rich culinary traditions.\" \/>\n<meta property=\"og:url\" content=\"https:\/\/lyonprivatetours.com\/fr\/produit\/lyons-gourmet-sweets-tour-chocolate-pastries-more\/\" \/>\n<meta property=\"og:site_name\" content=\"Lyon Private Tours\" \/>\n<meta property=\"article:modified_time\" content=\"2025-04-08T09:41:42+00:00\" \/>\n<meta property=\"og:image\" content=\"https:\/\/lyonprivatetours.com\/wp-content\/uploads\/2025\/04\/macarons-7716584_1280.jpg\" \/>\n\t<meta property=\"og:image:width\" content=\"1280\" \/>\n\t<meta property=\"og:image:height\" content=\"719\" \/>\n\t<meta property=\"og:image:type\" content=\"image\/jpeg\" \/>\n<meta name=\"twitter:card\" content=\"summary_large_image\" \/>\n<meta name=\"twitter:label1\" content=\"Dur\u00e9e de lecture estim\u00e9e\" \/>\n\t<meta name=\"twitter:data1\" content=\"1 minute\" \/>\n<script type=\"application\/ld+json\" class=\"yoast-schema-graph\">{\"@context\":\"https:\\\/\\\/schema.org\",\"@graph\":[{\"@type\":\"WebPage\",\"@id\":\"https:\\\/\\\/lyonprivatetours.com\\\/product\\\/lyons-gourmet-sweets-tour-chocolate-pastries-more\\\/\",\"url\":\"https:\\\/\\\/lyonprivatetours.com\\\/product\\\/lyons-gourmet-sweets-tour-chocolate-pastries-more\\\/\",\"name\":\"Lyon\u2019s Gourmet Sweets Tour: Chocolate, Pastries & More - Lyon Private Tours\",\"isPartOf\":{\"@id\":\"https:\\\/\\\/lyonprivatetours.com\\\/fr\\\/#website\"},\"primaryImageOfPage\":{\"@id\":\"https:\\\/\\\/lyonprivatetours.com\\\/product\\\/lyons-gourmet-sweets-tour-chocolate-pastries-more\\\/#primaryimage\"},\"image\":{\"@id\":\"https:\\\/\\\/lyonprivatetours.com\\\/product\\\/lyons-gourmet-sweets-tour-chocolate-pastries-more\\\/#primaryimage\"},\"thumbnailUrl\":\"https:\\\/\\\/lyonprivatetours.com\\\/wp-content\\\/uploads\\\/2025\\\/04\\\/macarons-7716584_1280.jpg\",\"datePublished\":\"2024-04-11T15:29:51+00:00\",\"dateModified\":\"2025-04-08T09:41:42+00:00\",\"description\":\"Discover Lyon\u2019s sweetest treats on a guided walk with tasting stops featuring local pralines, chocolates, and macarons. Along the way, enjoy fun stories about the city\u2019s rich culinary traditions.\",\"breadcrumb\":{\"@id\":\"https:\\\/\\\/lyonprivatetours.com\\\/product\\\/lyons-gourmet-sweets-tour-chocolate-pastries-more\\\/#breadcrumb\"},\"inLanguage\":\"fr-FR\",\"potentialAction\":[{\"@type\":\"ReadAction\",\"target\":[\"https:\\\/\\\/lyonprivatetours.com\\\/product\\\/lyons-gourmet-sweets-tour-chocolate-pastries-more\\\/\"]}]},{\"@type\":\"ImageObject\",\"inLanguage\":\"fr-FR\",\"@id\":\"https:\\\/\\\/lyonprivatetours.com\\\/product\\\/lyons-gourmet-sweets-tour-chocolate-pastries-more\\\/#primaryimage\",\"url\":\"https:\\\/\\\/lyonprivatetours.com\\\/wp-content\\\/uploads\\\/2025\\\/04\\\/macarons-7716584_1280.jpg\",\"contentUrl\":\"https:\\\/\\\/lyonprivatetours.com\\\/wp-content\\\/uploads\\\/2025\\\/04\\\/macarons-7716584_1280.jpg\",\"width\":1280,\"height\":719},{\"@type\":\"BreadcrumbList\",\"@id\":\"https:\\\/\\\/lyonprivatetours.com\\\/product\\\/lyons-gourmet-sweets-tour-chocolate-pastries-more\\\/#breadcrumb\",\"itemListElement\":[{\"@type\":\"ListItem\",\"position\":1,\"name\":\"Accueil\",\"item\":\"https:\\\/\\\/lyonprivatetours.com\\\/fr\\\/\"},{\"@type\":\"ListItem\",\"position\":2,\"name\":\"Book A Tour From Lyon\",\"item\":\"https:\\\/\\\/lyonprivatetours.com\\\/shop\\\/\"},{\"@type\":\"ListItem\",\"position\":3,\"name\":\"Lyon\u2019s Gourmet Sweets Tour: Chocolate, Pastries &#038; More\"}]},{\"@type\":\"WebSite\",\"@id\":\"https:\\\/\\\/lyonprivatetours.com\\\/fr\\\/#website\",\"url\":\"https:\\\/\\\/lyonprivatetours.com\\\/fr\\\/\",\"name\":\"Lyon Private Tours\",\"description\":\"Tours From Lyon\",\"publisher\":{\"@id\":\"https:\\\/\\\/lyonprivatetours.com\\\/fr\\\/#organization\"},\"potentialAction\":[{\"@type\":\"SearchAction\",\"target\":{\"@type\":\"EntryPoint\",\"urlTemplate\":\"https:\\\/\\\/lyonprivatetours.com\\\/fr\\\/?s={search_term_string}\"},\"query-input\":{\"@type\":\"PropertyValueSpecification\",\"valueRequired\":true,\"valueName\":\"search_term_string\"}}],\"inLanguage\":\"fr-FR\"},{\"@type\":\"Organization\",\"@id\":\"https:\\\/\\\/lyonprivatetours.com\\\/fr\\\/#organization\",\"name\":\"Lyon Private Tours\",\"url\":\"https:\\\/\\\/lyonprivatetours.com\\\/fr\\\/\",\"logo\":{\"@type\":\"ImageObject\",\"inLanguage\":\"fr-FR\",\"@id\":\"https:\\\/\\\/lyonprivatetours.com\\\/fr\\\/#\\\/schema\\\/logo\\\/image\\\/\",\"url\":\"https:\\\/\\\/lyonprivatetours.com\\\/wp-content\\\/uploads\\\/2024\\\/02\\\/Lyon-Private-Tours-logo.jpg\",\"contentUrl\":\"https:\\\/\\\/lyonprivatetours.com\\\/wp-content\\\/uploads\\\/2024\\\/02\\\/Lyon-Private-Tours-logo.jpg\",\"width\":1080,\"height\":1080,\"caption\":\"Lyon Private Tours\"},\"image\":{\"@id\":\"https:\\\/\\\/lyonprivatetours.com\\\/fr\\\/#\\\/schema\\\/logo\\\/image\\\/\"}}]}<\/script>\n<!-- \/ Yoast SEO Premium plugin. -->","yoast_head_json":{"title":"Lyon\u2019s Gourmet Sweets Tour: Chocolate, Pastries & More - Lyon Private Tours","description":"Discover Lyon\u2019s sweetest treats on a guided walk with tasting stops featuring local pralines, chocolates, and macarons. Along the way, enjoy fun stories about the city\u2019s rich culinary traditions.","robots":{"index":"index","follow":"follow","max-snippet":"max-snippet:-1","max-image-preview":"max-image-preview:large","max-video-preview":"max-video-preview:-1"},"canonical":"https:\/\/lyonprivatetours.com\/fr\/produit\/lyons-gourmet-sweets-tour-chocolate-pastries-more\/","og_locale":"fr_FR","og_type":"article","og_title":"Lyon\u2019s Gourmet Sweets Tour: Chocolate, Pastries & More","og_description":"Discover Lyon\u2019s sweetest treats on a guided walk with tasting stops featuring local pralines, chocolates, and macarons. Along the way, enjoy fun stories about the city\u2019s rich culinary traditions.","og_url":"https:\/\/lyonprivatetours.com\/fr\/produit\/lyons-gourmet-sweets-tour-chocolate-pastries-more\/","og_site_name":"Lyon Private Tours","article_modified_time":"2025-04-08T09:41:42+00:00","og_image":[{"width":1280,"height":719,"url":"https:\/\/lyonprivatetours.com\/wp-content\/uploads\/2025\/04\/macarons-7716584_1280.jpg","type":"image\/jpeg"}],"twitter_card":"summary_large_image","twitter_misc":{"Dur\u00e9e de lecture estim\u00e9e":"1 minute"},"schema":{"@context":"https:\/\/schema.org","@graph":[{"@type":"WebPage","@id":"https:\/\/lyonprivatetours.com\/product\/lyons-gourmet-sweets-tour-chocolate-pastries-more\/","url":"https:\/\/lyonprivatetours.com\/product\/lyons-gourmet-sweets-tour-chocolate-pastries-more\/","name":"Lyon\u2019s Gourmet Sweets Tour: Chocolate, Pastries & More - Lyon Private Tours","isPartOf":{"@id":"https:\/\/lyonprivatetours.com\/fr\/#website"},"primaryImageOfPage":{"@id":"https:\/\/lyonprivatetours.com\/product\/lyons-gourmet-sweets-tour-chocolate-pastries-more\/#primaryimage"},"image":{"@id":"https:\/\/lyonprivatetours.com\/product\/lyons-gourmet-sweets-tour-chocolate-pastries-more\/#primaryimage"},"thumbnailUrl":"https:\/\/lyonprivatetours.com\/wp-content\/uploads\/2025\/04\/macarons-7716584_1280.jpg","datePublished":"2024-04-11T15:29:51+00:00","dateModified":"2025-04-08T09:41:42+00:00","description":"Discover Lyon\u2019s sweetest treats on a guided walk with tasting stops featuring local pralines, chocolates, and macarons. Along the way, enjoy fun stories about the city\u2019s rich culinary traditions.","breadcrumb":{"@id":"https:\/\/lyonprivatetours.com\/product\/lyons-gourmet-sweets-tour-chocolate-pastries-more\/#breadcrumb"},"inLanguage":"fr-FR","potentialAction":[{"@type":"ReadAction","target":["https:\/\/lyonprivatetours.com\/product\/lyons-gourmet-sweets-tour-chocolate-pastries-more\/"]}]},{"@type":"ImageObject","inLanguage":"fr-FR","@id":"https:\/\/lyonprivatetours.com\/product\/lyons-gourmet-sweets-tour-chocolate-pastries-more\/#primaryimage","url":"https:\/\/lyonprivatetours.com\/wp-content\/uploads\/2025\/04\/macarons-7716584_1280.jpg","contentUrl":"https:\/\/lyonprivatetours.com\/wp-content\/uploads\/2025\/04\/macarons-7716584_1280.jpg","width":1280,"height":719},{"@type":"BreadcrumbList","@id":"https:\/\/lyonprivatetours.com\/product\/lyons-gourmet-sweets-tour-chocolate-pastries-more\/#breadcrumb","itemListElement":[{"@type":"ListItem","position":1,"name":"Accueil","item":"https:\/\/lyonprivatetours.com\/fr\/"},{"@type":"ListItem","position":2,"name":"Book A Tour From Lyon","item":"https:\/\/lyonprivatetours.com\/shop\/"},{"@type":"ListItem","position":3,"name":"Lyon\u2019s Gourmet Sweets Tour: Chocolate, Pastries &#038; More"}]},{"@type":"WebSite","@id":"https:\/\/lyonprivatetours.com\/fr\/#website","url":"https:\/\/lyonprivatetours.com\/fr\/","name":"Lyon Private Tours","description":"Tours From Lyon","publisher":{"@id":"https:\/\/lyonprivatetours.com\/fr\/#organization"},"potentialAction":[{"@type":"SearchAction","target":{"@type":"EntryPoint","urlTemplate":"https:\/\/lyonprivatetours.com\/fr\/?s={search_term_string}"},"query-input":{"@type":"PropertyValueSpecification","valueRequired":true,"valueName":"search_term_string"}}],"inLanguage":"fr-FR"},{"@type":"Organization","@id":"https:\/\/lyonprivatetours.com\/fr\/#organization","name":"Lyon Private Tours","url":"https:\/\/lyonprivatetours.com\/fr\/","logo":{"@type":"ImageObject","inLanguage":"fr-FR","@id":"https:\/\/lyonprivatetours.com\/fr\/#\/schema\/logo\/image\/","url":"https:\/\/lyonprivatetours.com\/wp-content\/uploads\/2024\/02\/Lyon-Private-Tours-logo.jpg","contentUrl":"https:\/\/lyonprivatetours.com\/wp-content\/uploads\/2024\/02\/Lyon-Private-Tours-logo.jpg","width":1080,"height":1080,"caption":"Lyon Private Tours"},"image":{"@id":"https:\/\/lyonprivatetours.com\/fr\/#\/schema\/logo\/image\/"}}]}},"_links":{"self":[{"href":"https:\/\/lyonprivatetours.com\/fr\/wp-json\/wp\/v2\/product\/7042","targetHints":{"allow":["GET"]}}],"collection":[{"href":"https:\/\/lyonprivatetours.com\/fr\/wp-json\/wp\/v2\/product"}],"about":[{"href":"https:\/\/lyonprivatetours.com\/fr\/wp-json\/wp\/v2\/types\/product"}],"replies":[{"embeddable":true,"href":"https:\/\/lyonprivatetours.com\/fr\/wp-json\/wp\/v2\/comments?post=7042"}],"wp:featuredmedia":[{"embeddable":true,"href":"https:\/\/lyonprivatetours.com\/fr\/wp-json\/wp\/v2\/media\/7779"}],"wp:attachment":[{"href":"https:\/\/lyonprivatetours.com\/fr\/wp-json\/wp\/v2\/media?parent=7042"}],"wp:term":[{"taxonomy":"product_brand","embeddable":true,"href":"https:\/\/lyonprivatetours.com\/fr\/wp-json\/wp\/v2\/product_brand?post=7042"},{"taxonomy":"product_cat","embeddable":true,"href":"https:\/\/lyonprivatetours.com\/fr\/wp-json\/wp\/v2\/product_cat?post=7042"},{"taxonomy":"product_tag","embeddable":true,"href":"https:\/\/lyonprivatetours.com\/fr\/wp-json\/wp\/v2\/product_tag?post=7042"}],"curies":[{"name":"wp","href":"https:\/\/api.w.org\/{rel}","templated":true}]}}