{"id":7048,"date":"2024-04-11T18:09:16","date_gmt":"2024-04-11T16:09:16","guid":{"rendered":"https:\/\/lyonprivatetours.com\/?post_type=product&#038;p=7048"},"modified":"2025-02-26T15:32:05","modified_gmt":"2025-02-26T14:32:05","slug":"vienne-an-ancient-roman-city","status":"publish","type":"product","link":"https:\/\/lyonprivatetours.com\/fr\/product\/vienne-an-ancient-roman-city\/","title":{"rendered":"Vienne &#8211; An Ancient Roman City"},"content":{"rendered":"<p>A very surprising old city along the Rhone river, one of the biggest river port during the roman days. Meet us there, we&#8217;ll explore the Cathedral, the Roman Temple, the City Hall, some mural paintings and the Garden of Cybele full of roman vestiges. We&#8217;ll walk up to the hill Pipet to embrace an amazing lookout, if you&#8217;re up for it!<\/p>\n<table summary=\"Info\" cellspacing=\"0\">\n<tbody>\n<tr>\n<td>Inclus<\/td>\n<td>Guided tour<\/td>\n<\/tr>\n<tr>\n<td>Dur\u00e9e<\/td>\n<td>2:00<\/td>\n<\/tr>\n<tr>\n<td>Les Participants<\/td>\n<td>Up to 15 people<\/td>\n<\/tr>\n<tr>\n<td>Langue<\/td>\n<td>Anglais \/ Fran\u00e7ais<br \/>\n<a href=\"https:\/\/lyonprivatetours.com\/fr\/contacts\/\">Contactez-nous pour d&#039;autres langues<\/a><\/td>\n<\/tr>\n<\/tbody>\n<\/table>","protected":false},"excerpt":{"rendered":"<p><strong>Jusqu'\u00e0 20 personnes<\/strong><\/p>\n<p>Private tour to explore the old city of Vienne, where the romans ruins lies since centuries. From the ancient cathedral to the old roman roads, temples, theaters and aqueducts.<\/p>","protected":false},"featured_media":6248,"comment_status":"open","ping_status":"closed","template":"","meta":{"rs_blank_template":"","rs_page_bg_color":"","slide_template_v7":""},"product_brand":[],"product_cat":[78],"product_tag":[],"class_list":{"0":"post-7048","1":"product","2":"type-product","3":"status-publish","4":"has-post-thumbnail","6":"product_cat-vienne","8":"first","9":"instock","10":"virtual","11":"purchasable","12":"product-type-appointment"},"exclude_global_add_ons":false,"addons":[{"name":"Pr\u00e9f\u00e9r\u00e9 tourn\u00e9e langue","type":"custom_text","position":0,"required":true,"title_format":"label","default":"","description_enable":false,"description":"","placeholder_enable":false,"placeholder":"","display":"select","restrictions_type":"any_text","adjust_price":false,"price":"","price_type":"flat_fee","restrictions":false,"min":"0","max":"0","options":[],"id":1713791652},{"name":"Please include your hotel or airbnb for pick up","type":"custom_text","position":1,"required":false,"title_format":"label","default":"","description_enable":false,"description":"","placeholder_enable":false,"placeholder":"","display":"select","restrictions_type":"any_text","adjust_price":false,"price":"","price_type":"flat_fee","restrictions":false,"min":"0","max":"0","options":[],"id":1717684345}],"yoast_head":"<!-- This site is optimized with the Yoast SEO Premium plugin v26.7 (Yoast SEO v27.2) - https:\/\/yoast.com\/product\/yoast-seo-premium-wordpress\/ -->\n<title>Vienne - An Ancient Roman City - Lyon Private Tours<\/title>\n<meta name=\"description\" content=\"Private tour to explore the old city of Vienne, where the romans ruins lies since centuries.\" \/>\n<meta name=\"robots\" content=\"index, follow, max-snippet:-1, max-image-preview:large, max-video-preview:-1\" \/>\n<link rel=\"canonical\" href=\"https:\/\/lyonprivatetours.com\/fr\/produit\/vienne-an-ancient-roman-city\/\" \/>\n<meta property=\"og:locale\" content=\"fr_FR\" \/>\n<meta property=\"og:type\" content=\"article\" \/>\n<meta property=\"og:title\" content=\"Vienne - An Ancient Roman City\" \/>\n<meta property=\"og:description\" content=\"Private tour to explore the old city of Vienne, where the romans ruins lies since centuries.\" \/>\n<meta property=\"og:url\" content=\"https:\/\/lyonprivatetours.com\/fr\/produit\/vienne-an-ancient-roman-city\/\" \/>\n<meta property=\"og:site_name\" content=\"Lyon Private Tours\" \/>\n<meta property=\"article:modified_time\" content=\"2025-02-26T14:32:05+00:00\" \/>\n<meta property=\"og:image\" content=\"https:\/\/lyonprivatetours.com\/wp-content\/uploads\/2019\/02\/IMG20231010102716-scaled.jpg\" \/>\n\t<meta property=\"og:image:width\" content=\"2560\" \/>\n\t<meta property=\"og:image:height\" content=\"1920\" \/>\n\t<meta property=\"og:image:type\" content=\"image\/jpeg\" \/>\n<meta name=\"twitter:card\" content=\"summary_large_image\" \/>\n<meta name=\"twitter:label1\" content=\"Dur\u00e9e de lecture estim\u00e9e\" \/>\n\t<meta name=\"twitter:data1\" content=\"1 minute\" \/>\n<script type=\"application\/ld+json\" class=\"yoast-schema-graph\">{\"@context\":\"https:\/\/schema.org\",\"@graph\":[{\"@type\":\"WebPage\",\"@id\":\"https:\/\/lyonprivatetours.com\/product\/vienne-an-ancient-roman-city\/\",\"url\":\"https:\/\/lyonprivatetours.com\/product\/vienne-an-ancient-roman-city\/\",\"name\":\"Vienne - An Ancient Roman City - Lyon Private Tours\",\"isPartOf\":{\"@id\":\"https:\/\/lyonprivatetours.com\/fr\/#website\"},\"primaryImageOfPage\":{\"@id\":\"https:\/\/lyonprivatetours.com\/product\/vienne-an-ancient-roman-city\/#primaryimage\"},\"image\":{\"@id\":\"https:\/\/lyonprivatetours.com\/product\/vienne-an-ancient-roman-city\/#primaryimage\"},\"thumbnailUrl\":\"https:\/\/lyonprivatetours.com\/wp-content\/uploads\/2019\/02\/IMG20231010102716-scaled.jpg\",\"datePublished\":\"2024-04-11T16:09:16+00:00\",\"dateModified\":\"2025-02-26T14:32:05+00:00\",\"description\":\"Private tour to explore the old city of Vienne, where the romans ruins lies since centuries.\",\"breadcrumb\":{\"@id\":\"https:\/\/lyonprivatetours.com\/product\/vienne-an-ancient-roman-city\/#breadcrumb\"},\"inLanguage\":\"fr-FR\",\"potentialAction\":[{\"@type\":\"ReadAction\",\"target\":[\"https:\/\/lyonprivatetours.com\/product\/vienne-an-ancient-roman-city\/\"]}]},{\"@type\":\"ImageObject\",\"inLanguage\":\"fr-FR\",\"@id\":\"https:\/\/lyonprivatetours.com\/product\/vienne-an-ancient-roman-city\/#primaryimage\",\"url\":\"https:\/\/lyonprivatetours.com\/wp-content\/uploads\/2019\/02\/IMG20231010102716-scaled.jpg\",\"contentUrl\":\"https:\/\/lyonprivatetours.com\/wp-content\/uploads\/2019\/02\/IMG20231010102716-scaled.jpg\",\"width\":2560,\"height\":1920},{\"@type\":\"BreadcrumbList\",\"@id\":\"https:\/\/lyonprivatetours.com\/product\/vienne-an-ancient-roman-city\/#breadcrumb\",\"itemListElement\":[{\"@type\":\"ListItem\",\"position\":1,\"name\":\"Accueil\",\"item\":\"https:\/\/lyonprivatetours.com\/fr\/\"},{\"@type\":\"ListItem\",\"position\":2,\"name\":\"Book A Tour From Lyon\",\"item\":\"https:\/\/lyonprivatetours.com\/shop\/\"},{\"@type\":\"ListItem\",\"position\":3,\"name\":\"Vienne &#8211; An Ancient Roman City\"}]},{\"@type\":\"WebSite\",\"@id\":\"https:\/\/lyonprivatetours.com\/fr\/#website\",\"url\":\"https:\/\/lyonprivatetours.com\/fr\/\",\"name\":\"Lyon Private Tours\",\"description\":\"Tours From Lyon\",\"publisher\":{\"@id\":\"https:\/\/lyonprivatetours.com\/fr\/#organization\"},\"potentialAction\":[{\"@type\":\"SearchAction\",\"target\":{\"@type\":\"EntryPoint\",\"urlTemplate\":\"https:\/\/lyonprivatetours.com\/fr\/?s={search_term_string}\"},\"query-input\":{\"@type\":\"PropertyValueSpecification\",\"valueRequired\":true,\"valueName\":\"search_term_string\"}}],\"inLanguage\":\"fr-FR\"},{\"@type\":\"Organization\",\"@id\":\"https:\/\/lyonprivatetours.com\/fr\/#organization\",\"name\":\"Lyon Private Tours\",\"url\":\"https:\/\/lyonprivatetours.com\/fr\/\",\"logo\":{\"@type\":\"ImageObject\",\"inLanguage\":\"fr-FR\",\"@id\":\"https:\/\/lyonprivatetours.com\/fr\/#\/schema\/logo\/image\/\",\"url\":\"https:\/\/lyonprivatetours.com\/wp-content\/uploads\/2024\/02\/Lyon-Private-Tours-logo.jpg\",\"contentUrl\":\"https:\/\/lyonprivatetours.com\/wp-content\/uploads\/2024\/02\/Lyon-Private-Tours-logo.jpg\",\"width\":1080,\"height\":1080,\"caption\":\"Lyon Private Tours\"},\"image\":{\"@id\":\"https:\/\/lyonprivatetours.com\/fr\/#\/schema\/logo\/image\/\"}}]}<\/script>\n<!-- \/ Yoast SEO Premium plugin. -->","yoast_head_json":{"title":"Vienne - An Ancient Roman City - Lyon Private Tours","description":"Private tour to explore the old city of Vienne, where the romans ruins lies since centuries.","robots":{"index":"index","follow":"follow","max-snippet":"max-snippet:-1","max-image-preview":"max-image-preview:large","max-video-preview":"max-video-preview:-1"},"canonical":"https:\/\/lyonprivatetours.com\/fr\/produit\/vienne-an-ancient-roman-city\/","og_locale":"fr_FR","og_type":"article","og_title":"Vienne - An Ancient Roman City","og_description":"Private tour to explore the old city of Vienne, where the romans ruins lies since centuries.","og_url":"https:\/\/lyonprivatetours.com\/fr\/produit\/vienne-an-ancient-roman-city\/","og_site_name":"Lyon Private Tours","article_modified_time":"2025-02-26T14:32:05+00:00","og_image":[{"width":2560,"height":1920,"url":"https:\/\/lyonprivatetours.com\/wp-content\/uploads\/2019\/02\/IMG20231010102716-scaled.jpg","type":"image\/jpeg"}],"twitter_card":"summary_large_image","twitter_misc":{"Dur\u00e9e de lecture estim\u00e9e":"1 minute"},"schema":{"@context":"https:\/\/schema.org","@graph":[{"@type":"WebPage","@id":"https:\/\/lyonprivatetours.com\/product\/vienne-an-ancient-roman-city\/","url":"https:\/\/lyonprivatetours.com\/product\/vienne-an-ancient-roman-city\/","name":"Vienne - An Ancient Roman City - Lyon Private Tours","isPartOf":{"@id":"https:\/\/lyonprivatetours.com\/fr\/#website"},"primaryImageOfPage":{"@id":"https:\/\/lyonprivatetours.com\/product\/vienne-an-ancient-roman-city\/#primaryimage"},"image":{"@id":"https:\/\/lyonprivatetours.com\/product\/vienne-an-ancient-roman-city\/#primaryimage"},"thumbnailUrl":"https:\/\/lyonprivatetours.com\/wp-content\/uploads\/2019\/02\/IMG20231010102716-scaled.jpg","datePublished":"2024-04-11T16:09:16+00:00","dateModified":"2025-02-26T14:32:05+00:00","description":"Private tour to explore the old city of Vienne, where the romans ruins lies since centuries.","breadcrumb":{"@id":"https:\/\/lyonprivatetours.com\/product\/vienne-an-ancient-roman-city\/#breadcrumb"},"inLanguage":"fr-FR","potentialAction":[{"@type":"ReadAction","target":["https:\/\/lyonprivatetours.com\/product\/vienne-an-ancient-roman-city\/"]}]},{"@type":"ImageObject","inLanguage":"fr-FR","@id":"https:\/\/lyonprivatetours.com\/product\/vienne-an-ancient-roman-city\/#primaryimage","url":"https:\/\/lyonprivatetours.com\/wp-content\/uploads\/2019\/02\/IMG20231010102716-scaled.jpg","contentUrl":"https:\/\/lyonprivatetours.com\/wp-content\/uploads\/2019\/02\/IMG20231010102716-scaled.jpg","width":2560,"height":1920},{"@type":"BreadcrumbList","@id":"https:\/\/lyonprivatetours.com\/product\/vienne-an-ancient-roman-city\/#breadcrumb","itemListElement":[{"@type":"ListItem","position":1,"name":"Accueil","item":"https:\/\/lyonprivatetours.com\/fr\/"},{"@type":"ListItem","position":2,"name":"Book A Tour From Lyon","item":"https:\/\/lyonprivatetours.com\/shop\/"},{"@type":"ListItem","position":3,"name":"Vienne &#8211; An Ancient Roman City"}]},{"@type":"WebSite","@id":"https:\/\/lyonprivatetours.com\/fr\/#website","url":"https:\/\/lyonprivatetours.com\/fr\/","name":"Lyon Private Tours","description":"Tours From Lyon","publisher":{"@id":"https:\/\/lyonprivatetours.com\/fr\/#organization"},"potentialAction":[{"@type":"SearchAction","target":{"@type":"EntryPoint","urlTemplate":"https:\/\/lyonprivatetours.com\/fr\/?s={search_term_string}"},"query-input":{"@type":"PropertyValueSpecification","valueRequired":true,"valueName":"search_term_string"}}],"inLanguage":"fr-FR"},{"@type":"Organization","@id":"https:\/\/lyonprivatetours.com\/fr\/#organization","name":"Lyon Private Tours","url":"https:\/\/lyonprivatetours.com\/fr\/","logo":{"@type":"ImageObject","inLanguage":"fr-FR","@id":"https:\/\/lyonprivatetours.com\/fr\/#\/schema\/logo\/image\/","url":"https:\/\/lyonprivatetours.com\/wp-content\/uploads\/2024\/02\/Lyon-Private-Tours-logo.jpg","contentUrl":"https:\/\/lyonprivatetours.com\/wp-content\/uploads\/2024\/02\/Lyon-Private-Tours-logo.jpg","width":1080,"height":1080,"caption":"Lyon Private Tours"},"image":{"@id":"https:\/\/lyonprivatetours.com\/fr\/#\/schema\/logo\/image\/"}}]}},"_links":{"self":[{"href":"https:\/\/lyonprivatetours.com\/fr\/wp-json\/wp\/v2\/product\/7048","targetHints":{"allow":["GET"]}}],"collection":[{"href":"https:\/\/lyonprivatetours.com\/fr\/wp-json\/wp\/v2\/product"}],"about":[{"href":"https:\/\/lyonprivatetours.com\/fr\/wp-json\/wp\/v2\/types\/product"}],"replies":[{"embeddable":true,"href":"https:\/\/lyonprivatetours.com\/fr\/wp-json\/wp\/v2\/comments?post=7048"}],"wp:featuredmedia":[{"embeddable":true,"href":"https:\/\/lyonprivatetours.com\/fr\/wp-json\/wp\/v2\/media\/6248"}],"wp:attachment":[{"href":"https:\/\/lyonprivatetours.com\/fr\/wp-json\/wp\/v2\/media?parent=7048"}],"wp:term":[{"taxonomy":"product_brand","embeddable":true,"href":"https:\/\/lyonprivatetours.com\/fr\/wp-json\/wp\/v2\/product_brand?post=7048"},{"taxonomy":"product_cat","embeddable":true,"href":"https:\/\/lyonprivatetours.com\/fr\/wp-json\/wp\/v2\/product_cat?post=7048"},{"taxonomy":"product_tag","embeddable":true,"href":"https:\/\/lyonprivatetours.com\/fr\/wp-json\/wp\/v2\/product_tag?post=7048"}],"curies":[{"name":"wp","href":"https:\/\/api.w.org\/{rel}","templated":true}]}}