{"id":7224,"date":"2023-02-21T19:28:24","date_gmt":"2023-02-21T18:28:24","guid":{"rendered":"https:\/\/lyonprivatetours.com\/?post_type=product&#038;p=7224"},"modified":"2026-04-17T08:11:40","modified_gmt":"2026-04-17T06:11:40","slug":"silk-tour-lyon","status":"publish","type":"product","link":"https:\/\/lyonprivatetours.com\/fr\/product\/silk-tour-lyon\/","title":{"rendered":"Silk Tour of Lyon"},"content":{"rendered":"<p>A silk tour in Lyon offers a fascinating journey through the city&#8217;s rich history as a global silk-producing hub. Visitors explore the traboules\u2014hidden passageways once used by silk workers\u2014and learn about the intricate process of silk weaving at historical workshops. The tour highlights Lyon\u2019s legacy in the textile industry and offers a chance to discover beautifully preserved architectural gems tied to the city\u2019s silk heritage.<\/p>\n<table summary=\"Info\" cellspacing=\"0\">\n<tbody>\n<tr>\n<td>Dur\u00e9e<\/td>\n<td>3:00<\/td>\n<\/tr>\n<tr>\n<td>Les Participants<\/td>\n<td>Up to 10 people &#8211; <a href=\"https:\/\/lyonprivatetours.com\/fr\/contacts\/\">Demandez un devis pour plus de participants<\/a><\/td>\n<\/tr>\n<tr>\n<td>Langues<\/td>\n<td>Anglais \/ Fran\u00e7ais<br \/>\n<a href=\"https:\/\/lyonprivatetours.com\/fr\/contacts\/\">Autres langues disponibles sur demande<\/a><\/td>\n<\/tr>\n<\/tbody>\n<\/table>","protected":false},"excerpt":{"rendered":"<p>A silk tour in Lyon offers a fascinating journey through the city&#8217;s rich history as a global silk-producing hub. Visitors explore the traboules\u2014hidden passageways once used by silk workers\u2014and learn about the intricate process of silk weaving at historical workshops.&hellip;<\/p>","protected":false},"featured_media":7282,"comment_status":"open","ping_status":"closed","template":"","meta":{"rs_blank_template":"","rs_page_bg_color":"","slide_template_v7":""},"product_brand":[],"product_cat":[72],"product_tag":[],"class_list":{"0":"post-7224","1":"product","2":"type-product","3":"status-publish","4":"has-post-thumbnail","6":"product_cat-lyon","8":"first","9":"instock","10":"shipping-taxable","11":"purchasable","12":"product-type-appointment"},"exclude_global_add_ons":false,"addons":[{"name":"Pr\u00e9f\u00e9r\u00e9 tourn\u00e9e langue","type":"custom_text","position":0,"required":false,"title_format":"label","default":"","description_enable":false,"description":"","placeholder_enable":false,"placeholder":"","display":"select","restrictions_type":"any_text","adjust_price":false,"price":"","price_type":"flat_fee","restrictions":false,"min":"0","max":"0","options":[],"id":1740137006},{"name":"Nombre de personnes","type":"multiple_choice","position":1,"required":true,"title_format":"label","default":"","description_enable":false,"description":"","placeholder_enable":false,"placeholder":"","display":"select","restrictions_type":"any_text","adjust_price":false,"price":"","price_type":"flat_fee","restrictions":false,"min":"0","max":"0","options":[{"label":"1","price":"45","price_type":"flat_fee","image":0,"visibility":true},{"label":"2","price":"90","price_type":"flat_fee","image":0,"visibility":true},{"label":"3","price":"135","price_type":"flat_fee","image":0,"visibility":true},{"label":"4","price":"180","price_type":"flat_fee","image":0,"visibility":true},{"label":"5","price":"225","price_type":"flat_fee","image":0,"visibility":true},{"label":"6","price":"270","price_type":"flat_fee","image":0,"visibility":true},{"label":"7","price":"315","price_type":"flat_fee","image":0,"visibility":true},{"label":"8","price":"360","price_type":"flat_fee","image":0,"visibility":true},{"label":"9","price":"405","price_type":"flat_fee","image":0,"visibility":true},{"label":"10","price":"450","price_type":"flat_fee","image":0,"visibility":true}],"id":1740137007}],"yoast_head":"<!-- This site is optimized with the Yoast SEO Premium plugin v26.7 (Yoast SEO v27.4) - https:\/\/yoast.com\/product\/yoast-seo-premium-wordpress\/ -->\n<title>Silk Tour of Lyon - Lyon Private Tours<\/title>\n<meta name=\"description\" content=\"A silk tour in Lyon offers a fascinating journey through the city&#039;s rich history as a global silk-producing hub. Visitors explore the traboules\u2014hidden passageways once used by silk workers\u2014and learn about the intricate process of silk weaving at historical workshops. The tour highlights Lyon\u2019s legacy in the textile industry and offers a chance to discover beautifully preserved architectural gems tied to the city\u2019s silk heritage.\" \/>\n<meta name=\"robots\" content=\"index, follow, max-snippet:-1, max-image-preview:large, max-video-preview:-1\" \/>\n<link rel=\"canonical\" href=\"https:\/\/lyonprivatetours.com\/fr\/produit\/silk-tour-lyon\/\" \/>\n<meta property=\"og:locale\" content=\"fr_FR\" \/>\n<meta property=\"og:type\" content=\"article\" \/>\n<meta property=\"og:title\" content=\"Silk Tour of Lyon\" \/>\n<meta property=\"og:description\" content=\"A silk tour in Lyon offers a fascinating journey through the city&#039;s rich history as a global silk-producing hub. Visitors explore the traboules\u2014hidden passageways once used by silk workers\u2014and learn about the intricate process of silk weaving at historical workshops. The tour highlights Lyon\u2019s legacy in the textile industry and offers a chance to discover beautifully preserved architectural gems tied to the city\u2019s silk heritage.\" \/>\n<meta property=\"og:url\" content=\"https:\/\/lyonprivatetours.com\/fr\/produit\/silk-tour-lyon\/\" \/>\n<meta property=\"og:site_name\" content=\"Lyon Private Tours\" \/>\n<meta property=\"article:modified_time\" content=\"2026-04-17T06:11:40+00:00\" \/>\n<meta property=\"og:image\" content=\"https:\/\/lyonprivatetours.com\/wp-content\/uploads\/2025\/02\/WhatsApp-Image-2025-02-21-at-16.16.26-1.jpeg\" \/>\n\t<meta property=\"og:image:width\" content=\"2000\" \/>\n\t<meta property=\"og:image:height\" content=\"1500\" \/>\n\t<meta property=\"og:image:type\" content=\"image\/jpeg\" \/>\n<meta name=\"twitter:card\" content=\"summary_large_image\" \/>\n<meta name=\"twitter:label1\" content=\"Dur\u00e9e de lecture estim\u00e9e\" \/>\n\t<meta name=\"twitter:data1\" content=\"1 minute\" \/>\n<script type=\"application\/ld+json\" class=\"yoast-schema-graph\">{\"@context\":\"https:\\\/\\\/schema.org\",\"@graph\":[{\"@type\":\"WebPage\",\"@id\":\"https:\\\/\\\/lyonprivatetours.com\\\/product\\\/silk-tour-lyon\\\/\",\"url\":\"https:\\\/\\\/lyonprivatetours.com\\\/product\\\/silk-tour-lyon\\\/\",\"name\":\"Silk Tour of Lyon - Lyon Private Tours\",\"isPartOf\":{\"@id\":\"https:\\\/\\\/lyonprivatetours.com\\\/fr\\\/#website\"},\"primaryImageOfPage\":{\"@id\":\"https:\\\/\\\/lyonprivatetours.com\\\/product\\\/silk-tour-lyon\\\/#primaryimage\"},\"image\":{\"@id\":\"https:\\\/\\\/lyonprivatetours.com\\\/product\\\/silk-tour-lyon\\\/#primaryimage\"},\"thumbnailUrl\":\"https:\\\/\\\/lyonprivatetours.com\\\/wp-content\\\/uploads\\\/2025\\\/02\\\/WhatsApp-Image-2025-02-21-at-16.16.26-1.jpeg\",\"datePublished\":\"2023-02-21T18:28:24+00:00\",\"dateModified\":\"2026-04-17T06:11:40+00:00\",\"description\":\"A silk tour in Lyon offers a fascinating journey through the city's rich history as a global silk-producing hub. Visitors explore the traboules\u2014hidden passageways once used by silk workers\u2014and learn about the intricate process of silk weaving at historical workshops. The tour highlights Lyon\u2019s legacy in the textile industry and offers a chance to discover beautifully preserved architectural gems tied to the city\u2019s silk heritage.\",\"breadcrumb\":{\"@id\":\"https:\\\/\\\/lyonprivatetours.com\\\/product\\\/silk-tour-lyon\\\/#breadcrumb\"},\"inLanguage\":\"fr-FR\",\"potentialAction\":[{\"@type\":\"ReadAction\",\"target\":[\"https:\\\/\\\/lyonprivatetours.com\\\/product\\\/silk-tour-lyon\\\/\"]}]},{\"@type\":\"ImageObject\",\"inLanguage\":\"fr-FR\",\"@id\":\"https:\\\/\\\/lyonprivatetours.com\\\/product\\\/silk-tour-lyon\\\/#primaryimage\",\"url\":\"https:\\\/\\\/lyonprivatetours.com\\\/wp-content\\\/uploads\\\/2025\\\/02\\\/WhatsApp-Image-2025-02-21-at-16.16.26-1.jpeg\",\"contentUrl\":\"https:\\\/\\\/lyonprivatetours.com\\\/wp-content\\\/uploads\\\/2025\\\/02\\\/WhatsApp-Image-2025-02-21-at-16.16.26-1.jpeg\",\"width\":2000,\"height\":1500},{\"@type\":\"BreadcrumbList\",\"@id\":\"https:\\\/\\\/lyonprivatetours.com\\\/product\\\/silk-tour-lyon\\\/#breadcrumb\",\"itemListElement\":[{\"@type\":\"ListItem\",\"position\":1,\"name\":\"Accueil\",\"item\":\"https:\\\/\\\/lyonprivatetours.com\\\/fr\\\/\"},{\"@type\":\"ListItem\",\"position\":2,\"name\":\"Book A Tour From Lyon\",\"item\":\"https:\\\/\\\/lyonprivatetours.com\\\/shop\\\/\"},{\"@type\":\"ListItem\",\"position\":3,\"name\":\"Silk Tour of Lyon\"}]},{\"@type\":\"WebSite\",\"@id\":\"https:\\\/\\\/lyonprivatetours.com\\\/fr\\\/#website\",\"url\":\"https:\\\/\\\/lyonprivatetours.com\\\/fr\\\/\",\"name\":\"Lyon Private Tours\",\"description\":\"Tours From Lyon\",\"publisher\":{\"@id\":\"https:\\\/\\\/lyonprivatetours.com\\\/fr\\\/#organization\"},\"potentialAction\":[{\"@type\":\"SearchAction\",\"target\":{\"@type\":\"EntryPoint\",\"urlTemplate\":\"https:\\\/\\\/lyonprivatetours.com\\\/fr\\\/?s={search_term_string}\"},\"query-input\":{\"@type\":\"PropertyValueSpecification\",\"valueRequired\":true,\"valueName\":\"search_term_string\"}}],\"inLanguage\":\"fr-FR\"},{\"@type\":\"Organization\",\"@id\":\"https:\\\/\\\/lyonprivatetours.com\\\/fr\\\/#organization\",\"name\":\"Lyon Private Tours\",\"url\":\"https:\\\/\\\/lyonprivatetours.com\\\/fr\\\/\",\"logo\":{\"@type\":\"ImageObject\",\"inLanguage\":\"fr-FR\",\"@id\":\"https:\\\/\\\/lyonprivatetours.com\\\/fr\\\/#\\\/schema\\\/logo\\\/image\\\/\",\"url\":\"https:\\\/\\\/lyonprivatetours.com\\\/wp-content\\\/uploads\\\/2024\\\/02\\\/Lyon-Private-Tours-logo.jpg\",\"contentUrl\":\"https:\\\/\\\/lyonprivatetours.com\\\/wp-content\\\/uploads\\\/2024\\\/02\\\/Lyon-Private-Tours-logo.jpg\",\"width\":1080,\"height\":1080,\"caption\":\"Lyon Private Tours\"},\"image\":{\"@id\":\"https:\\\/\\\/lyonprivatetours.com\\\/fr\\\/#\\\/schema\\\/logo\\\/image\\\/\"}}]}<\/script>\n<!-- \/ Yoast SEO Premium plugin. -->","yoast_head_json":{"title":"Silk Tour of Lyon - Lyon Private Tours","description":"A silk tour in Lyon offers a fascinating journey through the city's rich history as a global silk-producing hub. Visitors explore the traboules\u2014hidden passageways once used by silk workers\u2014and learn about the intricate process of silk weaving at historical workshops. The tour highlights Lyon\u2019s legacy in the textile industry and offers a chance to discover beautifully preserved architectural gems tied to the city\u2019s silk heritage.","robots":{"index":"index","follow":"follow","max-snippet":"max-snippet:-1","max-image-preview":"max-image-preview:large","max-video-preview":"max-video-preview:-1"},"canonical":"https:\/\/lyonprivatetours.com\/fr\/produit\/silk-tour-lyon\/","og_locale":"fr_FR","og_type":"article","og_title":"Silk Tour of Lyon","og_description":"A silk tour in Lyon offers a fascinating journey through the city's rich history as a global silk-producing hub. Visitors explore the traboules\u2014hidden passageways once used by silk workers\u2014and learn about the intricate process of silk weaving at historical workshops. The tour highlights Lyon\u2019s legacy in the textile industry and offers a chance to discover beautifully preserved architectural gems tied to the city\u2019s silk heritage.","og_url":"https:\/\/lyonprivatetours.com\/fr\/produit\/silk-tour-lyon\/","og_site_name":"Lyon Private Tours","article_modified_time":"2026-04-17T06:11:40+00:00","og_image":[{"width":2000,"height":1500,"url":"https:\/\/lyonprivatetours.com\/wp-content\/uploads\/2025\/02\/WhatsApp-Image-2025-02-21-at-16.16.26-1.jpeg","type":"image\/jpeg"}],"twitter_card":"summary_large_image","twitter_misc":{"Dur\u00e9e de lecture estim\u00e9e":"1 minute"},"schema":{"@context":"https:\/\/schema.org","@graph":[{"@type":"WebPage","@id":"https:\/\/lyonprivatetours.com\/product\/silk-tour-lyon\/","url":"https:\/\/lyonprivatetours.com\/product\/silk-tour-lyon\/","name":"Silk Tour of Lyon - Lyon Private Tours","isPartOf":{"@id":"https:\/\/lyonprivatetours.com\/fr\/#website"},"primaryImageOfPage":{"@id":"https:\/\/lyonprivatetours.com\/product\/silk-tour-lyon\/#primaryimage"},"image":{"@id":"https:\/\/lyonprivatetours.com\/product\/silk-tour-lyon\/#primaryimage"},"thumbnailUrl":"https:\/\/lyonprivatetours.com\/wp-content\/uploads\/2025\/02\/WhatsApp-Image-2025-02-21-at-16.16.26-1.jpeg","datePublished":"2023-02-21T18:28:24+00:00","dateModified":"2026-04-17T06:11:40+00:00","description":"A silk tour in Lyon offers a fascinating journey through the city's rich history as a global silk-producing hub. Visitors explore the traboules\u2014hidden passageways once used by silk workers\u2014and learn about the intricate process of silk weaving at historical workshops. The tour highlights Lyon\u2019s legacy in the textile industry and offers a chance to discover beautifully preserved architectural gems tied to the city\u2019s silk heritage.","breadcrumb":{"@id":"https:\/\/lyonprivatetours.com\/product\/silk-tour-lyon\/#breadcrumb"},"inLanguage":"fr-FR","potentialAction":[{"@type":"ReadAction","target":["https:\/\/lyonprivatetours.com\/product\/silk-tour-lyon\/"]}]},{"@type":"ImageObject","inLanguage":"fr-FR","@id":"https:\/\/lyonprivatetours.com\/product\/silk-tour-lyon\/#primaryimage","url":"https:\/\/lyonprivatetours.com\/wp-content\/uploads\/2025\/02\/WhatsApp-Image-2025-02-21-at-16.16.26-1.jpeg","contentUrl":"https:\/\/lyonprivatetours.com\/wp-content\/uploads\/2025\/02\/WhatsApp-Image-2025-02-21-at-16.16.26-1.jpeg","width":2000,"height":1500},{"@type":"BreadcrumbList","@id":"https:\/\/lyonprivatetours.com\/product\/silk-tour-lyon\/#breadcrumb","itemListElement":[{"@type":"ListItem","position":1,"name":"Accueil","item":"https:\/\/lyonprivatetours.com\/fr\/"},{"@type":"ListItem","position":2,"name":"Book A Tour From Lyon","item":"https:\/\/lyonprivatetours.com\/shop\/"},{"@type":"ListItem","position":3,"name":"Silk Tour of Lyon"}]},{"@type":"WebSite","@id":"https:\/\/lyonprivatetours.com\/fr\/#website","url":"https:\/\/lyonprivatetours.com\/fr\/","name":"Lyon Private Tours","description":"Tours From Lyon","publisher":{"@id":"https:\/\/lyonprivatetours.com\/fr\/#organization"},"potentialAction":[{"@type":"SearchAction","target":{"@type":"EntryPoint","urlTemplate":"https:\/\/lyonprivatetours.com\/fr\/?s={search_term_string}"},"query-input":{"@type":"PropertyValueSpecification","valueRequired":true,"valueName":"search_term_string"}}],"inLanguage":"fr-FR"},{"@type":"Organization","@id":"https:\/\/lyonprivatetours.com\/fr\/#organization","name":"Lyon Private Tours","url":"https:\/\/lyonprivatetours.com\/fr\/","logo":{"@type":"ImageObject","inLanguage":"fr-FR","@id":"https:\/\/lyonprivatetours.com\/fr\/#\/schema\/logo\/image\/","url":"https:\/\/lyonprivatetours.com\/wp-content\/uploads\/2024\/02\/Lyon-Private-Tours-logo.jpg","contentUrl":"https:\/\/lyonprivatetours.com\/wp-content\/uploads\/2024\/02\/Lyon-Private-Tours-logo.jpg","width":1080,"height":1080,"caption":"Lyon Private Tours"},"image":{"@id":"https:\/\/lyonprivatetours.com\/fr\/#\/schema\/logo\/image\/"}}]}},"_links":{"self":[{"href":"https:\/\/lyonprivatetours.com\/fr\/wp-json\/wp\/v2\/product\/7224","targetHints":{"allow":["GET"]}}],"collection":[{"href":"https:\/\/lyonprivatetours.com\/fr\/wp-json\/wp\/v2\/product"}],"about":[{"href":"https:\/\/lyonprivatetours.com\/fr\/wp-json\/wp\/v2\/types\/product"}],"replies":[{"embeddable":true,"href":"https:\/\/lyonprivatetours.com\/fr\/wp-json\/wp\/v2\/comments?post=7224"}],"wp:featuredmedia":[{"embeddable":true,"href":"https:\/\/lyonprivatetours.com\/fr\/wp-json\/wp\/v2\/media\/7282"}],"wp:attachment":[{"href":"https:\/\/lyonprivatetours.com\/fr\/wp-json\/wp\/v2\/media?parent=7224"}],"wp:term":[{"taxonomy":"product_brand","embeddable":true,"href":"https:\/\/lyonprivatetours.com\/fr\/wp-json\/wp\/v2\/product_brand?post=7224"},{"taxonomy":"product_cat","embeddable":true,"href":"https:\/\/lyonprivatetours.com\/fr\/wp-json\/wp\/v2\/product_cat?post=7224"},{"taxonomy":"product_tag","embeddable":true,"href":"https:\/\/lyonprivatetours.com\/fr\/wp-json\/wp\/v2\/product_tag?post=7224"}],"curies":[{"name":"wp","href":"https:\/\/api.w.org\/{rel}","templated":true}]}}