{"id":7371,"date":"2025-02-25T10:50:16","date_gmt":"2025-02-25T09:50:16","guid":{"rendered":"https:\/\/lyonprivatetours.com\/?post_type=product&#038;p=7371"},"modified":"2026-01-16T18:03:26","modified_gmt":"2026-01-16T17:03:26","slug":"burgundy-cotes-de-beaune-cotes-de-nuits-full-day","status":"publish","type":"product","link":"https:\/\/lyonprivatetours.com\/fr\/product\/burgundy-cotes-de-beaune-cotes-de-nuits-full-day\/","title":{"rendered":"Burgundy C\u00f4tes de Beaune &#038; C\u00f4tes de Nuits &#8211; Full Day"},"content":{"rendered":"<div class=\"short-description\">\n<div class=\"std\">\n<div class=\"short-description\">\n<div class=\"std\">\n<div class=\"elementor-element elementor-element-766d50c5 animated-slow animation_type_block sc_fly_static elementor-widget elementor-widget-text-editor trx_addons_parallax_layers_inited trx_addons_parallax_blocks_inited animated fadeIn\" data-id=\"766d50c5\" data-element_type=\"widget\" data-settings=\"{&quot;_animation&quot;:&quot;fadeIn&quot;}\" data-widget_type=\"text-editor.default\">\n<div class=\"elementor-widget-container\">\n<div class=\"short-description\">\n<div class=\"std\">\n<div class=\"elementor-element elementor-element-160270c9 sc_fly_static elementor-widget elementor-widget-text-editor trx_addons_parallax_layers_inited trx_addons_parallax_blocks_inited\" data-id=\"160270c9\" data-element_type=\"widget\" data-widget_type=\"text-editor.default\">\n<div class=\"elementor-widget-container\">\n<p>Spend a full day immersed in the renowned vineyards of C\u00f4tes de Beaune and C\u00f4tes de Nuits, where you\u2019ll explore the heart of Burgundy\u2019s prestigious wine regions. Visit celebrated wineries tasting exceptional Pinot Noir and Chardonnay wines. Along the way, soak in the stunning landscapes of rolling hills and vineyards, while learning about the rich history and craftsmanship behind some of the world\u2019s finest wines.<\/p>\n<\/div>\n<\/div>\n<p>&nbsp;<\/p>\n<\/div>\n<\/div>\n<\/div>\n<\/div>\n<\/div>\n<\/div>\n<\/div>\n<\/div>\n<table summary=\"Info\" cellspacing=\"0\">\n<tbody>\n<tr>\n<td>Inclus<\/td>\n<td>Visite guid\u00e9e avec un guide-conf\u00e9rencier<\/td>\n<\/tr>\n<tr>\n<td>Dur\u00e9e<\/td>\n<td>9:00<\/td>\n<\/tr>\n<tr>\n<td>Les Participants<\/td>\n<td>Up to 6 people<\/p>\n<p><a href=\"https:\/\/lyonprivatetours.com\/fr\/contacts\/\">Demandez un devis pour plus de participants<\/a><\/td>\n<\/tr>\n<tr>\n<td>Langues<\/td>\n<td>Anglais \/ Fran\u00e7ais<br \/>\n<a href=\"https:\/\/lyonprivatetours.com\/fr\/contacts\/\">Contactez-nous si vous souhaitez un autre language<\/a><\/td>\n<\/tr>\n<tr>\n<td>V\u00e9hicule<\/td>\n<td>7 Seats Peugeot 5008 Allure Hybrid\u00a0 &#8211; <a href=\"https:\/\/lyonprivatetours.com\/fr\/contacts\/\">Besoin d'un plus grand v\u00e9hicule ? Demandez-nous un devis<\/a><\/td>\n<\/tr>\n<\/tbody>\n<\/table>","protected":false},"excerpt":{"rendered":"<p><strong>Up to 6 people &#8211; 70\u20ac\/person for the wine tastings<\/strong><\/p>\n<p>Enjoy a full day in Burgundy\u2019s C\u00f4tes de Beaune and C\u00f4tes de Nuits, tasting exceptional Pinot Noir and Chardonnay while exploring historic wineries and breathtaking vineyard landscapes.<\/p>\n<table>\n<tbody>\n<tr>\n<td>V\u00e9hicule<\/td>\n<td>7 Seats Peugeot 5008 Allure Hybrid &#8211; <a href=\"https:\/\/lyonprivatetours.com\/fr\/contacts\/\">Besoin d'un plus grand v\u00e9hicule ? Demandez-nous un devis<\/a><\/td>\n<\/tr>\n<\/tbody>\n<\/table>","protected":false},"featured_media":7373,"comment_status":"open","ping_status":"closed","template":"","meta":{"rs_blank_template":"","rs_page_bg_color":"","slide_template_v7":""},"product_brand":[],"product_cat":[84,77],"product_tag":[],"class_list":{"0":"post-7371","1":"product","2":"type-product","3":"status-publish","4":"has-post-thumbnail","6":"product_cat-burgundy","7":"product_cat-wine-tour","9":"first","10":"instock","11":"virtual","12":"purchasable","13":"product-type-appointment"},"exclude_global_add_ons":false,"addons":[{"name":"Language pr\u00e9f\u00e9r\u00e9","type":"custom_text","position":0,"required":false,"title_format":"label","default":"","description_enable":false,"description":"","placeholder_enable":false,"placeholder":"","display":"select","restrictions_type":"any_text","adjust_price":false,"price":"","price_type":"flat_fee","restrictions":false,"min":"0","max":"0","options":[],"id":1713791631},{"name":"Nombre de personnes","type":"multiple_choice","position":1,"required":true,"title_format":"label","default":"","description_enable":true,"description":"<b><a href=\"https:\/\/lyonprivatetours.com\/fr\/contacts\/\">Demandez un devis pour plus de participants<\/a><\/b>","placeholder_enable":false,"placeholder":"","display":"select","restrictions_type":"any_text","adjust_price":false,"price":"","price_type":"flat_fee","restrictions":false,"min":"0","max":"0","options":[{"label":"1","price":"70","price_type":"flat_fee","image":0,"visibility":true},{"label":"2","price":"140","price_type":"flat_fee","image":0,"visibility":true},{"label":"3","price":"210","price_type":"flat_fee","image":0,"visibility":true},{"label":"4","price":"280","price_type":"flat_fee","image":0,"visibility":true},{"label":"5","price":"350","price_type":"flat_fee","image":0,"visibility":true},{"label":"6","price":"420","price_type":"flat_fee","image":0,"visibility":true}],"id":1713791632},{"name":"Please include your hotel or airbnb for pick up","type":"custom_text","position":2,"required":false,"title_format":"label","default":"","description_enable":false,"description":"","placeholder_enable":false,"placeholder":"","display":"select","restrictions_type":"any_text","adjust_price":false,"price":"","price_type":"flat_fee","restrictions":false,"min":"0","max":"0","options":[],"id":1717685237}],"yoast_head":"<!-- This site is optimized with the Yoast SEO Premium plugin v26.7 (Yoast SEO v27.4) - https:\/\/yoast.com\/product\/yoast-seo-premium-wordpress\/ -->\n<title>Burgundy C\u00f4tes de Beaune &amp; C\u00f4tes de Nuits - Full Day - Lyon Private Tours<\/title>\n<meta name=\"description\" content=\"Enjoy a full day in Burgundy\u2019s C\u00f4tes de Beaune and C\u00f4tes de Nuits, tasting exceptional Pinot Noir and Chardonnay while exploring historic wineries and breathtaking vineyard landscapes.\" \/>\n<meta name=\"robots\" content=\"index, follow, max-snippet:-1, max-image-preview:large, max-video-preview:-1\" \/>\n<link rel=\"canonical\" href=\"https:\/\/lyonprivatetours.com\/fr\/produit\/burgundy-cotes-de-beaune-cotes-de-nuits-full-day\/\" \/>\n<meta property=\"og:locale\" content=\"fr_FR\" \/>\n<meta property=\"og:type\" content=\"article\" \/>\n<meta property=\"og:title\" content=\"Burgundy C\u00f4tes de Beaune &amp; C\u00f4tes de Nuits - Full Day\" \/>\n<meta property=\"og:description\" content=\"Enjoy a full day in Burgundy\u2019s C\u00f4tes de Beaune and C\u00f4tes de Nuits, tasting exceptional Pinot Noir and Chardonnay while exploring historic wineries and breathtaking vineyard landscapes.\" \/>\n<meta property=\"og:url\" content=\"https:\/\/lyonprivatetours.com\/fr\/produit\/burgundy-cotes-de-beaune-cotes-de-nuits-full-day\/\" \/>\n<meta property=\"og:site_name\" content=\"Lyon Private Tours\" \/>\n<meta property=\"article:modified_time\" content=\"2026-01-16T17:03:26+00:00\" \/>\n<meta property=\"og:image\" content=\"https:\/\/lyonprivatetours.com\/wp-content\/uploads\/2025\/02\/pexels-stefanstefancik-93826-scaled.jpg\" \/>\n\t<meta property=\"og:image:width\" content=\"2560\" \/>\n\t<meta property=\"og:image:height\" content=\"1704\" \/>\n\t<meta property=\"og:image:type\" content=\"image\/jpeg\" \/>\n<meta name=\"twitter:card\" content=\"summary_large_image\" \/>\n<meta name=\"twitter:label1\" content=\"Dur\u00e9e de lecture estim\u00e9e\" \/>\n\t<meta name=\"twitter:data1\" content=\"1 minute\" \/>\n<script type=\"application\/ld+json\" class=\"yoast-schema-graph\">{\"@context\":\"https:\\\/\\\/schema.org\",\"@graph\":[{\"@type\":\"WebPage\",\"@id\":\"https:\\\/\\\/lyonprivatetours.com\\\/product\\\/burgundy-cotes-de-beaune-cotes-de-nuits-full-day\\\/\",\"url\":\"https:\\\/\\\/lyonprivatetours.com\\\/product\\\/burgundy-cotes-de-beaune-cotes-de-nuits-full-day\\\/\",\"name\":\"Burgundy C\u00f4tes de Beaune & C\u00f4tes de Nuits - Full Day - Lyon Private Tours\",\"isPartOf\":{\"@id\":\"https:\\\/\\\/lyonprivatetours.com\\\/fr\\\/#website\"},\"primaryImageOfPage\":{\"@id\":\"https:\\\/\\\/lyonprivatetours.com\\\/product\\\/burgundy-cotes-de-beaune-cotes-de-nuits-full-day\\\/#primaryimage\"},\"image\":{\"@id\":\"https:\\\/\\\/lyonprivatetours.com\\\/product\\\/burgundy-cotes-de-beaune-cotes-de-nuits-full-day\\\/#primaryimage\"},\"thumbnailUrl\":\"https:\\\/\\\/lyonprivatetours.com\\\/wp-content\\\/uploads\\\/2025\\\/02\\\/pexels-stefanstefancik-93826-scaled.jpg\",\"datePublished\":\"2025-02-25T09:50:16+00:00\",\"dateModified\":\"2026-01-16T17:03:26+00:00\",\"description\":\"Enjoy a full day in Burgundy\u2019s C\u00f4tes de Beaune and C\u00f4tes de Nuits, tasting exceptional Pinot Noir and Chardonnay while exploring historic wineries and breathtaking vineyard landscapes.\",\"breadcrumb\":{\"@id\":\"https:\\\/\\\/lyonprivatetours.com\\\/product\\\/burgundy-cotes-de-beaune-cotes-de-nuits-full-day\\\/#breadcrumb\"},\"inLanguage\":\"fr-FR\",\"potentialAction\":[{\"@type\":\"ReadAction\",\"target\":[\"https:\\\/\\\/lyonprivatetours.com\\\/product\\\/burgundy-cotes-de-beaune-cotes-de-nuits-full-day\\\/\"]}]},{\"@type\":\"ImageObject\",\"inLanguage\":\"fr-FR\",\"@id\":\"https:\\\/\\\/lyonprivatetours.com\\\/product\\\/burgundy-cotes-de-beaune-cotes-de-nuits-full-day\\\/#primaryimage\",\"url\":\"https:\\\/\\\/lyonprivatetours.com\\\/wp-content\\\/uploads\\\/2025\\\/02\\\/pexels-stefanstefancik-93826-scaled.jpg\",\"contentUrl\":\"https:\\\/\\\/lyonprivatetours.com\\\/wp-content\\\/uploads\\\/2025\\\/02\\\/pexels-stefanstefancik-93826-scaled.jpg\",\"width\":2560,\"height\":1704},{\"@type\":\"BreadcrumbList\",\"@id\":\"https:\\\/\\\/lyonprivatetours.com\\\/product\\\/burgundy-cotes-de-beaune-cotes-de-nuits-full-day\\\/#breadcrumb\",\"itemListElement\":[{\"@type\":\"ListItem\",\"position\":1,\"name\":\"Accueil\",\"item\":\"https:\\\/\\\/lyonprivatetours.com\\\/fr\\\/\"},{\"@type\":\"ListItem\",\"position\":2,\"name\":\"Book A Tour From Lyon\",\"item\":\"https:\\\/\\\/lyonprivatetours.com\\\/shop\\\/\"},{\"@type\":\"ListItem\",\"position\":3,\"name\":\"Burgundy C\u00f4tes de Beaune &#038; C\u00f4tes de Nuits &#8211; Full Day\"}]},{\"@type\":\"WebSite\",\"@id\":\"https:\\\/\\\/lyonprivatetours.com\\\/fr\\\/#website\",\"url\":\"https:\\\/\\\/lyonprivatetours.com\\\/fr\\\/\",\"name\":\"Lyon Private Tours\",\"description\":\"Tours From Lyon\",\"publisher\":{\"@id\":\"https:\\\/\\\/lyonprivatetours.com\\\/fr\\\/#organization\"},\"potentialAction\":[{\"@type\":\"SearchAction\",\"target\":{\"@type\":\"EntryPoint\",\"urlTemplate\":\"https:\\\/\\\/lyonprivatetours.com\\\/fr\\\/?s={search_term_string}\"},\"query-input\":{\"@type\":\"PropertyValueSpecification\",\"valueRequired\":true,\"valueName\":\"search_term_string\"}}],\"inLanguage\":\"fr-FR\"},{\"@type\":\"Organization\",\"@id\":\"https:\\\/\\\/lyonprivatetours.com\\\/fr\\\/#organization\",\"name\":\"Lyon Private Tours\",\"url\":\"https:\\\/\\\/lyonprivatetours.com\\\/fr\\\/\",\"logo\":{\"@type\":\"ImageObject\",\"inLanguage\":\"fr-FR\",\"@id\":\"https:\\\/\\\/lyonprivatetours.com\\\/fr\\\/#\\\/schema\\\/logo\\\/image\\\/\",\"url\":\"https:\\\/\\\/lyonprivatetours.com\\\/wp-content\\\/uploads\\\/2024\\\/02\\\/Lyon-Private-Tours-logo.jpg\",\"contentUrl\":\"https:\\\/\\\/lyonprivatetours.com\\\/wp-content\\\/uploads\\\/2024\\\/02\\\/Lyon-Private-Tours-logo.jpg\",\"width\":1080,\"height\":1080,\"caption\":\"Lyon Private Tours\"},\"image\":{\"@id\":\"https:\\\/\\\/lyonprivatetours.com\\\/fr\\\/#\\\/schema\\\/logo\\\/image\\\/\"}}]}<\/script>\n<!-- \/ Yoast SEO Premium plugin. -->","yoast_head_json":{"title":"Burgundy C\u00f4tes de Beaune & C\u00f4tes de Nuits - Full Day - Lyon Private Tours","description":"Enjoy a full day in Burgundy\u2019s C\u00f4tes de Beaune and C\u00f4tes de Nuits, tasting exceptional Pinot Noir and Chardonnay while exploring historic wineries and breathtaking vineyard landscapes.","robots":{"index":"index","follow":"follow","max-snippet":"max-snippet:-1","max-image-preview":"max-image-preview:large","max-video-preview":"max-video-preview:-1"},"canonical":"https:\/\/lyonprivatetours.com\/fr\/produit\/burgundy-cotes-de-beaune-cotes-de-nuits-full-day\/","og_locale":"fr_FR","og_type":"article","og_title":"Burgundy C\u00f4tes de Beaune & C\u00f4tes de Nuits - Full Day","og_description":"Enjoy a full day in Burgundy\u2019s C\u00f4tes de Beaune and C\u00f4tes de Nuits, tasting exceptional Pinot Noir and Chardonnay while exploring historic wineries and breathtaking vineyard landscapes.","og_url":"https:\/\/lyonprivatetours.com\/fr\/produit\/burgundy-cotes-de-beaune-cotes-de-nuits-full-day\/","og_site_name":"Lyon Private Tours","article_modified_time":"2026-01-16T17:03:26+00:00","og_image":[{"width":2560,"height":1704,"url":"https:\/\/lyonprivatetours.com\/wp-content\/uploads\/2025\/02\/pexels-stefanstefancik-93826-scaled.jpg","type":"image\/jpeg"}],"twitter_card":"summary_large_image","twitter_misc":{"Dur\u00e9e de lecture estim\u00e9e":"1 minute"},"schema":{"@context":"https:\/\/schema.org","@graph":[{"@type":"WebPage","@id":"https:\/\/lyonprivatetours.com\/product\/burgundy-cotes-de-beaune-cotes-de-nuits-full-day\/","url":"https:\/\/lyonprivatetours.com\/product\/burgundy-cotes-de-beaune-cotes-de-nuits-full-day\/","name":"Burgundy C\u00f4tes de Beaune & C\u00f4tes de Nuits - Full Day - Lyon Private Tours","isPartOf":{"@id":"https:\/\/lyonprivatetours.com\/fr\/#website"},"primaryImageOfPage":{"@id":"https:\/\/lyonprivatetours.com\/product\/burgundy-cotes-de-beaune-cotes-de-nuits-full-day\/#primaryimage"},"image":{"@id":"https:\/\/lyonprivatetours.com\/product\/burgundy-cotes-de-beaune-cotes-de-nuits-full-day\/#primaryimage"},"thumbnailUrl":"https:\/\/lyonprivatetours.com\/wp-content\/uploads\/2025\/02\/pexels-stefanstefancik-93826-scaled.jpg","datePublished":"2025-02-25T09:50:16+00:00","dateModified":"2026-01-16T17:03:26+00:00","description":"Enjoy a full day in Burgundy\u2019s C\u00f4tes de Beaune and C\u00f4tes de Nuits, tasting exceptional Pinot Noir and Chardonnay while exploring historic wineries and breathtaking vineyard landscapes.","breadcrumb":{"@id":"https:\/\/lyonprivatetours.com\/product\/burgundy-cotes-de-beaune-cotes-de-nuits-full-day\/#breadcrumb"},"inLanguage":"fr-FR","potentialAction":[{"@type":"ReadAction","target":["https:\/\/lyonprivatetours.com\/product\/burgundy-cotes-de-beaune-cotes-de-nuits-full-day\/"]}]},{"@type":"ImageObject","inLanguage":"fr-FR","@id":"https:\/\/lyonprivatetours.com\/product\/burgundy-cotes-de-beaune-cotes-de-nuits-full-day\/#primaryimage","url":"https:\/\/lyonprivatetours.com\/wp-content\/uploads\/2025\/02\/pexels-stefanstefancik-93826-scaled.jpg","contentUrl":"https:\/\/lyonprivatetours.com\/wp-content\/uploads\/2025\/02\/pexels-stefanstefancik-93826-scaled.jpg","width":2560,"height":1704},{"@type":"BreadcrumbList","@id":"https:\/\/lyonprivatetours.com\/product\/burgundy-cotes-de-beaune-cotes-de-nuits-full-day\/#breadcrumb","itemListElement":[{"@type":"ListItem","position":1,"name":"Accueil","item":"https:\/\/lyonprivatetours.com\/fr\/"},{"@type":"ListItem","position":2,"name":"Book A Tour From Lyon","item":"https:\/\/lyonprivatetours.com\/shop\/"},{"@type":"ListItem","position":3,"name":"Burgundy C\u00f4tes de Beaune &#038; C\u00f4tes de Nuits &#8211; Full Day"}]},{"@type":"WebSite","@id":"https:\/\/lyonprivatetours.com\/fr\/#website","url":"https:\/\/lyonprivatetours.com\/fr\/","name":"Lyon Private Tours","description":"Tours From Lyon","publisher":{"@id":"https:\/\/lyonprivatetours.com\/fr\/#organization"},"potentialAction":[{"@type":"SearchAction","target":{"@type":"EntryPoint","urlTemplate":"https:\/\/lyonprivatetours.com\/fr\/?s={search_term_string}"},"query-input":{"@type":"PropertyValueSpecification","valueRequired":true,"valueName":"search_term_string"}}],"inLanguage":"fr-FR"},{"@type":"Organization","@id":"https:\/\/lyonprivatetours.com\/fr\/#organization","name":"Lyon Private Tours","url":"https:\/\/lyonprivatetours.com\/fr\/","logo":{"@type":"ImageObject","inLanguage":"fr-FR","@id":"https:\/\/lyonprivatetours.com\/fr\/#\/schema\/logo\/image\/","url":"https:\/\/lyonprivatetours.com\/wp-content\/uploads\/2024\/02\/Lyon-Private-Tours-logo.jpg","contentUrl":"https:\/\/lyonprivatetours.com\/wp-content\/uploads\/2024\/02\/Lyon-Private-Tours-logo.jpg","width":1080,"height":1080,"caption":"Lyon Private Tours"},"image":{"@id":"https:\/\/lyonprivatetours.com\/fr\/#\/schema\/logo\/image\/"}}]}},"_links":{"self":[{"href":"https:\/\/lyonprivatetours.com\/fr\/wp-json\/wp\/v2\/product\/7371","targetHints":{"allow":["GET"]}}],"collection":[{"href":"https:\/\/lyonprivatetours.com\/fr\/wp-json\/wp\/v2\/product"}],"about":[{"href":"https:\/\/lyonprivatetours.com\/fr\/wp-json\/wp\/v2\/types\/product"}],"replies":[{"embeddable":true,"href":"https:\/\/lyonprivatetours.com\/fr\/wp-json\/wp\/v2\/comments?post=7371"}],"wp:featuredmedia":[{"embeddable":true,"href":"https:\/\/lyonprivatetours.com\/fr\/wp-json\/wp\/v2\/media\/7373"}],"wp:attachment":[{"href":"https:\/\/lyonprivatetours.com\/fr\/wp-json\/wp\/v2\/media?parent=7371"}],"wp:term":[{"taxonomy":"product_brand","embeddable":true,"href":"https:\/\/lyonprivatetours.com\/fr\/wp-json\/wp\/v2\/product_brand?post=7371"},{"taxonomy":"product_cat","embeddable":true,"href":"https:\/\/lyonprivatetours.com\/fr\/wp-json\/wp\/v2\/product_cat?post=7371"},{"taxonomy":"product_tag","embeddable":true,"href":"https:\/\/lyonprivatetours.com\/fr\/wp-json\/wp\/v2\/product_tag?post=7371"}],"curies":[{"name":"wp","href":"https:\/\/api.w.org\/{rel}","templated":true}]}}